{"id":2233,"date":"2026-03-05T10:12:37","date_gmt":"2026-03-05T08:12:37","guid":{"rendered":"https:\/\/pixmill.ee\/messilahendused-2\/"},"modified":"2026-03-06T08:47:29","modified_gmt":"2026-03-06T06:47:29","slug":"messuratkaisut","status":"publish","type":"page","link":"https:\/\/pixmill.ee\/fi\/messuratkaisut\/","title":{"rendered":"Messuratkaisut"},"content":{"rendered":"<div class=\"ama-block block-txtmedia\"><div class=\"block__body\"><div class=\"body__content\"><div class=\"inner\">\n\n<p class=\"has-medium-font-size wp-el\"><strong>Pixmillin p\u00e4\u00e4asiakkaat ovat messut ja messukeskukset.<\/strong><\/p>\n\n\n\n<p class=\"wp-el\">Meill\u00e4 on pitk\u00e4 kokemus erilaisten messupainotuotteiden valmistuksesta, ja olemme joka vuosi mukana messuilla Virossa, Suomessa sek\u00e4 muissa maissa.<\/p>\n\n\n\n<p class=\"wp-el\">Laadun varmistamiseksi tuotannossamme on k\u00e4yt\u00f6ss\u00e4 BeMatrix-kehykset, joiden avulla voimme asentaa ja tarkistaa painotuotteet ennen l\u00e4hett\u00e4mist\u00e4. Lis\u00e4ksi tarjoamme silikonin (SEG) ompelua tekstiileille, jota k\u00e4ytet\u00e4\u00e4n laajasti valobokseissa ja kehysrakenteisissa messuratkaisuissa.<\/p>\n\n\n\n<p class=\"wp-el\">Tutustu toteuttamiimme t\u00f6ihin ja ratkaisuihin<\/p>\n\n\n\n<div class=\"wp-block-buttons is-layout-flex wp-block-buttons-is-layout-flex\">\n<div class=\"wp-block-button\"><a class=\"wp-block-button__link wp-element-button\" href=\"https:\/\/pixmill.ee\/fi\/toteutetut-tyot\/\">Toteutetut ty\u00f6t<\/a><\/div>\n<\/div>\n\n<\/div><\/div><div class=\"body__media\"><div class=\"splide ama_light_gallery_block\" data-splide={\"type\":\"fade\",\"pagination\":false}><div class=\"splide__track\"><ul class=\"splide__list\"><li class=\"splide__slide\"><a class=\"txtmedia-slide\" href=\"https:\/\/pixmill.ee\/wp-content\/uploads\/2026\/03\/Layout-EHL-1170x956.jpeg\" data-poster=\"https:\/\/pixmill.ee\/wp-content\/uploads\/2026\/03\/Layout-EHL-120x120.jpeg\"><img decoding=\"async\" width=\"570\" height=\"640\" src=\"https:\/\/pixmill.ee\/wp-content\/uploads\/bis-images\/1507\/Layout-EHL-570x640-f50_50.jpeg\" class=\"attachment-570x640\" alt=\"Tilaaja Layout O\u00dc\" loading=\"lazy\" srcset=\"https:\/\/pixmill.ee\/wp-content\/uploads\/bis-images\/1507\/Layout-EHL-570x640-f50_50.jpeg 1x, https:\/\/pixmill.ee\/wp-content\/uploads\/bis-images\/1507\/Layout-EHL-1140x1280-f50_50.jpeg 2x\" \/><span class=\"txtmedia-caption\">Tilaaja Layout O\u00dc<\/span><\/a><\/li><li class=\"splide__slide\"><a class=\"txtmedia-slide\" href=\"https:\/\/pixmill.ee\/wp-content\/uploads\/2026\/03\/Layout-Tag-1170x961.jpeg\" data-poster=\"https:\/\/pixmill.ee\/wp-content\/uploads\/2026\/03\/Layout-Tag-120x120.jpeg\"><img decoding=\"async\" width=\"570\" height=\"640\" src=\"https:\/\/pixmill.ee\/wp-content\/uploads\/bis-images\/1535\/Layout-Tag-570x640-f50_50.jpeg\" class=\"attachment-570x640\" alt=\"Tilaaja Layout O\u00dc\" loading=\"lazy\" srcset=\"https:\/\/pixmill.ee\/wp-content\/uploads\/bis-images\/1535\/Layout-Tag-570x640-f50_50.jpeg 1x, https:\/\/pixmill.ee\/wp-content\/uploads\/bis-images\/1535\/Layout-Tag-1140x1280-f50_50.jpeg 2x\" \/><span class=\"txtmedia-caption\">Tilaaja Layout O\u00dc<\/span><\/a><\/li><li class=\"splide__slide\"><a class=\"txtmedia-slide\" href=\"https:\/\/pixmill.ee\/wp-content\/uploads\/2026\/03\/Layout-Rotork-1170x966.jpeg\" data-poster=\"https:\/\/pixmill.ee\/wp-content\/uploads\/2026\/03\/Layout-Rotork-120x120.jpeg\"><img decoding=\"async\" width=\"570\" height=\"640\" src=\"https:\/\/pixmill.ee\/wp-content\/uploads\/bis-images\/1508\/Layout-Rotork-570x640-f50_50.jpeg\" class=\"attachment-570x640\" alt=\"Tilaaja Layout O\u00dc\" loading=\"lazy\" srcset=\"https:\/\/pixmill.ee\/wp-content\/uploads\/bis-images\/1508\/Layout-Rotork-570x640-f50_50.jpeg 1x, https:\/\/pixmill.ee\/wp-content\/uploads\/bis-images\/1508\/Layout-Rotork-1140x1280-f50_50.jpeg 2x\" \/><span class=\"txtmedia-caption\">Tilaaja Layout O\u00dc<\/span><\/a><\/li><\/ul><\/div><div class=\"splide__arrows\"><button class=\"splide__arrow splide__arrow--prev\"><svg width=\"24\" height=\"24\" viewBox=\"0 0 24 24\" fill=\"none\" xmlns=\"http:\/\/www.w3.org\/2000\/svg\"><path d=\"M23.3262 0.275358C22.5957 -0.191775 21.5727 -0.0503309 21.041 0.591764L12.3125 11.1523C11.8954 11.6572 11.8954 12.3428 12.3125 12.8476L21.041 23.4082C21.5727 24.0502 22.5958 24.1917 23.3262 23.7246C24.0564 23.2569 24.2184 22.3558 23.6875 21.7129L15.6602 12L23.6875 2.28708C24.2184 1.64408 24.0564 0.743086 23.3262 0.275358Z\" fill=\"currentColor\"\/><path d=\"M11.3262 0.275358C10.5957 -0.191775 9.57273 -0.050331 9.04102 0.591764L0.312506 11.1523C-0.104615 11.6572 -0.104646 12.3428 0.312506 12.8476L9.04102 23.4082C9.57273 24.0502 10.5958 24.1917 11.3262 23.7246C12.0564 23.2569 12.2184 22.3558 11.6875 21.7129L3.66016 12L11.6875 2.28708C12.2184 1.64408 12.0564 0.743086 11.3262 0.275358Z\" fill=\"currentColor\"\/><\/svg><\/button><button class=\"splide__arrow splide__arrow--next\"><svg width=\"24\" height=\"24\" viewBox=\"0 0 24 24\" fill=\"none\" xmlns=\"http:\/\/www.w3.org\/2000\/svg\"><path d=\"M0.673822 0.275358C1.40427 -0.191775 2.42727 -0.0503309 2.95898 0.591764L11.6875 11.1523C12.1046 11.6572 12.1046 12.3428 11.6875 12.8476L2.95898 23.4082C2.42727 24.0502 1.40425 24.1917 0.673822 23.7246C-0.0564207 23.2569 -0.218355 22.3558 0.312494 21.7129L8.33984 12L0.312494 2.28708C-0.218412 1.64408 -0.0564424 0.743086 0.673822 0.275358Z\" fill=\"currentColor\"\/><path d=\"M12.6738 0.275358C13.4043 -0.191775 14.4273 -0.050331 14.959 0.591764L23.6875 11.1523C24.1046 11.6572 24.1046 12.3428 23.6875 12.8476L14.959 23.4082C14.4273 24.0502 13.4042 24.1917 12.6738 23.7246C11.9436 23.2569 11.7816 22.3558 12.3125 21.7129L20.3398 12L12.3125 2.28708C11.7816 1.64408 11.9436 0.743086 12.6738 0.275358Z\" fill=\"currentColor\"\/><\/svg><\/button><\/div><\/div><\/div><\/div><\/div>\n\n<div class=\"ama-block block-gallery\"><div class=\"block__body ama_light_gallery_block\"><div class=\"grid-sizer\"><\/div><div class=\"gutter-sizer\"><\/div><div class=\"gallery-item is-landscape\"><a href=\"https:\/\/pixmill.ee\/wp-content\/uploads\/2026\/02\/5259f094-1-1170x974.jpg\" data-poster=\"https:\/\/pixmill.ee\/wp-content\/uploads\/2026\/02\/5259f094-1-120x120.jpg\"><img decoding=\"async\" width=\"380\" height=\"240\" src=\"https:\/\/pixmill.ee\/wp-content\/uploads\/bis-images\/1254\/5259f094-1-380x240-f50_50.jpg\" class=\"attachment-380x240\" alt=\"5259f094-1\" loading=\"lazy\" srcset=\"https:\/\/pixmill.ee\/wp-content\/uploads\/bis-images\/1254\/5259f094-1-380x240-f50_50.jpg 1x, https:\/\/pixmill.ee\/wp-content\/uploads\/bis-images\/1254\/5259f094-1-760x480-f50_50.jpg 2x\" \/><\/a><\/div><div class=\"gallery-item is-landscape\"><a href=\"https:\/\/pixmill.ee\/wp-content\/uploads\/2026\/02\/5259f094-2-1170x974.jpg\" data-poster=\"https:\/\/pixmill.ee\/wp-content\/uploads\/2026\/02\/5259f094-2-120x120.jpg\"><img decoding=\"async\" width=\"380\" height=\"240\" src=\"https:\/\/pixmill.ee\/wp-content\/uploads\/bis-images\/1250\/5259f094-2-380x240-f50_50.jpg\" class=\"attachment-380x240\" alt=\"5259f094-2\" loading=\"lazy\" srcset=\"https:\/\/pixmill.ee\/wp-content\/uploads\/bis-images\/1250\/5259f094-2-380x240-f50_50.jpg 1x, https:\/\/pixmill.ee\/wp-content\/uploads\/bis-images\/1250\/5259f094-2-760x480-f50_50.jpg 2x\" \/><\/a><\/div><div class=\"gallery-item is-landscape\"><a href=\"https:\/\/pixmill.ee\/wp-content\/uploads\/2026\/02\/5259f094-3-1170x974.jpg\" data-poster=\"https:\/\/pixmill.ee\/wp-content\/uploads\/2026\/02\/5259f094-3-120x120.jpg\"><img decoding=\"async\" width=\"380\" height=\"240\" src=\"https:\/\/pixmill.ee\/wp-content\/uploads\/bis-images\/1246\/5259f094-3-380x240-f50_50.jpg\" class=\"attachment-380x240\" alt=\"5259f094-3\" loading=\"lazy\" srcset=\"https:\/\/pixmill.ee\/wp-content\/uploads\/bis-images\/1246\/5259f094-3-380x240-f50_50.jpg 1x, https:\/\/pixmill.ee\/wp-content\/uploads\/bis-images\/1246\/5259f094-3-760x480-f50_50.jpg 2x\" \/><\/a><\/div><div class=\"gallery-item is-landscape\"><a href=\"https:\/\/pixmill.ee\/wp-content\/uploads\/2026\/02\/5259f094-4-1170x974.jpg\" data-poster=\"https:\/\/pixmill.ee\/wp-content\/uploads\/2026\/02\/5259f094-4-120x120.jpg\"><img decoding=\"async\" width=\"380\" height=\"240\" src=\"https:\/\/pixmill.ee\/wp-content\/uploads\/bis-images\/1242\/5259f094-4-380x240-f50_50.jpg\" class=\"attachment-380x240\" alt=\"5259f094-4\" loading=\"lazy\" srcset=\"https:\/\/pixmill.ee\/wp-content\/uploads\/bis-images\/1242\/5259f094-4-380x240-f50_50.jpg 1x, https:\/\/pixmill.ee\/wp-content\/uploads\/bis-images\/1242\/5259f094-4-760x480-f50_50.jpg 2x\" \/><\/a><\/div><div class=\"gallery-item is-landscape\"><a href=\"https:\/\/pixmill.ee\/wp-content\/uploads\/2026\/02\/5259f094-5-1170x974.jpg\" data-poster=\"https:\/\/pixmill.ee\/wp-content\/uploads\/2026\/02\/5259f094-5-120x120.jpg\"><img decoding=\"async\" width=\"380\" height=\"240\" src=\"https:\/\/pixmill.ee\/wp-content\/uploads\/bis-images\/1238\/5259f094-5-380x240-f50_50.jpg\" class=\"attachment-380x240\" alt=\"5259f094-5\" loading=\"lazy\" srcset=\"https:\/\/pixmill.ee\/wp-content\/uploads\/bis-images\/1238\/5259f094-5-380x240-f50_50.jpg 1x, https:\/\/pixmill.ee\/wp-content\/uploads\/bis-images\/1238\/5259f094-5-760x480-f50_50.jpg 2x\" \/><\/a><\/div><div class=\"gallery-item is-landscape\"><a href=\"https:\/\/pixmill.ee\/wp-content\/uploads\/2026\/02\/5259f094-6-1170x974.jpg\" data-poster=\"https:\/\/pixmill.ee\/wp-content\/uploads\/2026\/02\/5259f094-6-120x120.jpg\"><img decoding=\"async\" width=\"380\" height=\"240\" src=\"https:\/\/pixmill.ee\/wp-content\/uploads\/bis-images\/1234\/5259f094-6-380x240-f50_50.jpg\" class=\"attachment-380x240\" alt=\"5259f094-6\" loading=\"lazy\" srcset=\"https:\/\/pixmill.ee\/wp-content\/uploads\/bis-images\/1234\/5259f094-6-380x240-f50_50.jpg 1x, https:\/\/pixmill.ee\/wp-content\/uploads\/bis-images\/1234\/5259f094-6-760x480-f50_50.jpg 2x\" \/><\/a><\/div><div class=\"gallery-item is-landscape\"><a href=\"https:\/\/pixmill.ee\/wp-content\/uploads\/2026\/02\/5259f094-7-1170x974.jpg\" data-poster=\"https:\/\/pixmill.ee\/wp-content\/uploads\/2026\/02\/5259f094-7-120x120.jpg\"><img decoding=\"async\" width=\"380\" height=\"240\" src=\"https:\/\/pixmill.ee\/wp-content\/uploads\/bis-images\/1230\/5259f094-7-380x240-f50_50.jpg\" class=\"attachment-380x240\" alt=\"5259f094-7\" loading=\"lazy\" srcset=\"https:\/\/pixmill.ee\/wp-content\/uploads\/bis-images\/1230\/5259f094-7-380x240-f50_50.jpg 1x, https:\/\/pixmill.ee\/wp-content\/uploads\/bis-images\/1230\/5259f094-7-760x480-f50_50.jpg 2x\" \/><\/a><\/div><div class=\"gallery-item is-landscape\"><a href=\"https:\/\/pixmill.ee\/wp-content\/uploads\/2026\/02\/5259f094-8-1170x974.jpg\" data-poster=\"https:\/\/pixmill.ee\/wp-content\/uploads\/2026\/02\/5259f094-8-120x120.jpg\"><img decoding=\"async\" width=\"380\" height=\"240\" src=\"https:\/\/pixmill.ee\/wp-content\/uploads\/bis-images\/1226\/5259f094-8-380x240-f50_50.jpg\" class=\"attachment-380x240\" alt=\"5259f094-8\" loading=\"lazy\" srcset=\"https:\/\/pixmill.ee\/wp-content\/uploads\/bis-images\/1226\/5259f094-8-380x240-f50_50.jpg 1x, https:\/\/pixmill.ee\/wp-content\/uploads\/bis-images\/1226\/5259f094-8-760x480-f50_50.jpg 2x\" \/><\/a><\/div><div class=\"gallery-item is-landscape\"><a href=\"https:\/\/pixmill.ee\/wp-content\/uploads\/2026\/02\/5259f094-9-1170x974.jpg\" data-poster=\"https:\/\/pixmill.ee\/wp-content\/uploads\/2026\/02\/5259f094-9-120x120.jpg\"><img decoding=\"async\" width=\"380\" height=\"240\" src=\"https:\/\/pixmill.ee\/wp-content\/uploads\/bis-images\/1222\/5259f094-9-380x240-f50_50.jpg\" class=\"attachment-380x240\" alt=\"5259f094-9\" loading=\"lazy\" srcset=\"https:\/\/pixmill.ee\/wp-content\/uploads\/bis-images\/1222\/5259f094-9-380x240-f50_50.jpg 1x, https:\/\/pixmill.ee\/wp-content\/uploads\/bis-images\/1222\/5259f094-9-760x480-f50_50.jpg 2x\" \/><\/a><\/div><\/div><\/div>","protected":false},"excerpt":{"rendered":"","protected":false},"author":1,"featured_media":1508,"parent":0,"menu_order":5,"comment_status":"closed","ping_status":"closed","template":"","meta":{"_acf_changed":false,"inline_featured_image":false,"footnotes":""},"class_list":["post-2233","page","type-page","status-publish","has-post-thumbnail","hentry"],"acf":[],"_links":{"self":[{"href":"https:\/\/pixmill.ee\/fi\/wp-json\/wp\/v2\/pages\/2233","targetHints":{"allow":["GET"]}}],"collection":[{"href":"https:\/\/pixmill.ee\/fi\/wp-json\/wp\/v2\/pages"}],"about":[{"href":"https:\/\/pixmill.ee\/fi\/wp-json\/wp\/v2\/types\/page"}],"author":[{"embeddable":true,"href":"https:\/\/pixmill.ee\/fi\/wp-json\/wp\/v2\/users\/1"}],"replies":[{"embeddable":true,"href":"https:\/\/pixmill.ee\/fi\/wp-json\/wp\/v2\/comments?post=2233"}],"version-history":[{"count":3,"href":"https:\/\/pixmill.ee\/fi\/wp-json\/wp\/v2\/pages\/2233\/revisions"}],"predecessor-version":[{"id":2375,"href":"https:\/\/pixmill.ee\/fi\/wp-json\/wp\/v2\/pages\/2233\/revisions\/2375"}],"wp:featuredmedia":[{"embeddable":true,"href":"https:\/\/pixmill.ee\/fi\/wp-json\/wp\/v2\/media\/1508"}],"wp:attachment":[{"href":"https:\/\/pixmill.ee\/fi\/wp-json\/wp\/v2\/media?parent=2233"}],"curies":[{"name":"wp","href":"https:\/\/api.w.org\/{rel}","templated":true}]}}