{"id":1569,"date":"2026-02-18T12:04:37","date_gmt":"2026-02-18T10:04:37","guid":{"rendered":"https:\/\/pixmill.ee\/teenused\/"},"modified":"2026-03-05T13:55:05","modified_gmt":"2026-03-05T11:55:05","slug":"palvelut","status":"publish","type":"page","link":"https:\/\/pixmill.ee\/fi\/palvelut\/","title":{"rendered":"Palvelut"},"content":{"rendered":"<div id=\"palvelut\" class=\"ama-block block-cards\"><div class=\"block__body\"><div class=\"card-item\"><div class=\"is-content\"><p class=\"is-title\">Palvelut<\/p><div class=\"is-desc classic-editor\"><p>Tarjoamme suurkuvatulostuksen digipainopalveluita erilaisille materiaaleille. Tulostamme mainosgrafiikkaa, bannereita, messuratkaisuja, kylttej\u00e4, tarroja, tekstiilej\u00e4 ja erikoisratkaisuja sek\u00e4 sis\u00e4- ett\u00e4 ulkok\u00e4ytt\u00f6\u00f6n.<\/p>\n<\/div><\/div><div class=\"is-end\"><div class=\"wp-block-button is-style-readmore\"><a href=\"https:\/\/pixmill.ee\/fi\/palvelut\/painatus\/\" class=\"wp-block-button__link\">Lue lis\u00e4\u00e4<\/a><\/div><img loading=\"lazy\" decoding=\"async\" width=\"120\" height=\"120\" src=\"https:\/\/pixmill.ee\/wp-content\/uploads\/2026\/02\/Vutek-H3-UV-trukk-120x120.png\" class=\"attachment-thumbnail size-thumbnail\" alt=\"\" \/><\/div><\/div><div class=\"card-item\"><div class=\"is-content\"><p class=\"is-title\">Lis\u00e4palvelut<\/p><div class=\"is-desc classic-editor\"><p>Painatuksen lis\u00e4ksi tarjoamme lis\u00e4palveluita \u2013 suunnittelua ja tiedostojen valmistelua, ammattimaista ompelua, asennuksen koordinointia sek\u00e4 projektinhallintaa. Autamme varmistamaan, ett\u00e4 jokainen ty\u00f6 valmistuu oikein ja sujuvasti alusta loppuun.<\/p>\n<\/div><\/div><div class=\"is-end\"><div class=\"wp-block-button is-style-readmore\"><a href=\"https:\/\/pixmill.ee\/fi\/palvelut\/lisapalvelut\/\" class=\"wp-block-button__link\">Lue lis\u00e4\u00e4<\/a><\/div><img loading=\"lazy\" decoding=\"async\" width=\"120\" height=\"120\" src=\"https:\/\/pixmill.ee\/wp-content\/uploads\/2026\/03\/Ulemiste-instagrami-raam-120x120.jpg\" class=\"attachment-thumbnail size-thumbnail\" alt=\"\" \/><\/div><\/div><div class=\"card-item\"><div class=\"is-content\"><p class=\"is-title\">Mainostuotteet<\/p><div class=\"is-desc classic-editor\"><p>Olemme markkinoijien suosikkeja, koska toteutamme jopa kaikkein hulluimmat ratkaisut yritysten n\u00e4kyvyyden lis\u00e4\u00e4miseksi.<\/p>\n<\/div><\/div><div class=\"is-end\"><div class=\"wp-block-button is-style-readmore\"><a href=\"https:\/\/pixmill.ee\/fi\/palvelut\/mainostuotteet\/\" class=\"wp-block-button__link\">Lue lis\u00e4\u00e4<\/a><\/div><img loading=\"lazy\" decoding=\"async\" width=\"120\" height=\"120\" src=\"https:\/\/pixmill.ee\/wp-content\/uploads\/2026\/03\/plokklipp-1-1-1-120x120.png\" class=\"attachment-thumbnail size-thumbnail\" alt=\"\" \/><\/div><\/div><\/div><\/div>","protected":false},"excerpt":{"rendered":"","protected":false},"author":1,"featured_media":0,"parent":0,"menu_order":12,"comment_status":"closed","ping_status":"closed","template":"","meta":{"_acf_changed":false,"inline_featured_image":false,"footnotes":""},"class_list":["post-1569","page","type-page","status-publish","hentry"],"acf":[],"_links":{"self":[{"href":"https:\/\/pixmill.ee\/fi\/wp-json\/wp\/v2\/pages\/1569","targetHints":{"allow":["GET"]}}],"collection":[{"href":"https:\/\/pixmill.ee\/fi\/wp-json\/wp\/v2\/pages"}],"about":[{"href":"https:\/\/pixmill.ee\/fi\/wp-json\/wp\/v2\/types\/page"}],"author":[{"embeddable":true,"href":"https:\/\/pixmill.ee\/fi\/wp-json\/wp\/v2\/users\/1"}],"replies":[{"embeddable":true,"href":"https:\/\/pixmill.ee\/fi\/wp-json\/wp\/v2\/comments?post=1569"}],"version-history":[{"count":4,"href":"https:\/\/pixmill.ee\/fi\/wp-json\/wp\/v2\/pages\/1569\/revisions"}],"predecessor-version":[{"id":2268,"href":"https:\/\/pixmill.ee\/fi\/wp-json\/wp\/v2\/pages\/1569\/revisions\/2268"}],"wp:attachment":[{"href":"https:\/\/pixmill.ee\/fi\/wp-json\/wp\/v2\/media?parent=1569"}],"curies":[{"name":"wp","href":"https:\/\/api.w.org\/{rel}","templated":true}]}}