{"id":1566,"date":"2026-02-18T12:04:54","date_gmt":"2026-02-18T10:04:54","guid":{"rendered":"https:\/\/pixmill.ee\/trukk\/"},"modified":"2026-03-05T15:47:34","modified_gmt":"2026-03-05T13:47:34","slug":"painatus","status":"publish","type":"page","link":"https:\/\/pixmill.ee\/fi\/palvelut\/painatus\/","title":{"rendered":"Painatus"},"content":{"rendered":"<div class=\"ama-block block-txtmedia\"><div class=\"block__body\"><div class=\"body__content\"><div class=\"inner\">\n\n<h2 class=\"wp-block-heading wp-el\">Monipuoliset painoratkaisut<\/h2>\n\n\n\n<p class=\"wp-el\">Tarjoamme suurkuvatulostuksen digipainopalveluita eri materiaaleille. Tulostamme mainosgrafiikkaa, bannereita, messuratkaisuja, kylttej\u00e4, tarroja, tekstiilej\u00e4 ja erikoisratkaisuja sek\u00e4 sis\u00e4- ett\u00e4 ulkok\u00e4ytt\u00f6\u00f6n.<\/p>\n\n\n\n<p class=\"wp-el\">K\u00e4yt\u00e4mme moderneja UV-, sublimaatio-, solventti- ja lateksitulostimia, jotka takaavat yksityiskohtaisen j\u00e4ljen, tarkat v\u00e4rit ja kest\u00e4v\u00e4n lopputuloksen. Teknologiat mahdollistavat tulostamisen eri materiaaleille projektin tarpeiden mukaan.<\/p>\n\n\n\n<p class=\"wp-el\">Tulostuksen lis\u00e4ksi tarjoamme my\u00f6s CNC-leikkausta ja viimeistely\u00e4, mik\u00e4 mahdollistaa erimuotoisten ratkaisujen ja valmiiden tuotteiden valmistamisen. Autamme valitsemaan sopivan materiaalin ja painoratkaisun, jotta lopputulos vastaa sek\u00e4 visuaalisia ett\u00e4 k\u00e4yt\u00e4nn\u00f6llisi\u00e4 vaatimuksia.<\/p>\n\n\n\n<p class=\"wp-el\">Tarjoamme joustavaa ja luotettavaa painopalvelua yksitt\u00e4isist\u00e4 t\u00f6ist\u00e4 suurempiin projekteihin.<\/p>\n\n\n\n<div class=\"wp-block-buttons is-layout-flex wp-block-buttons-is-layout-flex\">\n<div class=\"wp-block-button\"><a class=\"wp-block-button__link wp-element-button\" href=\"https:\/\/pixmill.ee\/fi\/yhteystiedot\/\">Ota yhteytt\u00e4<\/a><\/div>\n<\/div>\n\n<\/div><\/div><div class=\"body__media\"><div class=\"splide ama_light_gallery_block\" data-splide={\"type\":\"fade\",\"pagination\":false}><div class=\"splide__track\"><ul class=\"splide__list\"><li class=\"splide__slide\"><a class=\"txtmedia-slide\" href=\"https:\/\/pixmill.ee\/wp-content\/uploads\/2026\/03\/Ronimisministeerium-Mustikas-2-827x1170.png\" data-poster=\"https:\/\/pixmill.ee\/wp-content\/uploads\/2026\/03\/Ronimisministeerium-Mustikas-2-120x120.png\"><img decoding=\"async\" width=\"570\" height=\"640\" src=\"https:\/\/pixmill.ee\/wp-content\/uploads\/bis-images\/2152\/Ronimisministeerium-Mustikas-2-570x640-f50_50.png\" class=\"attachment-570x640\" alt=\"Ronimisministeerium-Mustikas\" loading=\"lazy\" srcset=\"https:\/\/pixmill.ee\/wp-content\/uploads\/bis-images\/2152\/Ronimisministeerium-Mustikas-2-570x640-f50_50.png 1x, https:\/\/pixmill.ee\/wp-content\/uploads\/bis-images\/2152\/Ronimisministeerium-Mustikas-2-1140x1280-f50_50.png 2x\" \/><\/a><\/li><li class=\"splide__slide\"><a class=\"txtmedia-slide\" href=\"https:\/\/pixmill.ee\/wp-content\/uploads\/2026\/03\/Rocca-laedekod-2-1170x780.jpg\" data-poster=\"https:\/\/pixmill.ee\/wp-content\/uploads\/2026\/03\/Rocca-laedekod-2-120x120.jpg\"><img decoding=\"async\" width=\"570\" height=\"640\" src=\"https:\/\/pixmill.ee\/wp-content\/uploads\/bis-images\/2180\/Rocca-laedekod-2-570x640-f50_50.jpg\" class=\"attachment-570x640\" alt=\"Rocca-laedekod\" loading=\"lazy\" srcset=\"https:\/\/pixmill.ee\/wp-content\/uploads\/bis-images\/2180\/Rocca-laedekod-2-570x640-f50_50.jpg 1x, https:\/\/pixmill.ee\/wp-content\/uploads\/bis-images\/2180\/Rocca-laedekod-2-1140x1280-f50_50.jpg 2x\" \/><\/a><\/li><li class=\"splide__slide\"><a class=\"txtmedia-slide\" href=\"https:\/\/pixmill.ee\/wp-content\/uploads\/2026\/03\/Ulemiste-instagrami-raam-2.jpg\" data-poster=\"https:\/\/pixmill.ee\/wp-content\/uploads\/2026\/03\/Ulemiste-instagrami-raam-2-120x120.jpg\"><img decoding=\"async\" width=\"570\" height=\"640\" src=\"https:\/\/pixmill.ee\/wp-content\/uploads\/bis-images\/1720\/Ulemiste-instagrami-raam-2-570x640-f50_50.jpg\" class=\"attachment-570x640\" alt=\"Ulemiste-instagrami-raam -2\" loading=\"lazy\" srcset=\"https:\/\/pixmill.ee\/wp-content\/uploads\/bis-images\/1720\/Ulemiste-instagrami-raam-2-570x640-f50_50.jpg 1x, https:\/\/pixmill.ee\/wp-content\/uploads\/bis-images\/1720\/Ulemiste-instagrami-raam-2-1140x1280-f50_50.jpg 2x\" \/><\/a><\/li><\/ul><\/div><div class=\"splide__arrows\"><button class=\"splide__arrow splide__arrow--prev\"><svg width=\"24\" height=\"24\" viewBox=\"0 0 24 24\" fill=\"none\" xmlns=\"http:\/\/www.w3.org\/2000\/svg\"><path d=\"M23.3262 0.275358C22.5957 -0.191775 21.5727 -0.0503309 21.041 0.591764L12.3125 11.1523C11.8954 11.6572 11.8954 12.3428 12.3125 12.8476L21.041 23.4082C21.5727 24.0502 22.5958 24.1917 23.3262 23.7246C24.0564 23.2569 24.2184 22.3558 23.6875 21.7129L15.6602 12L23.6875 2.28708C24.2184 1.64408 24.0564 0.743086 23.3262 0.275358Z\" fill=\"currentColor\"\/><path d=\"M11.3262 0.275358C10.5957 -0.191775 9.57273 -0.050331 9.04102 0.591764L0.312506 11.1523C-0.104615 11.6572 -0.104646 12.3428 0.312506 12.8476L9.04102 23.4082C9.57273 24.0502 10.5958 24.1917 11.3262 23.7246C12.0564 23.2569 12.2184 22.3558 11.6875 21.7129L3.66016 12L11.6875 2.28708C12.2184 1.64408 12.0564 0.743086 11.3262 0.275358Z\" fill=\"currentColor\"\/><\/svg><\/button><button class=\"splide__arrow splide__arrow--next\"><svg width=\"24\" height=\"24\" viewBox=\"0 0 24 24\" fill=\"none\" xmlns=\"http:\/\/www.w3.org\/2000\/svg\"><path d=\"M0.673822 0.275358C1.40427 -0.191775 2.42727 -0.0503309 2.95898 0.591764L11.6875 11.1523C12.1046 11.6572 12.1046 12.3428 11.6875 12.8476L2.95898 23.4082C2.42727 24.0502 1.40425 24.1917 0.673822 23.7246C-0.0564207 23.2569 -0.218355 22.3558 0.312494 21.7129L8.33984 12L0.312494 2.28708C-0.218412 1.64408 -0.0564424 0.743086 0.673822 0.275358Z\" fill=\"currentColor\"\/><path d=\"M12.6738 0.275358C13.4043 -0.191775 14.4273 -0.050331 14.959 0.591764L23.6875 11.1523C24.1046 11.6572 24.1046 12.3428 23.6875 12.8476L14.959 23.4082C14.4273 24.0502 13.4042 24.1917 12.6738 23.7246C11.9436 23.2569 11.7816 22.3558 12.3125 21.7129L20.3398 12L12.3125 2.28708C11.7816 1.64408 11.9436 0.743086 12.6738 0.275358Z\" fill=\"currentColor\"\/><\/svg><\/button><\/div><\/div><\/div><\/div><\/div>\n\n<div class=\"ama-block block-bgcolor\">\n\n<h2 class=\"wp-block-heading wp-el\">J\u00e4lkik\u00e4sittely<\/h2>\n\n\n\n<p class=\"wp-el\">Painatuksen lis\u00e4ksi tarjoamme erilaisia j\u00e4lkik\u00e4sittelyratkaisuja, jotta valmis tuote on heti valmis asennettavaksi tai k\u00e4ytt\u00f6\u00f6n. Toteutamme ty\u00f6t tarkasti materiaalin ja projektin vaatimusten mukaisesti, varmistaen laadukkaan ja kest\u00e4v\u00e4n lopputuloksen.<\/p>\n\n\n\n<p class=\"wp-el\"><strong>Tarjoamme seuraavat j\u00e4lkik\u00e4sittelypalvelut:<\/strong><\/p>\n\n\n\n<ul class=\"wp-block-list wp-el\">\n<li>tarkka leikkaus muodon ja mittojen mukaan<\/li>\n\n\n\n<li>ompelu ja hitsaus bannereille ja tekstiileille<\/li>\n\n\n\n<li>metallirenkaiden asennus (\u00f6\u00f6sit)<\/li>\n\n\n\n<li>SEG-silikonin ompelu<\/li>\n\n\n\n<li>keder-profiilien ompelu \/ hitsaus<\/li>\n\n\n\n<li>tarranauhan ompelu<\/li>\n\n\n\n<li>vetoketjujen ja nauhojen lis\u00e4\u00e4minen<\/li>\n<\/ul>\n\n\n\n<p class=\"wp-el\">Tarvittaessa tarjoamme j\u00e4lkik\u00e4sittely\u00e4 my\u00f6s asiakkaan toimittamille materiaaleille. Autamme l\u00f6yt\u00e4m\u00e4\u00e4n sopivan teknisen ratkaisun, jotta lopputulos on siisti, kest\u00e4v\u00e4 ja helppo asentaa.<\/p>\n\n<\/div>","protected":false},"excerpt":{"rendered":"<p>Tarjoamme suurkuvatulostuksen digipainopalveluita erilaisille materiaaleille. Tulostamme mainosgrafiikkaa, bannereita, messuratkaisuja, kylttej\u00e4, tarroja, tekstiilej\u00e4 ja erikoisratkaisuja sek\u00e4 sis\u00e4- ett\u00e4 ulkok\u00e4ytt\u00f6\u00f6n.<\/p>\n","protected":false},"author":1,"featured_media":1517,"parent":1569,"menu_order":13,"comment_status":"closed","ping_status":"closed","template":"","meta":{"_acf_changed":false,"inline_featured_image":false,"footnotes":""},"class_list":["post-1566","page","type-page","status-publish","has-post-thumbnail","hentry"],"acf":[],"_links":{"self":[{"href":"https:\/\/pixmill.ee\/fi\/wp-json\/wp\/v2\/pages\/1566","targetHints":{"allow":["GET"]}}],"collection":[{"href":"https:\/\/pixmill.ee\/fi\/wp-json\/wp\/v2\/pages"}],"about":[{"href":"https:\/\/pixmill.ee\/fi\/wp-json\/wp\/v2\/types\/page"}],"author":[{"embeddable":true,"href":"https:\/\/pixmill.ee\/fi\/wp-json\/wp\/v2\/users\/1"}],"replies":[{"embeddable":true,"href":"https:\/\/pixmill.ee\/fi\/wp-json\/wp\/v2\/comments?post=1566"}],"version-history":[{"count":4,"href":"https:\/\/pixmill.ee\/fi\/wp-json\/wp\/v2\/pages\/1566\/revisions"}],"predecessor-version":[{"id":2340,"href":"https:\/\/pixmill.ee\/fi\/wp-json\/wp\/v2\/pages\/1566\/revisions\/2340"}],"up":[{"embeddable":true,"href":"https:\/\/pixmill.ee\/fi\/wp-json\/wp\/v2\/pages\/1569"}],"wp:featuredmedia":[{"embeddable":true,"href":"https:\/\/pixmill.ee\/fi\/wp-json\/wp\/v2\/media\/1517"}],"wp:attachment":[{"href":"https:\/\/pixmill.ee\/fi\/wp-json\/wp\/v2\/media?parent=1566"}],"curies":[{"name":"wp","href":"https:\/\/api.w.org\/{rel}","templated":true}]}}