{"id":1563,"date":"2026-02-18T12:16:46","date_gmt":"2026-02-18T10:16:46","guid":{"rendered":"https:\/\/pixmill.ee\/reklaamtooted\/"},"modified":"2026-03-05T12:11:11","modified_gmt":"2026-03-05T10:11:11","slug":"mainostuotteet","status":"publish","type":"page","link":"https:\/\/pixmill.ee\/fi\/palvelut\/mainostuotteet\/","title":{"rendered":"Mainostuotteet"},"content":{"rendered":"<div class=\"ama-block block-quickmenu\"><div class=\"block__body\"><div class=\"qmenu-select\"><label class=\"screen-reader-text\" for=\"qmenu-select\">Quick menu<\/label><select id=\"qmenu-select\" class=\"form-control form-select\" onchange=\"if(this.value) window.location.href=this.value;\"><option value=\"\">Siirry osioon &#8230;<\/option><option value=\"#liput\">Liput<\/option><option value=\"#bannerit\">Bannerit<\/option><option value=\"#valokuvausseinat\">Valokuvaussein\u00e4t<\/option><option value=\"#esitystarvikkeet\">Esitystarvikkeet<\/option><\/select><\/div><div class=\"qmenu-wrapper\"><ul class=\"menu\"><li><a href=\"#liput\"><span>Liput<\/span><\/a><\/li><li><a href=\"#bannerit\"><span>Bannerit<\/span><\/a><\/li><li><a href=\"#valokuvausseinat\"><span>Valokuvaussein\u00e4t<\/span><\/a><\/li><li><a href=\"#esitystarvikkeet\"><span>Esitystarvikkeet<\/span><\/a><\/li><\/ul><\/div><\/div><\/div>\n\n<div id=\"liput\" class=\"ama-block block-products is-style-slider progress-splide\"><div class=\"block__header has-desc\"><h2>Liput<\/h2><div class=\"classic-editor\"><p>Mainosliput koostuvat kolmesta p\u00e4\u00e4osasta: lipusta, rakenteesta ja jalasta. Tarjoamme rakenteellisia lippuja kolmessa eri tyypiss\u00e4, joista jokainen on saatavilla useissa eri ko\u2019oissa, jotta l\u00f6yd\u00e4t sopivan ratkaisun sek\u00e4 sis\u00e4- ett\u00e4 ulkok\u00e4ytt\u00f6\u00f6n.<\/p>\n<p>Sopivan jalan valinta riippuu asennuspaikasta, s\u00e4\u00e4olosuhteista ja lipun koosta, mik\u00e4 takaa vakauden ja kest\u00e4vyyden kaikissa tilanteissa. Lis\u00e4ksi ompelemme lipukankaasta my\u00f6s talolippuja ja mastolippuja.<\/p>\n<\/div><\/div><div class=\"block__body splide\" data-splide={\"gap\":\"var(--ama-gutter-double-x)\",\"perPage\":3,\"breakpoints\":{\"567\":{\"perPage\":1},\"767\":{\"perPage\":2}},\"pagination\":false}><div class=\"splide__track\"><ul class=\"splide__list\"><li class=\"splide__slide\"><a href=\"https:\/\/pixmill.ee\/fi\/tuotteet\/rantalippu\/\" class=\"product-item\"><div class=\"item__thumb\"><img decoding=\"async\" width=\"350\" height=\"250\" src=\"https:\/\/pixmill.ee\/wp-content\/uploads\/bis-images\/1500\/rannalipp-350x250-f50_50.png\" class=\"attachment-350x250\" alt=\"rannalipp\" loading=\"lazy\" srcset=\"https:\/\/pixmill.ee\/wp-content\/uploads\/bis-images\/1500\/rannalipp-350x250-f50_50.png 1x, https:\/\/pixmill.ee\/wp-content\/uploads\/bis-images\/1500\/rannalipp-700x500-f50_50.png 2x\" \/><\/div><div class=\"item__content\"><p class=\"is-title\">Rantalippu<\/p><\/div><div class=\"item__end\"><span class=\"btn\">Pyyd\u00e4 tarjous<\/span><\/div><\/a><\/li><li class=\"splide__slide\"><a href=\"https:\/\/pixmill.ee\/fi\/tuotteet\/surflippu\/\" class=\"product-item\"><div class=\"item__thumb\"><img decoding=\"async\" width=\"350\" height=\"250\" src=\"https:\/\/pixmill.ee\/wp-content\/uploads\/bis-images\/1496\/rannalipp-2-350x250-f50_50.png\" class=\"attachment-350x250\" alt=\"rannalipp-2\" loading=\"lazy\" srcset=\"https:\/\/pixmill.ee\/wp-content\/uploads\/bis-images\/1496\/rannalipp-2-350x250-f50_50.png 1x, https:\/\/pixmill.ee\/wp-content\/uploads\/bis-images\/1496\/rannalipp-2-700x500-f50_50.png 2x\" \/><\/div><div class=\"item__content\"><p class=\"is-title\">Surflippu<\/p><\/div><div class=\"item__end\"><span class=\"btn\">Pyyd\u00e4 tarjous<\/span><\/div><\/a><\/li><li class=\"splide__slide\"><a href=\"https:\/\/pixmill.ee\/fi\/tuotteet\/blokkilippu\/\" class=\"product-item\"><div class=\"item__thumb\"><img decoding=\"async\" width=\"350\" height=\"250\" src=\"https:\/\/pixmill.ee\/wp-content\/uploads\/bis-images\/1492\/plokklipp-1-1-1-350x250-f50_50.png\" class=\"attachment-350x250\" alt=\"plokklipp-1-1 (1)\" loading=\"lazy\" srcset=\"https:\/\/pixmill.ee\/wp-content\/uploads\/bis-images\/1492\/plokklipp-1-1-1-350x250-f50_50.png 1x, https:\/\/pixmill.ee\/wp-content\/uploads\/bis-images\/1492\/plokklipp-1-1-1-700x500-f50_50.png 2x\" \/><\/div><div class=\"item__content\"><p class=\"is-title\">Blokkilippu<\/p><\/div><div class=\"item__end\"><span class=\"btn\">Pyyd\u00e4 tarjous<\/span><\/div><\/a><\/li><li class=\"splide__slide\"><a href=\"https:\/\/pixmill.ee\/fi\/tuotteet\/salkolippu\/\" class=\"product-item\"><div class=\"item__thumb\"><img decoding=\"async\" width=\"350\" height=\"250\" src=\"https:\/\/pixmill.ee\/wp-content\/uploads\/bis-images\/1488\/mastlipp-pixmill-1-350x250-f50_50.png\" class=\"attachment-350x250\" alt=\"mastlipp-pixmill- (1)\" loading=\"lazy\" srcset=\"https:\/\/pixmill.ee\/wp-content\/uploads\/bis-images\/1488\/mastlipp-pixmill-1-350x250-f50_50.png 1x, https:\/\/pixmill.ee\/wp-content\/uploads\/bis-images\/1488\/mastlipp-pixmill-1-700x500-f50_50.png 2x\" \/><\/div><div class=\"item__content\"><p class=\"is-title\">Salkolippu<\/p><\/div><div class=\"item__end\"><span class=\"btn\">Pyyd\u00e4 tarjous<\/span><\/div><\/a><\/li><li class=\"splide__slide\"><a href=\"https:\/\/pixmill.ee\/fi\/tuotteet\/talolippu\/\" class=\"product-item\"><div class=\"item__thumb\"><img decoding=\"async\" width=\"350\" height=\"250\" src=\"https:\/\/pixmill.ee\/wp-content\/uploads\/bis-images\/1922\/majalipp-uus-350x250-f50_50.png\" class=\"attachment-350x250\" alt=\"majalipp-uus\" loading=\"lazy\" srcset=\"https:\/\/pixmill.ee\/wp-content\/uploads\/bis-images\/1922\/majalipp-uus-350x250-f50_50.png 1x, https:\/\/pixmill.ee\/wp-content\/uploads\/bis-images\/1922\/majalipp-uus-700x500-f50_50.png 2x\" \/><\/div><div class=\"item__content\"><p class=\"is-title\">Talolippu<\/p><\/div><div class=\"item__end\"><span class=\"btn\">Pyyd\u00e4 tarjous<\/span><\/div><\/a><\/li><li class=\"splide__slide\"><a href=\"https:\/\/pixmill.ee\/fi\/tuotteet\/ristijalka\/\" class=\"product-item\"><div class=\"item__thumb\"><img decoding=\"async\" width=\"350\" height=\"250\" src=\"https:\/\/pixmill.ee\/wp-content\/uploads\/bis-images\/1484\/pixmill-eesti-ristjalg-350x250-f50_50.png\" class=\"attachment-350x250\" alt=\"pixmill-eesti-ristjalg\" loading=\"lazy\" srcset=\"https:\/\/pixmill.ee\/wp-content\/uploads\/bis-images\/1484\/pixmill-eesti-ristjalg-350x250-f50_50.png 1x, https:\/\/pixmill.ee\/wp-content\/uploads\/bis-images\/1484\/pixmill-eesti-ristjalg-700x500-f50_50.png 2x\" \/><\/div><div class=\"item__content\"><p class=\"is-title\">Ristijalka<\/p><\/div><div class=\"item__end\"><span class=\"btn\">Pyyd\u00e4 tarjous<\/span><\/div><\/a><\/li><li class=\"splide__slide\"><a href=\"https:\/\/pixmill.ee\/fi\/tuotteet\/laattajalka\/\" class=\"product-item\"><div class=\"item__thumb\"><img decoding=\"async\" width=\"350\" height=\"250\" src=\"https:\/\/pixmill.ee\/wp-content\/uploads\/bis-images\/1480\/pixmill-eesti-plaatjalg-350x250-f50_50.png\" class=\"attachment-350x250\" alt=\"pixmill-eesti-plaatjalg\" loading=\"lazy\" srcset=\"https:\/\/pixmill.ee\/wp-content\/uploads\/bis-images\/1480\/pixmill-eesti-plaatjalg-350x250-f50_50.png 1x, https:\/\/pixmill.ee\/wp-content\/uploads\/bis-images\/1480\/pixmill-eesti-plaatjalg-700x500-f50_50.png 2x\" \/><\/div><div class=\"item__content\"><p class=\"is-title\">Laattajalka<\/p><\/div><div class=\"item__end\"><span class=\"btn\">Pyyd\u00e4 tarjous<\/span><\/div><\/a><\/li><li class=\"splide__slide\"><a href=\"https:\/\/pixmill.ee\/fi\/tuotteet\/vesisailio\/\" class=\"product-item\"><div class=\"item__thumb\"><img decoding=\"async\" width=\"350\" height=\"250\" src=\"https:\/\/pixmill.ee\/wp-content\/uploads\/bis-images\/1460\/pixmill-eesti-veepaak-350x250-f50_50.png\" class=\"attachment-350x250\" alt=\"pixmill-eesti-veepaak\" loading=\"lazy\" srcset=\"https:\/\/pixmill.ee\/wp-content\/uploads\/bis-images\/1460\/pixmill-eesti-veepaak-350x250-f50_50.png 1x, https:\/\/pixmill.ee\/wp-content\/uploads\/bis-images\/1460\/pixmill-eesti-veepaak-700x500-f50_50.png 2x\" \/><\/div><div class=\"item__content\"><p class=\"is-title\">Vesis\u00e4ili\u00f6<\/p><\/div><div class=\"item__end\"><span class=\"btn\">Pyyd\u00e4 tarjous<\/span><\/div><\/a><\/li><li class=\"splide__slide\"><a href=\"https:\/\/pixmill.ee\/fi\/tuotteet\/vesipussi\/\" class=\"product-item\"><div class=\"item__thumb\"><img decoding=\"async\" width=\"350\" height=\"250\" src=\"https:\/\/pixmill.ee\/wp-content\/uploads\/bis-images\/1476\/pixmill-eesti-veekott--350x250-f50_50.png\" class=\"attachment-350x250\" alt=\"pixmill-eesti-veekott-\" loading=\"lazy\" srcset=\"https:\/\/pixmill.ee\/wp-content\/uploads\/bis-images\/1476\/pixmill-eesti-veekott--350x250-f50_50.png 1x, https:\/\/pixmill.ee\/wp-content\/uploads\/bis-images\/1476\/pixmill-eesti-veekott--700x500-f50_50.png 2x\" \/><\/div><div class=\"item__content\"><p class=\"is-title\">Vesipussi<\/p><\/div><div class=\"item__end\"><span class=\"btn\">Pyyd\u00e4 tarjous<\/span><\/div><\/a><\/li><li class=\"splide__slide\"><a href=\"https:\/\/pixmill.ee\/fi\/tuotteet\/muovinen-ruuvijalka\/\" class=\"product-item\"><div class=\"item__thumb\"><img decoding=\"async\" width=\"350\" height=\"250\" src=\"https:\/\/pixmill.ee\/wp-content\/uploads\/bis-images\/1472\/pixmill-eesti-kruvijalg-350x250-f50_50.png\" class=\"attachment-350x250\" alt=\"pixmill-eesti-kruvijalg\" loading=\"lazy\" srcset=\"https:\/\/pixmill.ee\/wp-content\/uploads\/bis-images\/1472\/pixmill-eesti-kruvijalg-350x250-f50_50.png 1x, https:\/\/pixmill.ee\/wp-content\/uploads\/bis-images\/1472\/pixmill-eesti-kruvijalg-700x500-f50_50.png 2x\" \/><\/div><div class=\"item__content\"><p class=\"is-title\">Muovinen ruuvijalka<\/p><\/div><div class=\"item__end\"><span class=\"btn\">Pyyd\u00e4 tarjous<\/span><\/div><\/a><\/li><li class=\"splide__slide\"><a href=\"https:\/\/pixmill.ee\/fi\/tuotteet\/ruuvijalka\/\" class=\"product-item\"><div class=\"item__thumb\"><img decoding=\"async\" width=\"350\" height=\"250\" src=\"https:\/\/pixmill.ee\/wp-content\/uploads\/bis-images\/1927\/kruvijalg-1-350x250-f50_50.png\" class=\"attachment-350x250\" alt=\"kruvijalg\" loading=\"lazy\" srcset=\"https:\/\/pixmill.ee\/wp-content\/uploads\/bis-images\/1927\/kruvijalg-1-350x250-f50_50.png 1x, https:\/\/pixmill.ee\/wp-content\/uploads\/bis-images\/1927\/kruvijalg-1-700x500-f50_50.png 2x\" \/><\/div><div class=\"item__content\"><p class=\"is-title\">Ruuvijalka<\/p><\/div><div class=\"item__end\"><span class=\"btn\">Pyyd\u00e4 tarjous<\/span><\/div><\/a><\/li><li class=\"splide__slide\"><a href=\"https:\/\/pixmill.ee\/fi\/tuotteet\/piikkijalka\/\" class=\"product-item\"><div class=\"item__thumb\"><img decoding=\"async\" width=\"350\" height=\"250\" src=\"https:\/\/pixmill.ee\/wp-content\/uploads\/bis-images\/1464\/PIXMILL-EESTI-PIIKJALG-350x250-f50_50.png\" class=\"attachment-350x250\" alt=\"PIXMILL-EESTI-PIIKJALG\" loading=\"lazy\" srcset=\"https:\/\/pixmill.ee\/wp-content\/uploads\/bis-images\/1464\/PIXMILL-EESTI-PIIKJALG-350x250-f50_50.png 1x, https:\/\/pixmill.ee\/wp-content\/uploads\/bis-images\/1464\/PIXMILL-EESTI-PIIKJALG-700x500-f50_50.png 2x\" \/><\/div><div class=\"item__content\"><p class=\"is-title\">Piikkijalka<\/p><\/div><div class=\"item__end\"><span class=\"btn\">Pyyd\u00e4 tarjous<\/span><\/div><\/a><\/li><\/ul><\/div><div class=\"splide__arrows progress-arrows\"><button class=\"splide__arrow splide__arrow--prev\"><svg width=\"12\" height=\"22\" viewBox=\"0 0 12 22\" fill=\"none\" xmlns=\"http:\/\/www.w3.org\/2000\/svg\"><path d=\"M11 1L1 11L11 21\" stroke=\"currentColor\" stroke-width=\"2\" stroke-linecap=\"round\" stroke-linejoin=\"round\"\/><\/svg><\/button><div class=\"splide__progress\"><span class=\"splide__progress-bar\"><\/span><\/div><button class=\"splide__arrow splide__arrow--next\"><svg width=\"12\" height=\"22\" viewBox=\"0 0 12 22\" fill=\"none\" xmlns=\"http:\/\/www.w3.org\/2000\/svg\"><path d=\"M1 1L11 11L1 21\" stroke=\"currentColor\" stroke-width=\"2\" stroke-linecap=\"round\" stroke-linejoin=\"round\"\/><\/svg><\/button><\/div><\/div><\/div>\n\n<div id=\"bannerit\" class=\"ama-block block-products is-style-slider progress-splide\"><div class=\"block__header has-desc\"><h2>Bannerit<\/h2><div class=\"wp-el classic-editor\"><p>Valmistamme bannereita asiakkaan toivoman koon mukaan. Esimerkiksi ulkomainonnassa k\u00e4ytet\u00e4\u00e4n usein 6 \u00d7 3 m kokoisia PVC frontlit -materiaalisia bannereita, ja ty\u00f6maa-aitoihin k\u00e4ytet\u00e4\u00e4n yleens\u00e4 mesh-materiaalia. J\u00e4lkik\u00e4sittelyn\u00e4 tarjoamme mittaan tai erikoismuotoon leikkausta, reunojen hitsausta tai ompelua, metallirenkaiden (\u00f6\u00f6sien) lis\u00e4\u00e4mist\u00e4, kederin lis\u00e4\u00e4mist\u00e4 ja muuta.<\/p>\n<\/div><\/div><div class=\"block__body splide\" data-splide='{&quot;gap&quot;:&quot;var(--ama-gutter-double-x)&quot;,&quot;perPage&quot;:3,&quot;breakpoints&quot;:{&quot;567&quot;:{&quot;perPage&quot;:1},&quot;767&quot;:{&quot;perPage&quot;:2}},&quot;pagination&quot;:false}'><div class=\"splide__track\"><ul class=\"splide__list\"><li class=\"splide__slide\"><div class=\"block-productcat__item\"><img decoding=\"async\" width=\"350\" height=\"400\" src=\"https:\/\/pixmill.ee\/wp-content\/uploads\/bis-images\/2152\/Ronimisministeerium-Mustikas-2-350x400-f50_50.png\" class=\"attachment-350x400\" alt=\"Ronimisministeerium-Mustikas\" loading=\"lazy\" srcset=\"https:\/\/pixmill.ee\/wp-content\/uploads\/bis-images\/2152\/Ronimisministeerium-Mustikas-2-350x400-f50_50.png 1x, https:\/\/pixmill.ee\/wp-content\/uploads\/bis-images\/2152\/Ronimisministeerium-Mustikas-2-700x800-f50_50.png 2x\" \/><\/div><\/li><li class=\"splide__slide\"><div class=\"block-productcat__item\"><img decoding=\"async\" width=\"350\" height=\"400\" src=\"https:\/\/pixmill.ee\/wp-content\/uploads\/bis-images\/2151\/move-media-OD-2-350x400-f50_50.jpg\" class=\"attachment-350x400\" alt=\"move-media-OD\" loading=\"lazy\" srcset=\"https:\/\/pixmill.ee\/wp-content\/uploads\/bis-images\/2151\/move-media-OD-2-350x400-f50_50.jpg 1x, https:\/\/pixmill.ee\/wp-content\/uploads\/bis-images\/2151\/move-media-OD-2-700x800-f50_50.jpg 2x\" \/><\/div><\/li><li class=\"splide__slide\"><div class=\"block-productcat__item\"><img decoding=\"async\" width=\"350\" height=\"400\" src=\"https:\/\/pixmill.ee\/wp-content\/uploads\/bis-images\/2149\/movemedia-OD-2-350x400-f50_50.jpg\" class=\"attachment-350x400\" alt=\"movemedia-OD\" loading=\"lazy\" srcset=\"https:\/\/pixmill.ee\/wp-content\/uploads\/bis-images\/2149\/movemedia-OD-2-350x400-f50_50.jpg 1x, https:\/\/pixmill.ee\/wp-content\/uploads\/bis-images\/2149\/movemedia-OD-2-700x800-f50_50.jpg 2x\" \/><\/div><\/li><li class=\"splide__slide\"><div class=\"block-productcat__item\"><img decoding=\"async\" width=\"350\" height=\"400\" src=\"https:\/\/pixmill.ee\/wp-content\/uploads\/bis-images\/2150\/MustikaOD-2-350x400-f50_50.jpg\" class=\"attachment-350x400\" alt=\"MustikaOD\" loading=\"lazy\" srcset=\"https:\/\/pixmill.ee\/wp-content\/uploads\/bis-images\/2150\/MustikaOD-2-350x400-f50_50.jpg 1x, https:\/\/pixmill.ee\/wp-content\/uploads\/bis-images\/2150\/MustikaOD-2-700x800-f50_50.jpg 2x\" \/><\/div><\/li><\/ul><\/div><div class=\"splide__arrows progress-arrows\"><button class=\"splide__arrow splide__arrow--prev\"><svg width=\"12\" height=\"22\" viewBox=\"0 0 12 22\" fill=\"none\" xmlns=\"http:\/\/www.w3.org\/2000\/svg\"><path d=\"M11 1L1 11L11 21\" stroke=\"currentColor\" stroke-width=\"2\" stroke-linecap=\"round\" stroke-linejoin=\"round\"\/><\/svg><\/button><div class=\"splide__progress\"><span class=\"splide__progress-bar\"><\/span><\/div><button class=\"splide__arrow splide__arrow--next\"><svg width=\"12\" height=\"22\" viewBox=\"0 0 12 22\" fill=\"none\" xmlns=\"http:\/\/www.w3.org\/2000\/svg\"><path d=\"M1 1L11 11L1 21\" stroke=\"currentColor\" stroke-width=\"2\" stroke-linecap=\"round\" stroke-linejoin=\"round\"\/><\/svg><\/button><\/div><\/div><\/div>\n\n<div id=\"valokuvausseinat\" class=\"ama-block block-products is-style-slider progress-splide\"><div class=\"block__header has-desc\"><h2>Kuvasein\u00e4t<\/h2><div class=\"wp-el classic-editor\"><p>Kuvaseini\u00e4 voidaan k\u00e4ytt\u00e4\u00e4 esimerkiksi syntym\u00e4p\u00e4ivill\u00e4, urheilutapahtumissa ja gaaloissa. L\u00e4hes mit\u00e4 tahansa kangasta tai tekstiili\u00e4 voidaan k\u00e4ytt\u00e4\u00e4 kuvasein\u00e4n\u00e4. Autamme neuvomaan, mik\u00e4 olisi paras ratkaisu sinun tapahtumaasi. Riippuen siit\u00e4 kuinka suuren haluat, haluatko kiinnitt\u00e4\u00e4 sen sein\u00e4\u00e4n vai tarvitsetko siihen my\u00f6s rungon. Meill\u00e4 on my\u00f6s varastossa erilaisia runkoja, joihin se voidaan kiinnitt\u00e4\u00e4.<\/p>\n<\/div><\/div><div class=\"block__body splide\" data-splide='{&quot;gap&quot;:&quot;var(--ama-gutter-double-x)&quot;,&quot;perPage&quot;:3,&quot;breakpoints&quot;:{&quot;567&quot;:{&quot;perPage&quot;:1},&quot;767&quot;:{&quot;perPage&quot;:2}},&quot;pagination&quot;:false}'><div class=\"splide__track\"><ul class=\"splide__list\"><li class=\"splide__slide\"><div class=\"block-productcat__item\"><img decoding=\"async\" width=\"350\" height=\"400\" src=\"https:\/\/pixmill.ee\/wp-content\/uploads\/bis-images\/2160\/EAL-fotosein-2-350x400-f50_50.jpeg\" class=\"attachment-350x400\" alt=\"EAL-fotosein\" loading=\"lazy\" srcset=\"https:\/\/pixmill.ee\/wp-content\/uploads\/bis-images\/2160\/EAL-fotosein-2-350x400-f50_50.jpeg 1x, https:\/\/pixmill.ee\/wp-content\/uploads\/bis-images\/2160\/EAL-fotosein-2-700x800-f50_50.jpeg 2x\" \/><\/div><\/li><li class=\"splide__slide\"><div class=\"block-productcat__item\"><img decoding=\"async\" width=\"350\" height=\"400\" src=\"https:\/\/pixmill.ee\/wp-content\/uploads\/bis-images\/2159\/TheLeague-fotosein-2-350x400-f50_50.jpeg\" class=\"attachment-350x400\" alt=\"TheLeague-fotosein\" loading=\"lazy\" srcset=\"https:\/\/pixmill.ee\/wp-content\/uploads\/bis-images\/2159\/TheLeague-fotosein-2-350x400-f50_50.jpeg 1x, https:\/\/pixmill.ee\/wp-content\/uploads\/bis-images\/2159\/TheLeague-fotosein-2-700x800-f50_50.jpeg 2x\" \/><\/div><\/li><li class=\"splide__slide\"><div class=\"block-productcat__item\"><img decoding=\"async\" width=\"350\" height=\"400\" src=\"https:\/\/pixmill.ee\/wp-content\/uploads\/bis-images\/2158\/Rocca-sobrapaev-2-350x400-f50_50.jpg\" class=\"attachment-350x400\" alt=\"Rocca-sobrapaev\" loading=\"lazy\" srcset=\"https:\/\/pixmill.ee\/wp-content\/uploads\/bis-images\/2158\/Rocca-sobrapaev-2-350x400-f50_50.jpg 1x, https:\/\/pixmill.ee\/wp-content\/uploads\/bis-images\/2158\/Rocca-sobrapaev-2-700x800-f50_50.jpg 2x\" \/><\/div><\/li><li class=\"splide__slide\"><div class=\"block-productcat__item\"><img decoding=\"async\" width=\"350\" height=\"400\" src=\"https:\/\/pixmill.ee\/wp-content\/uploads\/bis-images\/2157\/Rescovali-popup-fotosein-2-350x400-f50_50.jpeg\" class=\"attachment-350x400\" alt=\"Rescovali-popup-fotosein\" loading=\"lazy\" srcset=\"https:\/\/pixmill.ee\/wp-content\/uploads\/bis-images\/2157\/Rescovali-popup-fotosein-2-350x400-f50_50.jpeg 1x, https:\/\/pixmill.ee\/wp-content\/uploads\/bis-images\/2157\/Rescovali-popup-fotosein-2-700x800-f50_50.jpeg 2x\" \/><\/div><\/li><\/ul><\/div><div class=\"splide__arrows progress-arrows\"><button class=\"splide__arrow splide__arrow--prev\"><svg width=\"12\" height=\"22\" viewBox=\"0 0 12 22\" fill=\"none\" xmlns=\"http:\/\/www.w3.org\/2000\/svg\"><path d=\"M11 1L1 11L11 21\" stroke=\"currentColor\" stroke-width=\"2\" stroke-linecap=\"round\" stroke-linejoin=\"round\"\/><\/svg><\/button><div class=\"splide__progress\"><span class=\"splide__progress-bar\"><\/span><\/div><button class=\"splide__arrow splide__arrow--next\"><svg width=\"12\" height=\"22\" viewBox=\"0 0 12 22\" fill=\"none\" xmlns=\"http:\/\/www.w3.org\/2000\/svg\"><path d=\"M1 1L11 11L1 21\" stroke=\"currentColor\" stroke-width=\"2\" stroke-linecap=\"round\" stroke-linejoin=\"round\"\/><\/svg><\/button><\/div><\/div><\/div>\n\n<div id=\"esitystarvikkeet\" class=\"ama-block block-products is-style-slider progress-splide\"><div class=\"block__header has-desc\"><h2>Esittelytarvikkeet<\/h2><div class=\"wp-el classic-editor\"><p>Meilt\u00e4 voi tulosteiden lis\u00e4ksi tilata my\u00f6s erilaisia esittelytarvikkeita, jotka sopivat hyvin messuille, tapahtumiin ja showroomiin.<\/p>\n<p>Valikoimaan kuuluvat zipperwallit, popup-rungot, messup\u00f6yd\u00e4t, valokaapit ja roll-upit. N\u00e4m\u00e4 ovat yksinkertaisia ratkaisuja, jotka auttavat luomaan yhten\u00e4isen ja selke\u00e4n esillepanon ja joita on helppo k\u00e4ytt\u00e4\u00e4 sek\u00e4 suuremmissa ett\u00e4 pienemmiss\u00e4 tapahtumissa.<\/p>\n<\/div><\/div><div class=\"block__body splide\" data-splide='{&quot;gap&quot;:&quot;var(--ama-gutter-double-x)&quot;,&quot;perPage&quot;:3,&quot;breakpoints&quot;:{&quot;567&quot;:{&quot;perPage&quot;:1},&quot;767&quot;:{&quot;perPage&quot;:2}},&quot;pagination&quot;:false}'><div class=\"splide__track\"><ul class=\"splide__list\"><li class=\"splide__slide\"><div class=\"block-productcat__item\"><img decoding=\"async\" width=\"350\" height=\"400\" src=\"https:\/\/pixmill.ee\/wp-content\/uploads\/bis-images\/2166\/Surfilipp-2-350x400-f50_50.jpeg\" class=\"attachment-350x400\" alt=\"Surfilipp\" loading=\"lazy\" srcset=\"https:\/\/pixmill.ee\/wp-content\/uploads\/bis-images\/2166\/Surfilipp-2-350x400-f50_50.jpeg 1x, https:\/\/pixmill.ee\/wp-content\/uploads\/bis-images\/2166\/Surfilipp-2-700x800-f50_50.jpeg 2x\" \/><\/div><\/li><li class=\"splide__slide\"><div class=\"block-productcat__item\"><img decoding=\"async\" width=\"350\" height=\"400\" src=\"https:\/\/pixmill.ee\/wp-content\/uploads\/bis-images\/2165\/Messilaud-2-350x400-f50_50.jpeg\" class=\"attachment-350x400\" alt=\"Messilaud\" loading=\"lazy\" srcset=\"https:\/\/pixmill.ee\/wp-content\/uploads\/bis-images\/2165\/Messilaud-2-350x400-f50_50.jpeg 1x, https:\/\/pixmill.ee\/wp-content\/uploads\/bis-images\/2165\/Messilaud-2-700x800-f50_50.jpeg 2x\" \/><\/div><\/li><li class=\"splide__slide\"><div class=\"block-productcat__item\"><img decoding=\"async\" width=\"350\" height=\"400\" src=\"https:\/\/pixmill.ee\/wp-content\/uploads\/bis-images\/2164\/Esitluslaud-2-350x400-f50_50.jpeg\" class=\"attachment-350x400\" alt=\"Esitluslaud\" loading=\"lazy\" srcset=\"https:\/\/pixmill.ee\/wp-content\/uploads\/bis-images\/2164\/Esitluslaud-2-350x400-f50_50.jpeg 1x, https:\/\/pixmill.ee\/wp-content\/uploads\/bis-images\/2164\/Esitluslaud-2-700x800-f50_50.jpeg 2x\" \/><\/div><\/li><\/ul><\/div><div class=\"splide__arrows progress-arrows\"><button class=\"splide__arrow splide__arrow--prev\"><svg width=\"12\" height=\"22\" viewBox=\"0 0 12 22\" fill=\"none\" xmlns=\"http:\/\/www.w3.org\/2000\/svg\"><path d=\"M11 1L1 11L11 21\" stroke=\"currentColor\" stroke-width=\"2\" stroke-linecap=\"round\" stroke-linejoin=\"round\"\/><\/svg><\/button><div class=\"splide__progress\"><span class=\"splide__progress-bar\"><\/span><\/div><button class=\"splide__arrow splide__arrow--next\"><svg width=\"12\" height=\"22\" viewBox=\"0 0 12 22\" fill=\"none\" xmlns=\"http:\/\/www.w3.org\/2000\/svg\"><path d=\"M1 1L11 11L1 21\" stroke=\"currentColor\" stroke-width=\"2\" stroke-linecap=\"round\" stroke-linejoin=\"round\"\/><\/svg><\/button><\/div><\/div><\/div>","protected":false},"excerpt":{"rendered":"<p>Olemme markkinoijien suosikkeja, koska toteutamme jopa kaikkein hulluimmat ratkaisut yritysten n\u00e4kyvyyden lis\u00e4\u00e4miseksi.<\/p>\n","protected":false},"author":1,"featured_media":1564,"parent":1569,"menu_order":20,"comment_status":"closed","ping_status":"closed","template":"","meta":{"_acf_changed":false,"inline_featured_image":false,"footnotes":""},"class_list":["post-1563","page","type-page","status-publish","has-post-thumbnail","hentry"],"acf":[],"_links":{"self":[{"href":"https:\/\/pixmill.ee\/fi\/wp-json\/wp\/v2\/pages\/1563","targetHints":{"allow":["GET"]}}],"collection":[{"href":"https:\/\/pixmill.ee\/fi\/wp-json\/wp\/v2\/pages"}],"about":[{"href":"https:\/\/pixmill.ee\/fi\/wp-json\/wp\/v2\/types\/page"}],"author":[{"embeddable":true,"href":"https:\/\/pixmill.ee\/fi\/wp-json\/wp\/v2\/users\/1"}],"replies":[{"embeddable":true,"href":"https:\/\/pixmill.ee\/fi\/wp-json\/wp\/v2\/comments?post=1563"}],"version-history":[{"count":2,"href":"https:\/\/pixmill.ee\/fi\/wp-json\/wp\/v2\/pages\/1563\/revisions"}],"predecessor-version":[{"id":2100,"href":"https:\/\/pixmill.ee\/fi\/wp-json\/wp\/v2\/pages\/1563\/revisions\/2100"}],"up":[{"embeddable":true,"href":"https:\/\/pixmill.ee\/fi\/wp-json\/wp\/v2\/pages\/1569"}],"wp:featuredmedia":[{"embeddable":true,"href":"https:\/\/pixmill.ee\/fi\/wp-json\/wp\/v2\/media\/1564"}],"wp:attachment":[{"href":"https:\/\/pixmill.ee\/fi\/wp-json\/wp\/v2\/media?parent=1563"}],"curies":[{"name":"wp","href":"https:\/\/api.w.org\/{rel}","templated":true}]}}