{"id":1559,"date":"2026-02-18T12:17:11","date_gmt":"2026-02-18T10:17:11","guid":{"rendered":"https:\/\/pixmill.ee\/lisateenused\/"},"modified":"2026-03-05T13:56:30","modified_gmt":"2026-03-05T11:56:30","slug":"lisapalvelut","status":"publish","type":"page","link":"https:\/\/pixmill.ee\/fi\/palvelut\/lisapalvelut\/","title":{"rendered":"Lis\u00e4palvelut"},"content":{"rendered":"<div class=\"ama-block block-cards is-style-default\"><div class=\"block__body\"><div class=\"card-item\"><div class=\"is-content\"><p class=\"is-title\">Suunnittelu<\/p><div class=\"is-desc classic-editor\"><p>Tarvittaessa autamme painotuotteiden suunnittelussa ja valmistelussa, jotta lopputulos olisi visuaalisesti selke\u00e4 ja teknisesti oikein toteutettu. Voimme mukauttaa olemassa olevia tiedostoja tai auttaa l\u00f6yt\u00e4m\u00e4\u00e4n sopivan ratkaisun materiaalin, mittojen ja k\u00e4ytt\u00f6tarkoituksen mukaan. Suunnittelupalvelu sek\u00e4 olemassa olevien tiedostojen muokkaus laskutetaan tuntiperusteisesti.<\/p>\n<\/div><\/div><div class=\"is-end\"><div class=\"wp-block-button is-style-readmore\"><a href=\"https:\/\/pixmill.ee\/fi\/yhteystiedot\/\" class=\"wp-block-button__link\">Ota yhteytt\u00e4<\/a><\/div><img loading=\"lazy\" decoding=\"async\" width=\"120\" height=\"120\" src=\"https:\/\/pixmill.ee\/wp-content\/uploads\/2026\/02\/BGkleepsud-120x120.jpg\" class=\"attachment-thumbnail size-thumbnail\" alt=\"\" \/><\/div><\/div><div class=\"card-item\"><div class=\"is-content\"><p class=\"is-title\">Ompelupalvelu<\/p><div class=\"is-desc classic-editor\"><p>Tarjoamme ammattimaisia ompelupalveluita erilaisille kankaille ja tekstiileille. Toteutamme reunojen viimeistelyn, vahvistetut saumat sek\u00e4 lis\u00e4\u00e4mme tarvittaessa silikoninauhoja (SEG), tarranauhoja ja vetoketjuja.<\/p>\n<p>Tarjoamme ompelupalvelua my\u00f6s asiakkaan omille materiaaleille, mahdollistaen joustavat ja projektikohtaiset ratkaisut.<\/p>\n<\/div><\/div><div class=\"is-end\"><div class=\"wp-block-button is-style-readmore\"><a href=\"https:\/\/pixmill.ee\/fi\/yhteystiedot\/\" class=\"wp-block-button__link\">Tilaa palvelu<\/a><\/div><img loading=\"lazy\" decoding=\"async\" width=\"120\" height=\"120\" src=\"https:\/\/pixmill.ee\/wp-content\/uploads\/2026\/02\/IMG_9366-scaled-1-120x120.jpg\" class=\"attachment-thumbnail size-thumbnail\" alt=\"\" \/><\/div><\/div><div class=\"card-item\"><div class=\"is-content\"><p class=\"is-title\">Asennus<\/p><div class=\"is-desc classic-editor\"><p>Vaikka Pixmill ei tarjoa asennuspalvelua itse, teemme yhteisty\u00f6t\u00e4 pitk\u00e4aikaisten ja luotettavien asennuskumppaneiden kanssa. Tarvittaessa autamme l\u00f6yt\u00e4m\u00e4\u00e4n sopivan ratkaisun ja olemme suoraan yhteydess\u00e4 asentajiin, jotta koko prosessi sujuu mahdollisimman vaivattomasti.<\/p>\n<\/div><\/div><div class=\"is-end\"><div class=\"wp-block-button is-style-readmore\"><a href=\"https:\/\/pixmill.ee\/fi\/yhteystiedot\/\" class=\"wp-block-button__link\">Haluan asennuksen<\/a><\/div><img loading=\"lazy\" decoding=\"async\" width=\"120\" height=\"120\" src=\"https:\/\/pixmill.ee\/wp-content\/uploads\/2026\/03\/Ronimisministeerium-Mustikas-120x120.png\" class=\"attachment-thumbnail size-thumbnail\" alt=\"\" \/><\/div><\/div><div class=\"card-item\"><div class=\"is-content\"><p class=\"is-title\">Projektinhallinta<\/p><div class=\"is-desc classic-editor\"><p>Suurempien ja monimutkaisempien t\u00f6iden kohdalla autamme koko prosessin ajan projektinhallinnassa. Autamme suunnittelemaan ratkaisun, teemme tarvittaessa mittaukset ja teemme tiivist\u00e4 yhteisty\u00f6t\u00e4 asennustiimin kanssa, jotta ty\u00f6 valmistuu nopeasti ja oikein. Tavoitteemme on, ett\u00e4 projekti sujuu mutkattomasti alusta loppuun.<\/p>\n<\/div><\/div><div class=\"is-end\"><div class=\"wp-block-button is-style-readmore\"><a href=\"https:\/\/pixmill.ee\/fi\/yhteystiedot\/\" class=\"wp-block-button__link\">Minulla on suuri projekti<\/a><\/div><img loading=\"lazy\" decoding=\"async\" width=\"120\" height=\"120\" src=\"https:\/\/pixmill.ee\/wp-content\/uploads\/2026\/02\/kevin-renno-tagasiside-120x120.png\" class=\"attachment-thumbnail size-thumbnail\" alt=\"\" \/><\/div><\/div><div class=\"card-item\"><div class=\"is-content\"><p class=\"is-title\">J\u00e4lkik\u00e4sittely<\/p><div class=\"is-desc classic-editor\"><p>Painatuksen lis\u00e4ksi tarjoamme my\u00f6s erilaisia j\u00e4lkik\u00e4sittelyratkaisuja, jotta valmis tuote on heti valmis asennettavaksi tai k\u00e4ytt\u00f6\u00f6n. Toteutamme ty\u00f6t tarkasti materiaalin ja projektin vaatimusten mukaisesti, varmistaen laadukkaan ja kest\u00e4v\u00e4n lopputuloksen.<\/p>\n<\/div><\/div><div class=\"is-end\"><div class=\"wp-block-button is-style-readmore\"><a href=\"https:\/\/pixmill.ee\/fi\/yhteystiedot\/\" class=\"wp-block-button__link\">Tilaa palvelu<\/a><\/div><img loading=\"lazy\" decoding=\"async\" width=\"120\" height=\"120\" src=\"https:\/\/pixmill.ee\/wp-content\/uploads\/2026\/03\/Rocca-sobrapaev-120x120.jpg\" class=\"attachment-thumbnail size-thumbnail\" alt=\"\" \/><\/div><\/div><\/div><\/div>","protected":false},"excerpt":{"rendered":"<p>Tarjoamme painatuksen lis\u00e4ksi my\u00f6s lis\u00e4palveluita \u2013 suunnittelua ja tiedostojen valmistelua, ammattimaista ompelua, asennuksen koordinointia sek\u00e4 projektinhallintaa. Autamme varmistamaan, ett\u00e4 jokainen ty\u00f6 valmistuu oikein ja sujuvasti alusta loppuun.<\/p>\n","protected":false},"author":1,"featured_media":1560,"parent":1569,"menu_order":18,"comment_status":"closed","ping_status":"closed","template":"","meta":{"_acf_changed":false,"inline_featured_image":false,"footnotes":""},"class_list":["post-1559","page","type-page","status-publish","has-post-thumbnail","hentry"],"acf":[],"_links":{"self":[{"href":"https:\/\/pixmill.ee\/fi\/wp-json\/wp\/v2\/pages\/1559","targetHints":{"allow":["GET"]}}],"collection":[{"href":"https:\/\/pixmill.ee\/fi\/wp-json\/wp\/v2\/pages"}],"about":[{"href":"https:\/\/pixmill.ee\/fi\/wp-json\/wp\/v2\/types\/page"}],"author":[{"embeddable":true,"href":"https:\/\/pixmill.ee\/fi\/wp-json\/wp\/v2\/users\/1"}],"replies":[{"embeddable":true,"href":"https:\/\/pixmill.ee\/fi\/wp-json\/wp\/v2\/comments?post=1559"}],"version-history":[{"count":3,"href":"https:\/\/pixmill.ee\/fi\/wp-json\/wp\/v2\/pages\/1559\/revisions"}],"predecessor-version":[{"id":2270,"href":"https:\/\/pixmill.ee\/fi\/wp-json\/wp\/v2\/pages\/1559\/revisions\/2270"}],"up":[{"embeddable":true,"href":"https:\/\/pixmill.ee\/fi\/wp-json\/wp\/v2\/pages\/1569"}],"wp:featuredmedia":[{"embeddable":true,"href":"https:\/\/pixmill.ee\/fi\/wp-json\/wp\/v2\/media\/1560"}],"wp:attachment":[{"href":"https:\/\/pixmill.ee\/fi\/wp-json\/wp\/v2\/media?parent=1559"}],"curies":[{"name":"wp","href":"https:\/\/api.w.org\/{rel}","templated":true}]}}