{"id":1555,"date":"2026-02-27T10:10:31","date_gmt":"2026-02-27T08:10:31","guid":{"rendered":"https:\/\/pixmill.ee\/info\/meist\/"},"modified":"2026-03-05T13:58:37","modified_gmt":"2026-03-05T11:58:37","slug":"meista","status":"publish","type":"page","link":"https:\/\/pixmill.ee\/fi\/info\/meista\/","title":{"rendered":"Meist\u00e4"},"content":{"rendered":"<div class=\"ama-block block-txtmedia reverse-order\"><div class=\"block__body\"><div class=\"body__content\"><div class=\"inner\">\n\n<h2 class=\"wp-block-heading wp-el\">Yrityksest\u00e4<\/h2>\n\n\n\n<p class=\"wp-el\"><strong>Pixmill Estonia O\u00dc on digipainoyritys.<\/strong><\/p>\n\n\n\n<p class=\"wp-el\">Olemme erikoistuneet suurkuvatulostuksen palveluihin vuodesta 1999. Suurkuvatulostus tunnetaan painoalalla nimell\u00e4 XXL. Olemme suuri painotalo, mutta emme pelk\u00e4\u00e4 my\u00f6sk\u00e4\u00e4n pieni\u00e4 painot\u00f6it\u00e4. Tarjoamme my\u00f6s tarroja, flyereita ja muita pienempi\u00e4 painotuotteita.<\/p>\n\n\n\n<p class=\"wp-el\">Yritys aloitti toimintansa vuonna 1999 nimell\u00e4 Macroprint. Vuonna 2009 yritys liittyi suomalaiseen konserniin, mink\u00e4 j\u00e4lkeen jatkoimme toimintaa nimell\u00e4 Pixmill Estonia O\u00dc. Kymmenen vuoden toiminnan j\u00e4lkeen suomalaisen emoyhti\u00f6n osana yrityksen nykyinen johtaja Kendy Sagadi p\u00e4\u00e4tti tehd\u00e4 Pixmill Estoniasta j\u00e4lleen itsen\u00e4isen. Kes\u00e4st\u00e4 2024 l\u00e4htien Pixmill Estonia toimii taas virolaisena yrityksen\u00e4.<\/p>\n\n<\/div><\/div><div class=\"body__media\"><div class=\"splide ama_light_gallery_block\" data-splide={\"type\":\"fade\",\"arrows\":false,\"pagination\":false}><div class=\"splide__track\"><ul class=\"splide__list\"><li class=\"splide__slide\"><a class=\"txtmedia-slide\" href=\"https:\/\/pixmill.ee\/wp-content\/uploads\/2026\/02\/DSC_2876-1170x784.jpg\" data-poster=\"https:\/\/pixmill.ee\/wp-content\/uploads\/2026\/02\/DSC_2876-120x120.jpg\"><img decoding=\"async\" width=\"570\" height=\"640\" src=\"https:\/\/pixmill.ee\/wp-content\/uploads\/bis-images\/1629\/DSC_2876-570x640-f50_50.jpg\" class=\"attachment-570x640\" alt=\"DSC_2876\" loading=\"lazy\" srcset=\"https:\/\/pixmill.ee\/wp-content\/uploads\/bis-images\/1629\/DSC_2876-570x640-f50_50.jpg 1x, https:\/\/pixmill.ee\/wp-content\/uploads\/bis-images\/1629\/DSC_2876-1140x1280-f50_50.jpg 2x\" \/><\/a><\/li><\/ul><\/div><\/div><\/div><\/div><\/div>\n\n<div class=\"ama-block block-logos is-style-slider\"><div class=\"block__body slick-carousel\"><div class=\"logo-item\"><img decoding=\"async\" width=\"50\" height=\"50\" src=\"https:\/\/pixmill.ee\/wp-content\/uploads\/bis-images\/1712\/eal-logo-150x50.png\" class=\"attachment-150x50\" alt=\"eal-logo\" loading=\"lazy\" \/><\/div><div class=\"logo-item\"><img decoding=\"async\" width=\"150\" height=\"24\" src=\"https:\/\/pixmill.ee\/wp-content\/uploads\/bis-images\/1713\/en-logo-150x50.png\" class=\"attachment-150x50\" alt=\"en-logo\" loading=\"lazy\" \/><\/div><div class=\"logo-item\"><img decoding=\"async\" width=\"145\" height=\"50\" src=\"https:\/\/pixmill.ee\/wp-content\/uploads\/bis-images\/1711\/logo-rimi-150x50.png\" class=\"attachment-150x50\" alt=\"logo-rimi\" loading=\"lazy\" \/><\/div><div class=\"logo-item\"><img loading=\"lazy\" decoding=\"async\" src=\"https:\/\/pixmill.ee\/wp-content\/uploads\/2026\/02\/t1.svg\" width=\"50\" height=\"39\" alt=\"\"><\/div><div class=\"logo-item\"><img loading=\"lazy\" decoding=\"async\" src=\"https:\/\/pixmill.ee\/wp-content\/uploads\/2026\/02\/stockmann.svg\" width=\"150\" height=\"37\" alt=\"\"><\/div><div class=\"logo-item\"><img decoding=\"async\" width=\"150\" height=\"33\" src=\"https:\/\/pixmill.ee\/wp-content\/uploads\/bis-images\/1714\/expodesign-logo-150x50.jpg\" class=\"attachment-150x50\" alt=\"expodesign-logo\" loading=\"lazy\" \/><\/div><div class=\"logo-item\"><img decoding=\"async\" width=\"150\" height=\"20\" src=\"https:\/\/pixmill.ee\/wp-content\/uploads\/bis-images\/1715\/rescoval-logo-150x50.png\" class=\"attachment-150x50\" alt=\"rescoval-logo\" loading=\"lazy\" \/><\/div><div class=\"logo-item\"><img decoding=\"async\" width=\"150\" height=\"50\" src=\"https:\/\/pixmill.ee\/wp-content\/uploads\/bis-images\/1716\/the-league-logo-150x50.png\" class=\"attachment-150x50\" alt=\"the-league-logo\" loading=\"lazy\" \/><\/div><div class=\"logo-item\"><img decoding=\"async\" width=\"103\" height=\"50\" src=\"https:\/\/pixmill.ee\/wp-content\/uploads\/bis-images\/1717\/kuma-print-logo-150x50.png\" class=\"attachment-150x50\" alt=\"kuma-print-logo\" loading=\"lazy\" \/><\/div><div class=\"logo-item\"><img decoding=\"async\" width=\"150\" height=\"38\" src=\"https:\/\/pixmill.ee\/wp-content\/uploads\/bis-images\/1718\/logo-circlek-150x50.png\" class=\"attachment-150x50\" alt=\"logo-circlek\" loading=\"lazy\" \/><\/div><\/div><\/div>\n\n\n<div class=\"wp-block-columns is-layout-flex wp-container-core-columns-is-layout-28f84493 wp-block-columns-is-layout-flex\">\n<div class=\"wp-block-column is-style-default is-layout-flow wp-block-column-is-layout-flow\">\n<h2 class=\"wp-block-heading wp-el\">Miksi valita Pixmill?<\/h2>\n\n\n\n<p class=\"wp-el\">Meill\u00e4 on pitk\u00e4aikainen kokemus erilaisista painoratkaisuista. Kev\u00e4\u00e4ll\u00e4 ja syksyll\u00e4 teemme paljon t\u00f6it\u00e4 messuille sek\u00e4 Virossa ett\u00e4 ulkomailla. Ymp\u00e4ri vuoden autamme urheilukilpailujen ja festivaalien j\u00e4rjest\u00e4ji\u00e4 visuaalisilla ratkaisuilla. Teemme sek\u00e4 pienempi\u00e4 t\u00f6it\u00e4 ett\u00e4 laajoja projekteja ja autamme l\u00f6yt\u00e4m\u00e4\u00e4n sopivimman materiaalin ja l\u00e4hestymistavan.<\/p>\n\n\n\n<p class=\"wp-el\">Katso \u201cTehdyt ty\u00f6t\u201d -kategoriasta tuottamiamme messuratkaisuja, projekteja joissa olemme olleet mukana ja ideoita my\u00f6s pienempiin painotuotteisiin.<\/p>\n\n\n\n<p class=\"wp-el\">Olemme aina valmiita auttamaan, olipa ty\u00f6 kuinka suuri tai pieni tahansa. Kirjoita tai soita meille ja mietit\u00e4\u00e4n ratkaisu yhdess\u00e4.<\/p>\n\n\n\n<div class=\"wp-block-buttons is-layout-flex wp-block-buttons-is-layout-flex\">\n<div class=\"wp-block-button\"><a class=\"wp-block-button__link wp-element-button\" href=\"https:\/\/pixmill.ee\/fi\/toteutetut-tyot\/\">Tehdyt ty\u00f6t<\/a><\/div>\n<\/div>\n<\/div>\n\n\n\n<div class=\"wp-block-column is-style-default is-layout-flow wp-block-column-is-layout-flow\">\n<div data-fullscreen=\"disabled\" data-mode=\"normal\" data-oembed=\"1\" data-provider=\"youtube\" data-reset-after-played id=\"arve-youtube-ctpmevtzv48\" class=\"arve\" class=\"wp-block-nextgenthemes-arve-block\">\n\t<div class=\"arve-inner\">\n\t\t<div class=\"arve-embed arve-embed--has-aspect-ratio\">\n\t\t\t<div class=\"arve-ar\" style=\"padding-top:56.250000%\"><\/div>\n\t\t\t<iframe allow=\"accelerometer &apos;none&apos;;autoplay &apos;none&apos;;bluetooth &apos;none&apos;;browsing-topics &apos;none&apos;;camera &apos;none&apos;;clipboard-read &apos;none&apos;;clipboard-write;display-capture &apos;none&apos;;encrypted-media &apos;none&apos;;gamepad &apos;none&apos;;geolocation &apos;none&apos;;gyroscope &apos;none&apos;;hid &apos;none&apos;;identity-credentials-get &apos;none&apos;;idle-detection &apos;none&apos;;keyboard-map &apos;none&apos;;local-fonts;magnetometer &apos;none&apos;;microphone &apos;none&apos;;midi &apos;none&apos;;otp-credentials &apos;none&apos;;payment &apos;none&apos;;picture-in-picture;publickey-credentials-create &apos;none&apos;;publickey-credentials-get &apos;none&apos;;screen-wake-lock &apos;none&apos;;serial &apos;none&apos;;summarizer &apos;none&apos;;sync-xhr;usb &apos;none&apos;;web-share;window-management &apos;none&apos;;xr-spatial-tracking &apos;none&apos;;\" allowfullscreen=\"\" class=\"arve-iframe fitvidsignore\" credentialless data-arve=\"arve-youtube-ctpmevtzv48\" data-lenis-prevent=\"\" data-src-no-ap=\"https:\/\/www.youtube-nocookie.com\/embed\/ctpmEvTzV48?feature=oembed&amp;iv_load_policy=3&amp;modestbranding=1&amp;rel=0&amp;autohide=1&amp;playsinline=0&amp;autoplay=0&amp;enablejsapi=1\" frameborder=\"0\" height=\"0\" loading=\"lazy\" name=\"\" referrerpolicy=\"strict-origin-when-cross-origin\" sandbox=\"allow-scripts allow-same-origin allow-presentation allow-popups allow-popups-to-escape-sandbox\" scrolling=\"no\" src=\"https:\/\/www.youtube-nocookie.com\/embed\/ctpmEvTzV48?feature=oembed&#038;iv_load_policy=3&#038;modestbranding=1&#038;rel=0&#038;autohide=1&#038;playsinline=0&#038;autoplay=0&#038;enablejsapi=1\" title=\"PixMill introduction video\" width=\"0\"><\/iframe>\n\t\t\t\n\t\t<\/div>\n\t\t\n\t<\/div>\n\t\n\t\n\t<script type=\"application\/ld+json\">{\"@context\":\"http:\\\/\\\/schema.org\\\/\",\"@id\":\"https:\\\/\\\/pixmill.ee\\\/fi\\\/info\\\/meista\\\/#arve-youtube-ctpmevtzv48\",\"type\":\"VideoObject\",\"embedURL\":\"https:\\\/\\\/www.youtube-nocookie.com\\\/embed\\\/ctpmEvTzV48?feature=oembed&iv_load_policy=3&modestbranding=1&rel=0&autohide=1&playsinline=0&autoplay=0&enablejsapi=1\",\"name\":\"PixMill introduction video\",\"thumbnailUrl\":\"https:\\\/\\\/i.ytimg.com\\\/vi\\\/ctpmEvTzV48\\\/hqdefault.jpg\",\"uploadDate\":\"2026-02-27T08:00:06Z\",\"author\":\"Pixmill Estonia O\\u00dc\",\"description\":\"In this video, we introduce our production facility, printing equipment, and the different printing solutions we offer.\\n\\nYou\\u2019ll get an overview of our modern UV, sublimation and latex printers, as well as our CNC cutting capabilities and material options. We show how we produce large format graphics, signs, stickers, exhibition displays, and custom solutions for various applications.\\n\\nFrom file preparation to finished product, this video gives you a look inside our daily production and the technology behind our print services.\"}<\/script>\n\t\n<\/div><\/div>\n<\/div>\n","protected":false},"excerpt":{"rendered":"<p>Miksi valita Pixmill? Meill\u00e4 on pitk\u00e4aikainen kokemus erilaisista painoratkaisuista. Kev\u00e4\u00e4ll\u00e4 ja syksyll\u00e4 teemme paljon t\u00f6it\u00e4 messuille sek\u00e4 Virossa ett\u00e4 ulkomailla&#8230;.<\/p>\n","protected":false},"author":1,"featured_media":0,"parent":1520,"menu_order":26,"comment_status":"closed","ping_status":"closed","template":"","meta":{"_acf_changed":false,"inline_featured_image":false,"footnotes":""},"class_list":["post-1555","page","type-page","status-publish","hentry"],"acf":[],"_links":{"self":[{"href":"https:\/\/pixmill.ee\/fi\/wp-json\/wp\/v2\/pages\/1555","targetHints":{"allow":["GET"]}}],"collection":[{"href":"https:\/\/pixmill.ee\/fi\/wp-json\/wp\/v2\/pages"}],"about":[{"href":"https:\/\/pixmill.ee\/fi\/wp-json\/wp\/v2\/types\/page"}],"author":[{"embeddable":true,"href":"https:\/\/pixmill.ee\/fi\/wp-json\/wp\/v2\/users\/1"}],"replies":[{"embeddable":true,"href":"https:\/\/pixmill.ee\/fi\/wp-json\/wp\/v2\/comments?post=1555"}],"version-history":[{"count":3,"href":"https:\/\/pixmill.ee\/fi\/wp-json\/wp\/v2\/pages\/1555\/revisions"}],"predecessor-version":[{"id":2272,"href":"https:\/\/pixmill.ee\/fi\/wp-json\/wp\/v2\/pages\/1555\/revisions\/2272"}],"up":[{"embeddable":true,"href":"https:\/\/pixmill.ee\/fi\/wp-json\/wp\/v2\/pages\/1520"}],"wp:attachment":[{"href":"https:\/\/pixmill.ee\/fi\/wp-json\/wp\/v2\/media?parent=1555"}],"curies":[{"name":"wp","href":"https:\/\/api.w.org\/{rel}","templated":true}]}}