{"id":1530,"date":"2026-02-27T10:10:55","date_gmt":"2026-02-27T08:10:55","guid":{"rendered":"https:\/\/pixmill.ee\/kontakt\/"},"modified":"2026-03-05T12:33:53","modified_gmt":"2026-03-05T10:33:53","slug":"yhteystiedot","status":"publish","type":"page","link":"https:\/\/pixmill.ee\/fi\/yhteystiedot\/","title":{"rendered":"Yhteystiedot"},"content":{"rendered":"<div class=\"ama-block block-team\"><div class=\"block__body\"><div class=\"tm-item\"><div class=\"item__thumb\"><img decoding=\"async\" width=\"370\" height=\"370\" src=\"https:\/\/pixmill.ee\/wp-content\/uploads\/bis-images\/1184\/erli-lehtsaar-370x370-f50_50.png\" class=\"attachment-370x370\" alt=\"erli-lehtsaar\" loading=\"lazy\" srcset=\"https:\/\/pixmill.ee\/wp-content\/uploads\/bis-images\/1184\/erli-lehtsaar-370x370-f50_50.png 1x, https:\/\/pixmill.ee\/wp-content\/uploads\/bis-images\/1184\/erli-lehtsaar-740x740-f50_50.png 2x\" \/><\/div><div class=\"item__content\"><p class=\"has-large-font-size fw-semibold\">Erli Lehtsaar<\/p><p class=\"has-small-font-size\">Myyntiassistentti<\/p><div class=\"c-methods\"><p><a href=\"mailto:erli@pixmill.ee\">erli@pixmill.ee<\/a><\/p><p><a href=\"tel:+372%205855%202686\">+372 5855 2686<\/a><\/p><\/div><div class=\"tm-langs\"><span class=\"tm-lang tm-lang--est\" aria-label=\"EST\"><\/span><span class=\"tm-lang tm-lang--eng\" aria-label=\"ENG\"><\/span><\/div><\/div><\/div><div class=\"tm-item\"><div class=\"item__thumb\"><img decoding=\"async\" width=\"370\" height=\"370\" src=\"https:\/\/pixmill.ee\/wp-content\/uploads\/bis-images\/1188\/kertty-helerand-370x370-f50_50.png\" class=\"attachment-370x370\" alt=\"kertty-helerand\" loading=\"lazy\" srcset=\"https:\/\/pixmill.ee\/wp-content\/uploads\/bis-images\/1188\/kertty-helerand-370x370-f50_50.png 1x, https:\/\/pixmill.ee\/wp-content\/uploads\/bis-images\/1188\/kertty-helerand-740x740-f50_50.png 2x\" \/><\/div><div class=\"item__content\"><p class=\"has-large-font-size fw-semibold\">Kertty Helerand<\/p><p class=\"has-small-font-size\">Projektip\u00e4\u00e4llikk\u00f6<\/p><div class=\"c-methods\"><p><a href=\"mailto:kertty@pixmill.ee\">kertty@pixmill.ee<\/a><\/p><p><a href=\"tel:+372%205304%204471\">+372 5304 4471<\/a><\/p><\/div><div class=\"tm-langs\"><span class=\"tm-lang tm-lang--est\" aria-label=\"EST\"><\/span><span class=\"tm-lang tm-lang--eng\" aria-label=\"ENG\"><\/span><span class=\"tm-lang tm-lang--fin\" aria-label=\"FIN\"><\/span><\/div><\/div><\/div><div class=\"tm-item\"><div class=\"item__thumb\"><img decoding=\"async\" width=\"370\" height=\"370\" src=\"https:\/\/pixmill.ee\/wp-content\/uploads\/bis-images\/1192\/kristel-randalu-370x370-f50_50.png\" class=\"attachment-370x370\" alt=\"kristel-randalu\" loading=\"lazy\" srcset=\"https:\/\/pixmill.ee\/wp-content\/uploads\/bis-images\/1192\/kristel-randalu-370x370-f50_50.png 1x, https:\/\/pixmill.ee\/wp-content\/uploads\/bis-images\/1192\/kristel-randalu-740x740-f50_50.png 2x\" \/><\/div><div class=\"item__content\"><p class=\"has-large-font-size fw-semibold\">Kristel Randalu<\/p><p class=\"has-small-font-size\">Myynnin ja markkinoinnin projektip\u00e4\u00e4llikk\u00f6<\/p><div class=\"c-methods\"><p><a href=\"mailto:kristel@pixmill.ee\">kristel@pixmill.ee<\/a><\/p><p><a href=\"tel:+372%20502%207108\">+372 502 7108<\/a><\/p><\/div><div class=\"tm-langs\"><span class=\"tm-lang tm-lang--est\" aria-label=\"EST\"><\/span><span class=\"tm-lang tm-lang--eng\" aria-label=\"ENG\"><\/span><\/div><\/div><\/div><div class=\"tm-item\"><div class=\"item__thumb\"><img decoding=\"async\" width=\"370\" height=\"370\" src=\"https:\/\/pixmill.ee\/wp-content\/uploads\/bis-images\/1196\/sergei-dubovik-370x370-f50_50.png\" class=\"attachment-370x370\" alt=\"sergei-dubovik\" loading=\"lazy\" srcset=\"https:\/\/pixmill.ee\/wp-content\/uploads\/bis-images\/1196\/sergei-dubovik-370x370-f50_50.png 1x, https:\/\/pixmill.ee\/wp-content\/uploads\/bis-images\/1196\/sergei-dubovik-740x740-f50_50.png 2x\" \/><\/div><div class=\"item__content\"><p class=\"has-large-font-size fw-semibold\">Sergei Dubovik<\/p><p class=\"has-small-font-size\">Logistiikka<\/p><div class=\"c-methods\"><p><a href=\"mailto:transport@pixmill.ee\">transport@pixmill.ee<\/a><\/p><p><a href=\"tel:+372%205430%200410\">+372 5430 0410<\/a><\/p><\/div><\/div><\/div><div class=\"tm-item\"><div class=\"item__thumb\"><img decoding=\"async\" width=\"370\" height=\"370\" src=\"https:\/\/pixmill.ee\/wp-content\/uploads\/bis-images\/1204\/marek-aigro-370x370-f50_50.png\" class=\"attachment-370x370\" alt=\"marek-aigro\" loading=\"lazy\" srcset=\"https:\/\/pixmill.ee\/wp-content\/uploads\/bis-images\/1204\/marek-aigro-370x370-f50_50.png 1x, https:\/\/pixmill.ee\/wp-content\/uploads\/bis-images\/1204\/marek-aigro-740x740-f50_50.png 2x\" \/><\/div><div class=\"item__content\"><p class=\"has-large-font-size fw-semibold\">Marek Aigro<\/p><p class=\"has-small-font-size\">Tuotantop\u00e4\u00e4llikk\u00f6<\/p><div class=\"c-methods\"><p><a href=\"mailto:marek.aigro@pixmill.ee\">marek.aigro@pixmill.ee<\/a><\/p><p><a href=\"tel:+372%20502%200775\">+372 502 0775<\/a><\/p><\/div><\/div><\/div><div class=\"tm-item\"><div class=\"item__thumb\"><img decoding=\"async\" width=\"370\" height=\"370\" src=\"https:\/\/pixmill.ee\/wp-content\/uploads\/bis-images\/1200\/kendy-sagadi-370x370-f50_50.png\" class=\"attachment-370x370\" alt=\"kendy-sagadi\" loading=\"lazy\" srcset=\"https:\/\/pixmill.ee\/wp-content\/uploads\/bis-images\/1200\/kendy-sagadi-370x370-f50_50.png 1x, https:\/\/pixmill.ee\/wp-content\/uploads\/bis-images\/1200\/kendy-sagadi-740x740-f50_50.png 2x\" \/><\/div><div class=\"item__content\"><p class=\"has-large-font-size fw-semibold\">Kendy Sagadi<\/p><p class=\"has-small-font-size\">Hallitus<\/p><div class=\"c-methods\"><p><a href=\"mailto:kendy@pixmill.ee\">kendy@pixmill.ee<\/a><\/p><p><a href=\"tel:+372%205390%206432\">+372 5390 6432<\/a><\/p><\/div><\/div><\/div><\/div><\/div>\n\n<div class=\"ama-block block-bgcolor\">\n\n<div class=\"wp-block-contact-form-7-contact-form-selector wp-el\">\n<div class=\"wpcf7 no-js\" id=\"wpcf7-f1176-o1\" lang=\"fi\" dir=\"ltr\" data-wpcf7-id=\"1176\">\n<div class=\"screen-reader-response\"><p role=\"status\" aria-live=\"polite\" aria-atomic=\"true\"><\/p> <ul><\/ul><\/div>\n<form action=\"\/fi\/wp-json\/wp\/v2\/pages\/1530#wpcf7-f1176-o1\" method=\"post\" class=\"wpcf7-form init\" aria-label=\"Yhteydenottolomake\" novalidate=\"novalidate\" data-status=\"init\">\n<fieldset class=\"hidden-fields-container\"><input type=\"hidden\" name=\"_wpcf7\" value=\"1176\" \/><input type=\"hidden\" name=\"_wpcf7_version\" value=\"6.1.5\" \/><input type=\"hidden\" name=\"_wpcf7_locale\" value=\"fi\" \/><input type=\"hidden\" name=\"_wpcf7_unit_tag\" value=\"wpcf7-f1176-o1\" \/><input type=\"hidden\" name=\"_wpcf7_container_post\" value=\"0\" \/><input type=\"hidden\" name=\"_wpcf7_posted_data_hash\" value=\"\" \/><input type=\"hidden\" name=\"_wpcf7dtx_version\" value=\"5.0.5\" \/>\n<\/fieldset>\n<div class=\"cf7-cols\">\n    <div class=\"cf7-col-left\">\n        <div class=\"row row-grid\">\n            <div class=\"col-12\"><h4>Tilaajan tiedot<\/h4><\/div>\n            <div class=\"col-12 col-md-6\">\n                <span class=\"wpcf7-form-control-wrap\" data-name=\"your-name\"><input size=\"40\" maxlength=\"400\" class=\"wpcf7-form-control wpcf7-text wpcf7-validates-as-required\" autocomplete=\"name\" aria-required=\"true\" aria-invalid=\"false\" placeholder=\"Etunimi ja sukunimi *\" value=\"\" type=\"text\" name=\"your-name\" \/><\/span>\n                <span class=\"wpcf7-form-control-wrap\" data-name=\"your-email\"><input size=\"40\" maxlength=\"400\" class=\"wpcf7-form-control wpcf7-email wpcf7-validates-as-required wpcf7-text wpcf7-validates-as-email\" autocomplete=\"email\" aria-required=\"true\" aria-invalid=\"false\" placeholder=\"S\u00e4hk\u00f6postiosoite *\" value=\"\" type=\"email\" name=\"your-email\" \/><\/span>\n            <\/div>\n            <div class=\"col-12 col-md-6\">\n                <span class=\"wpcf7-form-control-wrap\" data-name=\"your-company-name\"><input size=\"40\" maxlength=\"400\" class=\"wpcf7-form-control wpcf7-text\" aria-invalid=\"false\" placeholder=\"Yrityksen nimi\" value=\"\" type=\"text\" name=\"your-company-name\" \/><\/span>\n                <span class=\"wpcf7-form-control-wrap\" data-name=\"your-phone\"><input size=\"40\" maxlength=\"400\" class=\"wpcf7-form-control wpcf7-text\" aria-invalid=\"false\" placeholder=\"Puhelinnumero\" value=\"\" type=\"text\" name=\"your-phone\" \/><\/span>\n            <\/div>\n        <\/div>\n        <div class=\"row row-grid\">\n            <div class=\"col-12\">\n                <h4>Idean tai toiveen kuvaus vapaamuotoisesti<\/h4>\n                <span class=\"wpcf7-form-control-wrap\" data-name=\"your-message\"><textarea cols=\"40\" rows=\"10\" maxlength=\"2000\" class=\"wpcf7-form-control wpcf7-textarea\" aria-invalid=\"false\" placeholder=\"Kirjoita niin kuin osaat. Teknisist\u00e4 yksityiskohdista ei tarvitse huolehtia \u2013 autamme niiden m\u00e4\u00e4ritt\u00e4misess\u00e4 yhdess\u00e4 \ud83d\ude0a\" name=\"your-message\"><\/textarea><\/span>\n            <\/div>\n        <\/div>\n    <\/div>\n    <div class=\"cf7-col-right\">\n        <div class=\"row\">\n            <div class=\"col-12 col-fill-height\">\n                <h4>Tiedostojen lis\u00e4\u00e4minen<\/h4>\n                <p>Suurempien tai monimutkaisempien t\u00f6iden kohdalla suosimme tiedostolinkki\u00e4, koska se on teknisesti luotettavin tapa siirt\u00e4\u00e4 suuria tiedostoja.<\/p>\n                <p>Suosittelemme k\u00e4ytt\u00e4m\u00e4\u00e4n <a href=\"https:\/\/wetransfer.com\/\" target=\"_blank\" rel=\"noopener\">WeTransfer<\/a>, <a href=\"https:\/\/drive.google.com\/\" target=\"_blank\" rel=\"noopener\">Google Drive<\/a>, <a href=\"https:\/\/www.dropbox.com\/\" target=\"_blank\" rel=\"noopener\">Dropbox<\/a> tai muuta laadukasta pilvipohjaista tiedostonhallintapalvelua.<\/p>\n                <span class=\"wpcf7-form-control-wrap\" data-name=\"your-url\"><input size=\"40\" maxlength=\"400\" class=\"wpcf7-form-control wpcf7-url wpcf7-text wpcf7-validates-as-url\" aria-invalid=\"false\" placeholder=\"Lis\u00e4\u00e4 tiedostolinkki t\u00e4h\u00e4n\" value=\"\" type=\"url\" name=\"your-url\" \/><\/span>\n            <\/div>\n            <div class=\"col-12 text-end\">\n                <input class=\"wpcf7-form-control wpcf7-submit has-spinner\" type=\"submit\" value=\"L\u00e4het\u00e4 pyynt\u00f6\" \/>\n            <\/div>\n        <\/div>\n    <\/div>\n<\/div><div class=\"wpcf7-response-output\" aria-hidden=\"true\"><\/div>\n<\/form>\n<\/div>\n<\/div>\n\n<\/div>","protected":false},"excerpt":{"rendered":"<p>Katso tiimimme j\u00e4senten kuvat ja yhteystiedot tai l\u00e4het\u00e4 kysely yhteydenottolomakkeen kautta.<\/p>\n","protected":false},"author":1,"featured_media":1184,"parent":0,"menu_order":39,"comment_status":"closed","ping_status":"closed","template":"","meta":{"_acf_changed":false,"inline_featured_image":false,"footnotes":""},"class_list":["post-1530","page","type-page","status-publish","has-post-thumbnail","hentry"],"acf":[],"_links":{"self":[{"href":"https:\/\/pixmill.ee\/fi\/wp-json\/wp\/v2\/pages\/1530","targetHints":{"allow":["GET"]}}],"collection":[{"href":"https:\/\/pixmill.ee\/fi\/wp-json\/wp\/v2\/pages"}],"about":[{"href":"https:\/\/pixmill.ee\/fi\/wp-json\/wp\/v2\/types\/page"}],"author":[{"embeddable":true,"href":"https:\/\/pixmill.ee\/fi\/wp-json\/wp\/v2\/users\/1"}],"replies":[{"embeddable":true,"href":"https:\/\/pixmill.ee\/fi\/wp-json\/wp\/v2\/comments?post=1530"}],"version-history":[{"count":3,"href":"https:\/\/pixmill.ee\/fi\/wp-json\/wp\/v2\/pages\/1530\/revisions"}],"predecessor-version":[{"id":2134,"href":"https:\/\/pixmill.ee\/fi\/wp-json\/wp\/v2\/pages\/1530\/revisions\/2134"}],"wp:featuredmedia":[{"embeddable":true,"href":"https:\/\/pixmill.ee\/fi\/wp-json\/wp\/v2\/media\/1184"}],"wp:attachment":[{"href":"https:\/\/pixmill.ee\/fi\/wp-json\/wp\/v2\/media?parent=1530"}],"curies":[{"name":"wp","href":"https:\/\/api.w.org\/{rel}","templated":true}]}}