{"id":1528,"date":"2026-02-27T10:13:24","date_gmt":"2026-02-27T08:13:24","guid":{"rendered":"https:\/\/pixmill.ee\/privaatsuspoliitika\/"},"modified":"2026-03-05T11:20:30","modified_gmt":"2026-03-05T09:20:30","slug":"tietosuojakaytanto","status":"publish","type":"page","link":"https:\/\/pixmill.ee\/fi\/tietosuojakaytanto\/","title":{"rendered":"Tietosuojak\u00e4yt\u00e4nt\u00f6"},"content":{"rendered":" <p class=\"wp-el\"><strong>PIXMILL ESTONIA O\u00dc on sitoutunut suojaamaan asiakkaiden ja k\u00e4ytt\u00e4jien yksityisyytt\u00e4. T\u00e4m\u00e4n perusteella olemme laatineet n\u00e4m\u00e4 tietosuojak\u00e4yt\u00e4nn\u00f6n periaatteet, jotka k\u00e4sittelev\u00e4t henkil\u00f6tietojen ker\u00e4\u00e4mist\u00e4, k\u00e4ytt\u00f6\u00e4, luovuttamista, siirt\u00e4mist\u00e4 ja s\u00e4ilytt\u00e4mist\u00e4. Toimintamme internetiss\u00e4 on kaikkien asiaankuuluvien toimintojen sek\u00e4 Euroopan unionin lains\u00e4\u00e4d\u00e4nn\u00f6n ja Viron tasavallan lakien mukaista. K\u00e4yt\u00e4 hetki aikaa ja tutustu tietosuojaperiaatteisiimme.<\/strong><\/p>   <p class=\"wp-el\">Verkkokaupasta vastaa PIXMILL ESTONIA O\u00dc (rek.nro 11814042), Piirim\u00e4e 3, T\u00e4nassilma, 76406 Harjun maakunta, Viro<\/p>   <h2 class=\"wp-block-heading wp-el\">KER\u00c4TT\u00c4V\u00c4T JA K\u00c4SITELT\u00c4V\u00c4T HENKIL\u00d6TIEDOT<\/h2>   <ol class=\"wp-block-list wp-el\"> <li>Asiakkaan etu- ja sukunimi.<\/li>   <li>Asiakkaan puhelinnumero.<\/li>   <li>Asiakkaan s\u00e4hk\u00f6postiosoite.<\/li>   <li>Tavaran toimitusosoite.<\/li>   <li>Asiakkaan l\u00e4hett\u00e4m\u00e4t suunnitelmat, mainokset tai muut materiaalit.<\/li>   <li>Asiakkaan l\u00e4hett\u00e4miss\u00e4 s\u00e4hk\u00f6posteissa tai tehdyiss\u00e4 kyselyiss\u00e4 oleva tieto.<\/li>   <li>Asiakkaan pankkitilin numero.<\/li>   <li>Tavaroiden ja palveluiden kustannus sek\u00e4 maksuihin liittyv\u00e4t tiedot.<\/li>   <li>Viestint\u00e4 asiakkaan ja PIXMILL ESTONIA O\u00dc:n v\u00e4lill\u00e4.<\/li>   <li>Asiakkaan IP-osoite.<\/li> <\/ol>   <h2 class=\"wp-block-heading wp-el\">HENKIL\u00d6TIETOJEN K\u00c4SITTELYN TARKOITUKSET<\/h2>   <p class=\"wp-el\">Tietosuojak\u00e4yt\u00e4nn\u00f6ss\u00e4 mainittuja asiakkaasta ker\u00e4tt\u00e4vi\u00e4 henkil\u00f6tietoja k\u00e4sitell\u00e4\u00e4n ainoastaan palvelun tarjoamiseksi, palvelun mahdollistamiseksi, sopimusten valmisteluun sek\u00e4 verkkosivuston k\u00e4yt\u00f6n mahdollistamiseksi.<\/p>   <ul class=\"wp-block-list wp-el\"> <li>Henkil\u00f6tietoja k\u00e4ytet\u00e4\u00e4n asiakkaan tilausten hallintaan ja tavaroiden toimittamiseen.<\/li>   <li>Ostohistorian tietoja k\u00e4ytet\u00e4\u00e4n ostettujen tuotteiden ja palvelujen yhteenvedon laatimiseen, asiakaspreferenssien analysointiin sek\u00e4 muun muassa kuluttajariitojen ratkaisemiseen.<\/li>   <li>Pankkitilin numeroa k\u00e4ytet\u00e4\u00e4n maksujen palauttamiseen asiakkaalle.<\/li>   <li>Henkil\u00f6tietoja kuten s\u00e4hk\u00f6posti, puhelinnumero ja asiakkaan nimi k\u00e4sitell\u00e4\u00e4n tavaroiden ja palvelujen tarjoamiseen liittyvien kysymysten ratkaisemiseksi.<\/li>   <li>S\u00e4hk\u00f6postia k\u00e4ytet\u00e4\u00e4n my\u00f6s laskujen l\u00e4hett\u00e4miseen ja puhelinnumeroa k\u00e4ytet\u00e4\u00e4n ilmoittamaan, kun tavara on saapunut pakettiautomaattiin.<\/li>   <li>Verkkokaupan k\u00e4ytt\u00e4j\u00e4n IP-osoitetta tai muita verkkotunnisteita k\u00e4sitell\u00e4\u00e4n verkkokaupan tarjoamiseksi tietoyhteiskunnan palveluna sek\u00e4 verkkok\u00e4yt\u00f6n tilastointiin.<\/li> <\/ul>   <h2 class=\"wp-block-heading wp-el\">TIETOJEN K\u00c4SITTELYN OIKEUDELLINEN PERUSTE<\/h2>   <ul class=\"wp-block-list wp-el\"> <li>Henkil\u00f6tietojen k\u00e4sittely tapahtuu asiakkaan kanssa tehdyn sopimuksen t\u00e4ytt\u00e4miseksi (tilausten hallinta, toimitus, tavaroiden ja maksujen palautus).<\/li>   <li>Henkil\u00f6tietojen k\u00e4sittely tapahtuu lakis\u00e4\u00e4teisen velvoitteen t\u00e4ytt\u00e4miseksi (esim. kirjanpito).<\/li>   <li>Henkil\u00f6tietojen k\u00e4sittely on tarpeen rekisterinpit\u00e4j\u00e4n oikeutetun edun vuoksi.<\/li>   <li>Tietojen k\u00e4sittely tapahtuu asiakkaan suostumuksella: suoramarkkinointitarkoituksiin.<\/li> <\/ul>   <h2 class=\"wp-block-heading wp-el\">HENKIL\u00d6TIETOJEN JAKAMINEN<\/h2>   <p class=\"wp-el\">Emme luovuta asiakkaan henkil\u00f6tietoja kolmansille osapuolille, paitsi seuraavissa tapauksissa:<\/p>   <ul class=\"wp-block-list wp-el\"> <li>Henkil\u00f6tietojen siirt\u00e4minen alihankkijoille tai yhteisty\u00f6kumppaneille palvelun tarjoamiseen liittyen, jos tietojen siirto mahdollistaa palvelun tarjoamisen.<\/li>   <li>Lakis\u00e4\u00e4teisen velvoitteen vuoksi paljastaa tai jakaa asiakkaan henkil\u00f6tietoja (erityisesti laissa m\u00e4\u00e4r\u00e4ttyihin tarkoituksiin, esimerkiksi tuomioistuimen p\u00e4\u00e4t\u00f6ksen perusteella tai rikosten ehk\u00e4isemiseksi, asiakkaan el\u00e4m\u00e4n ja terveyden suojelemiseksi).<\/li>   <li>Palvelun tarjoamisen varmistamiseksi.<\/li>   <li>Yrityksen myynnin, osittaisen tai kokonaan, tai yritysj\u00e4rjestelyn vuoksi. T\u00e4ss\u00e4 tapauksessa ryhdymme kaikkiin tarvittaviin toimenpiteisiin asiakkaan henkil\u00f6tietojen jatkuvan suojan varmistamiseksi.<\/li>   <li>Tarjotun palvelun parantamiseksi ja kehitt\u00e4miseksi. Kolmansia osapuolia pidet\u00e4\u00e4n t\u00e4ll\u00f6in henkil\u00f6tietojen k\u00e4sittelij\u00f6in\u00e4.<\/li> <\/ul>   <h2 class=\"wp-block-heading wp-el\">HENKIL\u00d6TIETOJEN S\u00c4ILYTT\u00c4MINEN JA SUOJAAMINEN<\/h2>   <ul class=\"wp-block-list wp-el\"> <li>Kaikki asiakkaasta ker\u00e4tyt henkil\u00f6tiedot s\u00e4ilytet\u00e4\u00e4n palvelimilla, jotka sijaitsevat Euroopan unionin tai Euroopan talousalueen maissa.<\/li>   <li>Asiakkaaseen liittyvi\u00e4 henkil\u00f6tietoja, joita PIXMILL ESTONIA O\u00dc k\u00e4ytt\u00e4\u00e4 palvelun tarjoamiseen ja tilausten t\u00e4ytt\u00e4miseen, s\u00e4ilytet\u00e4\u00e4n enint\u00e4\u00e4n 10 vuotta siit\u00e4 hetkest\u00e4, kun tiedot ovat tulleet Pixmill Estonia O\u00dc:n k\u00e4ytt\u00f6\u00f6n tai kunnes kaikki n\u00e4ihin tietoihin liittyv\u00e4t mahdolliset vaateet ovat vanhentuneet. Kirjanpidon tositteita s\u00e4ilytet\u00e4\u00e4n kirjanpitolain mukaisesti 7 vuotta.<\/li>   <li>Asiakkaan henkil\u00f6tietoihin on p\u00e4\u00e4sy vain ty\u00f6ntekij\u00f6ill\u00e4mme ja hallintoelinten j\u00e4senill\u00e4, joilla on oikeus k\u00e4ytt\u00e4\u00e4 henkil\u00f6tietoja vain palvelun tarjoamiseen ja verkkosivuston hallintaan liittyen.<\/li>   <li>Sovellettavan lains\u00e4\u00e4d\u00e4nn\u00f6n vuoksi meill\u00e4 voi olla lis\u00e4velvoitteita s\u00e4ilytt\u00e4\u00e4 tiettyj\u00e4 henkil\u00f6tietoja.<\/li> <\/ul>   <h2 class=\"wp-block-heading wp-el\">HENKIL\u00d6TIETOJEN TARKASTAMINEN JA KORJAAMINEN<\/h2>   <p class=\"wp-el\">Henkil\u00f6tietoihin voi tutustua ja niit\u00e4 voi korjata verkkokaupan k\u00e4ytt\u00e4j\u00e4profiilissa tai asiakastuen kautta. Jos ostos on tehty ilman k\u00e4ytt\u00e4j\u00e4tili\u00e4, henkil\u00f6tietoihin voi tutustua asiakastuen kautta. Jos henkil\u00f6tietojen tarkastuspyynt\u00f6 on tehty s\u00e4hk\u00f6isesti, tiedot toimitetaan my\u00f6s yleisesti k\u00e4ytettyjen s\u00e4hk\u00f6isten v\u00e4lineiden kautta.<\/p>   <p class=\"wp-el\">Asiakkaalla on oikeus pyyt\u00e4\u00e4 henkil\u00f6tietojensa k\u00e4sittelyn rajoittamista, jos tiedot ovat virheellisi\u00e4 tai puutteellisia tai jos henkil\u00f6tietoja k\u00e4sitell\u00e4\u00e4n lainvastaisesti.<\/p>   <p class=\"wp-el\">Asiakkaalla on oikeus vastustaa henkil\u00f6tietojensa k\u00e4sittely\u00e4, jos h\u00e4nell\u00e4 on syyt\u00e4 uskoa, ett\u00e4 k\u00e4sittelylle ei ole laillista perustetta.<\/p>   <h2 class=\"wp-block-heading wp-el\">POISTAMINEN<\/h2>   <p class=\"wp-el\">Henkil\u00f6tietojen poistamiseksi tulee ottaa yhteytt\u00e4 asiakastukeen s\u00e4hk\u00f6postitse. Poistopyynt\u00f6\u00f6n vastataan viimeist\u00e4\u00e4n kuukauden kuluessa ja samalla t\u00e4smennet\u00e4\u00e4n tietojen poistamisen ajankohta. Vastauksessa ilmoitetaan my\u00f6s ne henkil\u00f6tiedot, joita ei poisteta, sek\u00e4 niiden oikeudellinen peruste ja syy.<\/p>   <h2 class=\"wp-block-heading wp-el\">SUORAMARKKINOINTIVIESTIT<\/h2>   <p class=\"wp-el\">S\u00e4hk\u00f6postiosoitetta ja puhelinnumeroa k\u00e4ytet\u00e4\u00e4n suoramarkkinointiviestien l\u00e4hett\u00e4miseen, jos asiakas on antanut siihen suostumuksensa. Jos asiakas ei halua vastaanottaa suoramarkkinointiviestej\u00e4, h\u00e4nen tulee valita s\u00e4hk\u00f6postin alareunassa oleva linkki tai ottaa yhteytt\u00e4 asiakastukeen.<\/p>   <h2 class=\"wp-block-heading wp-el\">RIITOJEN RATKAISEMINEN<\/h2>   <p class=\"wp-el\">Henkil\u00f6tietojen k\u00e4sittelyyn liittyv\u00e4t riidat ratkaistaan asiakastuen kautta osoitteessa <a href=\"mailto:myyk@pixmill.ee\">myyk@pixmill.ee<\/a> tai soittamalla numeroon <a href=\"tel:37258559826\">(+372) 5855 9826<\/a>.<\/p>   <p class=\"wp-el\">Valvontaviranomainen: Viron tietosuojavaltuutettu<\/p> ","protected":false},"excerpt":{"rendered":"<p>PIXMILL ESTONIA O\u00dc on sitoutunut suojaamaan asiakkaiden ja k\u00e4ytt\u00e4jien yksityisyytt\u00e4. T\u00e4m\u00e4n perusteella olemme laatineet n\u00e4m\u00e4 tietosuojak\u00e4yt\u00e4nn\u00f6n periaatteet, jotka k\u00e4sittelev\u00e4t henkil\u00f6tietojen&#8230;<\/p>\n","protected":false},"author":1,"featured_media":0,"parent":0,"menu_order":44,"comment_status":"closed","ping_status":"closed","template":"","meta":{"_acf_changed":false,"inline_featured_image":false,"footnotes":""},"class_list":["post-1528","page","type-page","status-publish","hentry"],"acf":[],"_links":{"self":[{"href":"https:\/\/pixmill.ee\/fi\/wp-json\/wp\/v2\/pages\/1528","targetHints":{"allow":["GET"]}}],"collection":[{"href":"https:\/\/pixmill.ee\/fi\/wp-json\/wp\/v2\/pages"}],"about":[{"href":"https:\/\/pixmill.ee\/fi\/wp-json\/wp\/v2\/types\/page"}],"author":[{"embeddable":true,"href":"https:\/\/pixmill.ee\/fi\/wp-json\/wp\/v2\/users\/1"}],"replies":[{"embeddable":true,"href":"https:\/\/pixmill.ee\/fi\/wp-json\/wp\/v2\/comments?post=1528"}],"version-history":[{"count":2,"href":"https:\/\/pixmill.ee\/fi\/wp-json\/wp\/v2\/pages\/1528\/revisions"}],"predecessor-version":[{"id":2066,"href":"https:\/\/pixmill.ee\/fi\/wp-json\/wp\/v2\/pages\/1528\/revisions\/2066"}],"wp:attachment":[{"href":"https:\/\/pixmill.ee\/fi\/wp-json\/wp\/v2\/media?parent=1528"}],"curies":[{"name":"wp","href":"https:\/\/api.w.org\/{rel}","templated":true}]}}