{"id":1526,"date":"2026-02-27T10:15:44","date_gmt":"2026-02-27T08:15:44","guid":{"rendered":"https:\/\/pixmill.ee\/muugitingimused\/"},"modified":"2026-03-05T11:29:54","modified_gmt":"2026-03-05T09:29:54","slug":"myyntiehdot","status":"publish","type":"page","link":"https:\/\/pixmill.ee\/fi\/myyntiehdot\/","title":{"rendered":"Myyntiehdot"},"content":{"rendered":" <p class=\"wp-el\">Verkkokaupasta vastaa PIXMILL ESTONIA O\u00dc (rek.nro 11814042),&nbsp;Piirim\u00e4e 3, T\u00e4nassilma, 76406 Harjun maakunta, Viro<\/p>   <h2 class=\"wp-block-heading wp-el\">Myyntisopimuksen voimassaolo, tuotetiedot ja hintatiedot<\/h2>   <p class=\"wp-el\">Myyntiehdot ovat voimassa, kun ostetaan tavaroita verkkokaupasta.<\/p>   <p class=\"wp-el\">Verkkokaupassa myyt\u00e4vien tuotteiden hinnat on merkitty tuotteiden yhteyteen. Hintaan lis\u00e4t\u00e4\u00e4n arvonlis\u00e4vero ja tavaran toimitusmaksu.<\/p>   <p class=\"wp-el\">Toimitusmaksu riippuu ostajan sijainnista ja toimitustavasta. Toimitusmaksu n\u00e4ytet\u00e4\u00e4n ostajalle tilauksen tekemisen yhteydess\u00e4.<\/p>   <p class=\"wp-el\">Tavaraa koskevat tiedot on esitetty verkkokaupassa suoraan tavaran yhteydess\u00e4.<\/p>   <h2 class=\"wp-block-heading wp-el\">Tilauksen tekeminen<\/h2>   <p class=\"wp-el\">Tavaran tilaamiseksi lis\u00e4\u00e4 halutut tuotteet ostoskoriin. Tilauksen tekemiseksi t\u00e4yt\u00e4 vaaditut tietokent\u00e4t ja valitse sopiva toimitustapa. T\u00e4m\u00e4n j\u00e4lkeen n\u00e4yt\u00f6lle ilmestyy maksettava summa, jonka voi maksaa pankkilinkin kautta tai muulla maksutavalla.<\/p>   <p class=\"wp-el\">Sopimus tulee voimaan, kun maksettava summa on saapunut verkkokaupan pankkitilille.<\/p>   <p class=\"wp-el\">Jos tilattua tavaraa ei ole mahdollista toimittaa tavaran loppumisen tai muun syyn vuoksi, ostajalle ilmoitetaan siit\u00e4 mahdollisimman pian ja maksettu raha (mukaan lukien toimituskulut) palautetaan yleens\u00e4 1\u20132 arkip\u00e4iv\u00e4n kuluessa. Maksutavasta riippuen palautus voi kest\u00e4\u00e4 enint\u00e4\u00e4n 7 arkip\u00e4iv\u00e4\u00e4.<\/p>   <h2 class=\"wp-block-heading wp-el\">Toimitus<\/h2>   <p class=\"wp-el\">Tavaroita toimitetaan seuraaviin maihin: Viro, Suomi.<\/p>   <p class=\"wp-el\">Toimituskulut maksaa ostaja, ja vastaavat hintatiedot n\u00e4ytet\u00e4\u00e4n toimitustavan yhteydess\u00e4.<\/p>   <p class=\"wp-el\">Viron sis\u00e4iset l\u00e4hetykset saapuvat yleens\u00e4 ostajan m\u00e4\u00e4ritt\u00e4m\u00e4\u00e4n kohteeseen 3\u20137 arkip\u00e4iv\u00e4n kuluessa myyntisopimuksen voimaantulosta. Toimitus Viron ulkopuolelle tapahtuu 10 kalenterip\u00e4iv\u00e4n kuluessa.<\/p>   <p class=\"wp-el\">Poikkeustapauksissa tavarat voidaan toimittaa enint\u00e4\u00e4n 30 kalenterip\u00e4iv\u00e4n kuluessa.<\/p>   <h2 class=\"wp-block-heading wp-el\">Peruuttamisoikeus<\/h2>   <p class=\"wp-el\">Tilauksen vastaanottamisen j\u00e4lkeen ostajalla on oikeus peruuttaa verkkokaupassa tehty sopimus 14 p\u00e4iv\u00e4n kuluessa, lukuun ottamatta velvoiteoikeuslain \u00a7 53:n 4 momentissa lueteltuja tapauksia. (Esim. tavaran luovuttaminen, joka on valmistettu kuluttajan antamien ehtojen mukaisesti.)<br>Peruuttamisoikeus ei koske ostajaa, joka on oikeushenkil\u00f6.<\/p>   <p class=\"wp-el\">14 p\u00e4iv\u00e4n palautusoikeuden k\u00e4ytt\u00e4miseksi tilattua tavaraa ei saa k\u00e4ytt\u00e4\u00e4 muulla tavoin kuin mik\u00e4 on tarpeen tavaran luonteen, ominaisuuksien ja toimivuuden toteamiseksi samalla tavalla kuin tavaran testaaminen on sallittua fyysisess\u00e4 myym\u00e4l\u00e4ss\u00e4.<\/p>   <p class=\"wp-el\">Jos tavaraa on k\u00e4ytetty muuhun tarkoitukseen kuin tavaran luonteen, ominaisuuksien ja toimivuuden toteamiseksi tai siin\u00e4 on k\u00e4yt\u00f6n tai kulumisen merkkej\u00e4, verkkokaupalla on oikeus alentaa palautettavaa summaa tavaran arvon alenemisen mukaisesti.<\/p>   <p class=\"wp-el\">Tavaran palauttamiseksi tulee esitt\u00e4\u00e4 peruuttamisilmoitus&nbsp; ja l\u00e4hett\u00e4\u00e4 se s\u00e4hk\u00f6postiosoitteeseen viimeist\u00e4\u00e4n 14 p\u00e4iv\u00e4n kuluessa tavaran vastaanottamisesta.<\/p>   <p class=\"wp-el\">Palautuskulut maksaa ostaja, paitsi jos palautuksen syyn\u00e4 on se, ett\u00e4 palautettava tavara ei vastaa tilausta (esim. v\u00e4\u00e4r\u00e4 tai viallinen tavara).<\/p>   <p class=\"wp-el\">Ostajan tulee palauttaa tavara 14 p\u00e4iv\u00e4n kuluessa peruuttamisilmoituksen tekemisest\u00e4 tai esitt\u00e4\u00e4 todiste, ett\u00e4 tavara on luovutettu kuljetusyhti\u00f6lle edell\u00e4 mainitun ajan kuluessa.<\/p>   <p class=\"wp-el\">Verkkokauppa palauttaa palautetun tavaran vastaanottamisen j\u00e4lkeen ostajalle viipym\u00e4tt\u00e4, kuitenkin viimeist\u00e4\u00e4n 14 p\u00e4iv\u00e4n kuluessa peruuttamisilmoituksen vastaanottamisesta, kaikki ostajalta sopimuksen perusteella saadut maksut.<\/p>   <p class=\"wp-el\">Verkkokauppa voi kielt\u00e4yty\u00e4 maksujen palauttamisesta, kunnes se on saanut takaisin sopimuksen kohteena olevan tavaran tai kunnes ostaja on esitt\u00e4nyt todisteet tavaran l\u00e4hett\u00e4misest\u00e4 takaisin, riippuen siit\u00e4, kumpi tapahtuu ensin.<\/p>   <p class=\"wp-el\">Jos ostaja on nimenomaisesti valinnut toimitustavan, joka poikkeaa verkkokaupan tarjoamasta edullisimmasta tavanomaisesta toimitustavasta, verkkokaupan ei tarvitse palauttaa kuluttajalle kustannusta, joka ylitt\u00e4\u00e4 tavanomaisen toimitustavan kustannuksen.<\/p>   <p class=\"wp-el\">Verkkokaupalla on oikeus peruuttaa myyntitapahtuma ja vaatia tavara takaisin ostajalta, jos tavaran hinta verkkokaupassa on virheen vuoksi merkitty olennaisesti alle tavaran markkinahinnan.<\/p>   <h2 class=\"wp-block-heading wp-el\">Reklamaatio-oikeus<\/h2>   <p class=\"wp-el\">Verkkokauppa vastaa ostajalle myydyn tavaran sopimusehtojen vastaisuudesta tai viasta, joka oli olemassa jo tavaran luovutushetkell\u00e4 ja joka ilmenee enint\u00e4\u00e4n kahden vuoden kuluessa tavaran luovuttamisesta ostajalle. Ensimm\u00e4isen vuoden aikana tavaran luovutuksesta ostajalle oletetaan, ett\u00e4 vika oli olemassa jo luovutushetkell\u00e4. T\u00e4m\u00e4n oletuksen kumoaminen on verkkokaupan velvollisuus.<\/p>   <p class=\"wp-el\">Vian ilmetess\u00e4 ostajalla on oikeus ottaa yhteytt\u00e4 verkkokauppaan viimeist\u00e4\u00e4n kahden kuukauden kuluessa l\u00e4hett\u00e4m\u00e4ll\u00e4 s\u00e4hk\u00f6postia osoitteeseen <a href=\"mailto:myyk@pixmill.ee\">myyk@pixmill.ee<\/a> tai soittamalla numeroon: <a href=\"tel:37258559826\">(+372) 5855 9826<\/a>.<\/p>   <p class=\"wp-el\">Verkkokauppa ei vastaa vioista, jotka ovat syntyneet tavaran luovutuksen j\u00e4lkeen kuluttajan toiminnan tai laiminly\u00f6nnin vuoksi (v\u00e4\u00e4r\u00e4 k\u00e4ytt\u00f6, onnettomuus tms.) tai jos kyse on normaalista kulumisesta, joka johtuu tavaran tavanomaisesta k\u00e4yt\u00f6st\u00e4.<\/p>   <p class=\"wp-el\">Jos verkkokaupasta ostetussa tavarassa on vikoja, joista verkkokauppa vastaa, verkkokauppa korjaa tai vaihtaa viallisen tavaran. Jos tavaraa ei ole mahdollista korjata tai vaihtaa, verkkokauppa palauttaa ostajalle kaikki myyntisopimukseen liittyneet maksut.<\/p>   <p class=\"wp-el\">Verkkokauppa vastaa kuluttajan esitt\u00e4m\u00e4\u00e4n valitukseen kirjallisesti tai kirjallisesti toistettavassa muodossa 15 p\u00e4iv\u00e4n kuluessa.<\/p>   <h2 class=\"wp-block-heading wp-el\">Riitojen ratkaiseminen<\/h2>   <p class=\"wp-el\">Jos ostajalla on verkkokauppaa koskevia valituksia, ne tulee ensin l\u00e4hett\u00e4\u00e4 s\u00e4hk\u00f6postiosoitteeseen <a href=\"mailto:myyk@pixmill.ee\">myyk@pixmill.ee<\/a> tai soittaa numeroon: <a href=\"tel:37258559826\">(+372) 5855 9826<\/a>.<\/p>   <p class=\"wp-el\">Jos ostaja ja verkkokauppa eiv\u00e4t pysty ratkaisemaan riitaa sopimuksella, ostajalla on mahdollisuus k\u00e4\u00e4nty\u00e4 kuluttajariitalautakunnan puoleen. Kuluttajariitalautakunnan toimivaltaan kuuluu ostajan ja verkkokaupan v\u00e4lisest\u00e4 sopimuksesta johtuvien riitojen ratkaiseminen. Ostajan valituksen k\u00e4sittely lautakunnassa on maksutonta.<\/p>   <p class=\"wp-el\">Ostaja voi k\u00e4\u00e4nty\u00e4 Euroopan unionin kuluttajariitojen ratkaisualustan puoleen.<\/p> ","protected":false},"excerpt":{"rendered":"<p>Verkkokaupasta vastaa PIXMILL ESTONIA O\u00dc (rek.nro 11814042),&nbsp;Piirim\u00e4e 3, T\u00e4nassilma, 76406 Harjun maakunta, Viro Myyntisopimuksen voimassaolo, tuotetiedot ja hintatiedot Myyntiehdot ovat&#8230;<\/p>\n","protected":false},"author":1,"featured_media":0,"parent":0,"menu_order":41,"comment_status":"closed","ping_status":"closed","template":"","meta":{"_acf_changed":false,"inline_featured_image":false,"footnotes":""},"class_list":["post-1526","page","type-page","status-publish","hentry"],"acf":[],"_links":{"self":[{"href":"https:\/\/pixmill.ee\/fi\/wp-json\/wp\/v2\/pages\/1526","targetHints":{"allow":["GET"]}}],"collection":[{"href":"https:\/\/pixmill.ee\/fi\/wp-json\/wp\/v2\/pages"}],"about":[{"href":"https:\/\/pixmill.ee\/fi\/wp-json\/wp\/v2\/types\/page"}],"author":[{"embeddable":true,"href":"https:\/\/pixmill.ee\/fi\/wp-json\/wp\/v2\/users\/1"}],"replies":[{"embeddable":true,"href":"https:\/\/pixmill.ee\/fi\/wp-json\/wp\/v2\/comments?post=1526"}],"version-history":[{"count":2,"href":"https:\/\/pixmill.ee\/fi\/wp-json\/wp\/v2\/pages\/1526\/revisions"}],"predecessor-version":[{"id":2069,"href":"https:\/\/pixmill.ee\/fi\/wp-json\/wp\/v2\/pages\/1526\/revisions\/2069"}],"wp:attachment":[{"href":"https:\/\/pixmill.ee\/fi\/wp-json\/wp\/v2\/media?parent=1526"}],"curies":[{"name":"wp","href":"https:\/\/api.w.org\/{rel}","templated":true}]}}