{"id":1523,"date":"2026-02-27T10:17:43","date_gmt":"2026-02-27T08:17:43","guid":{"rendered":"https:\/\/pixmill.ee\/info\/tasub-teada\/"},"modified":"2026-03-05T12:33:28","modified_gmt":"2026-03-05T10:33:28","slug":"hyva-tietaa","status":"publish","type":"page","link":"https:\/\/pixmill.ee\/fi\/info\/hyva-tietaa\/","title":{"rendered":"Hyv\u00e4 tiet\u00e4\u00e4"},"content":{"rendered":"<div class=\"ama-block block-stats\"><div class=\"block__body\"><div class=\"accordion\" id=\"accordion-block_80875abf938f4fa0632b4b4150071504\"><div class=\"accordion-item\" id=\"kuinka-lahettaa-painotiedosto\"><button class=\"accordion-button collapsed\" type=\"button\" data-bs-toggle=\"collapse\" data-bs-target=\"#collapse-block_80875abf938f4fa0632b4b41500715041\" aria-expanded=\"false\" aria-controls=\"collapse-block_80875abf938f4fa0632b4b41500715041\"><span class=\"accordion-name\">Kuinka l\u00e4hett\u00e4\u00e4 painotiedosto?<\/span><span class=\"accordion-toggle\"><\/span><\/button><div id=\"collapse-block_80875abf938f4fa0632b4b41500715041\" class=\"accordion-collapse collapse\" data-bs-parent=\"#accordion-block_80875abf938f4fa0632b4b4150071504\"><div class=\"accordion-body\"><div class=\"a-el a_editor classic-editor\"><p>Lue huolellisesti, niin teemme ty\u00f6si nopeasti ja vaivattomasti.<\/p>\n<ul>\n<li>Pyyd\u00e4mme olemaan l\u00e4hett\u00e4m\u00e4tt\u00e4 painotiedoston valmistamiseen MS Office -ohjelmiston tiedostoja; emme voi tulostaa niit\u00e4.<\/li>\n<li>Tallenna tiedostonimet ilman erikoismerkkej\u00e4.<\/li>\n<li>Overprint eli ylipainatus ei ole suositeltavaa.<\/li>\n<\/ul>\n<p>Viel\u00e4 muutama t\u00e4rke\u00e4 seikka:<\/p>\n<ul>\n<li>Bleed 3 mm tulee lis\u00e4t\u00e4.<\/li>\n<li>Suositeltu painotiedosto on PDF\/X-4-standardin mukaisesti tallennettu vektorigrafiikan komposiitti-PDF.<\/li>\n<li>Suositeltu resoluutio 1:1 100 dpi (superlaaja formaatti), 150\u2013300 dpi (laaja formaatti), 600\u20131000 dpi (valokuvanlaatua vaativat ja pieniformaattiset tiedostot).<\/li>\n<li>CMYK (ICC-profiili Coated FOGRA39)<\/li>\n<li>L\u00e4het\u00e4 PMS (Pantone Matching System) -koodi, niin saat juuri valitsemasi s\u00e4vyn.<\/li>\n<\/ul>\n<p>Yli 5 m kokoisten tiedostojen kohdalla voit k\u00e4ytt\u00e4\u00e4 suhteellista pienennyst\u00e4 suhteessa 1:2 (pienennetty 2x) tai 1:10 (pienennetty 10x).<\/p>\n<\/div><\/div><\/div><\/div><div class=\"accordion-item\" id=\"reklamaatiot\"><button class=\"accordion-button collapsed\" type=\"button\" data-bs-toggle=\"collapse\" data-bs-target=\"#collapse-block_80875abf938f4fa0632b4b41500715042\" aria-expanded=\"false\" aria-controls=\"collapse-block_80875abf938f4fa0632b4b41500715042\"><span class=\"accordion-name\">Reklamaatiot<\/span><span class=\"accordion-toggle\"><\/span><\/button><div id=\"collapse-block_80875abf938f4fa0632b4b41500715042\" class=\"accordion-collapse collapse\" data-bs-parent=\"#accordion-block_80875abf938f4fa0632b4b4150071504\"><div class=\"accordion-body\"><div class=\"a-el a_editor classic-editor\"><p>L\u00e4het\u00e4 syntyneet reklamaatiot osoitteeseen <a href=\"mailto:myyk@pixmill.ee\">myyk@pixmill.ee<\/a>. Vastaamme 7 p\u00e4iv\u00e4n kuluessa, mutta pyrimme vastaamaan mahdollisimman pian.<\/p>\n<\/div><\/div><\/div><\/div><div class=\"accordion-item\" id=\"lippujen-huolto\"><button class=\"accordion-button collapsed\" type=\"button\" data-bs-toggle=\"collapse\" data-bs-target=\"#collapse-block_80875abf938f4fa0632b4b41500715043\" aria-expanded=\"false\" aria-controls=\"collapse-block_80875abf938f4fa0632b4b41500715043\"><span class=\"accordion-name\">Lippujen huolto<\/span><span class=\"accordion-toggle\"><\/span><\/button><div id=\"collapse-block_80875abf938f4fa0632b4b41500715043\" class=\"accordion-collapse collapse\" data-bs-parent=\"#accordion-block_80875abf938f4fa0632b4b4150071504\"><div class=\"accordion-body\"><div class=\"a-el a_editor classic-editor\"><p>Liput voi pest\u00e4 ja kuivata.<\/p>\n<\/div><\/div><\/div><\/div><div class=\"accordion-item\" id=\"tietosuojakaytanto\"><button class=\"accordion-button collapsed\" type=\"button\" data-bs-toggle=\"collapse\" data-bs-target=\"#collapse-block_80875abf938f4fa0632b4b41500715044\" aria-expanded=\"false\" aria-controls=\"collapse-block_80875abf938f4fa0632b4b41500715044\"><span class=\"accordion-name\">Tietosuojak\u00e4yt\u00e4nt\u00f6<\/span><span class=\"accordion-toggle\"><\/span><\/button><div id=\"collapse-block_80875abf938f4fa0632b4b41500715044\" class=\"accordion-collapse collapse\" data-bs-parent=\"#accordion-block_80875abf938f4fa0632b4b4150071504\"><div class=\"accordion-body\"><div class=\"a-el a_editor classic-editor\"><p><!-- wp:paragraph --><\/p>\n<p><strong>PIXMILL ESTONIA O\u00dc on sitoutunut suojaamaan asiakkaiden ja k\u00e4ytt\u00e4jien yksityisyytt\u00e4. T\u00e4m\u00e4n perusteella olemme laatineet n\u00e4m\u00e4 tietosuojak\u00e4yt\u00e4nn\u00f6n periaatteet, jotka k\u00e4sittelev\u00e4t henkil\u00f6tietojen ker\u00e4\u00e4mist\u00e4, k\u00e4ytt\u00f6\u00e4, luovuttamista, siirt\u00e4mist\u00e4 ja s\u00e4ilytt\u00e4mist\u00e4. Toimintamme internetiss\u00e4 on kaikkien asiaankuuluvien toimintojen sek\u00e4 Euroopan unionin lains\u00e4\u00e4d\u00e4nn\u00f6n ja Viron tasavallan lakien mukaista. K\u00e4yt\u00e4 hetki aikaa ja tutustu tietosuojaperiaatteisiimme.<\/strong><\/p>\n<p><!-- \/wp:paragraph --> <!-- wp:paragraph --><\/p>\n<p>Verkkokaupasta vastaa PIXMILL ESTONIA O\u00dc (rek.nro 11814042), Piirim\u00e4e 3, T\u00e4nassilma, 76406 Harjun maakunta, Viro<\/p>\n<p><!-- \/wp:paragraph --> <!-- wp:heading --><\/p>\n<p class=\"wp-block-heading\"><strong>KER\u00c4TT\u00c4V\u00c4T JA K\u00c4SITELT\u00c4V\u00c4T HENKIL\u00d6TIEDOT<\/strong><\/p>\n<p><strong><!-- \/wp:heading --> <!-- wp:list {\"ordered\":true} --><\/strong><\/p>\n<ol class=\"wp-block-list\"><!-- wp:list-item --><\/p>\n<li>Asiakkaan etu- ja sukunimi.<\/li>\n<p><!-- \/wp:list-item --> <!-- wp:list-item --><\/p>\n<li>Asiakkaan puhelinnumero.<\/li>\n<p><!-- \/wp:list-item --> <!-- wp:list-item --><\/p>\n<li>Asiakkaan s\u00e4hk\u00f6postiosoite.<\/li>\n<p><!-- \/wp:list-item --> <!-- wp:list-item --><\/p>\n<li>Tavaran toimitusosoite.<\/li>\n<p><!-- \/wp:list-item --> <!-- wp:list-item --><\/p>\n<li>Asiakkaan l\u00e4hett\u00e4m\u00e4t suunnitelmat, mainokset tai muut materiaalit.<\/li>\n<p><!-- \/wp:list-item --> <!-- wp:list-item --><\/p>\n<li>Asiakkaan l\u00e4hett\u00e4miss\u00e4 s\u00e4hk\u00f6posteissa tai tehdyiss\u00e4 kyselyiss\u00e4 oleva tieto.<\/li>\n<p><!-- \/wp:list-item --> <!-- wp:list-item --><\/p>\n<li>Asiakkaan pankkitilin numero.<\/li>\n<p><!-- \/wp:list-item --> <!-- wp:list-item --><\/p>\n<li>Tavaroiden ja palveluiden kustannus sek\u00e4 maksuihin liittyv\u00e4t tiedot.<\/li>\n<p><!-- \/wp:list-item --> <!-- wp:list-item --><\/p>\n<li>Viestint\u00e4 asiakkaan ja PIXMILL ESTONIA O\u00dc:n v\u00e4lill\u00e4.<\/li>\n<p><!-- \/wp:list-item --> <!-- wp:list-item --><\/p>\n<li>Asiakkaan IP-osoite.<\/li>\n<p><!-- \/wp:list-item --><\/ol>\n<p><!-- \/wp:list --> <!-- wp:heading --><\/p>\n<p class=\"wp-block-heading\"><strong>HENKIL\u00d6TIETOJEN K\u00c4SITTELYN TARKOITUKSET<\/strong><\/p>\n<p><strong><!-- \/wp:heading --> <!-- wp:paragraph --><\/strong><\/p>\n<p>Tietosuojak\u00e4yt\u00e4nn\u00f6ss\u00e4 mainittuja asiakkaasta ker\u00e4tt\u00e4vi\u00e4 henkil\u00f6tietoja k\u00e4sitell\u00e4\u00e4n ainoastaan palvelun tarjoamiseksi, palvelun mahdollistamiseksi, sopimusten valmisteluun sek\u00e4 verkkosivuston k\u00e4yt\u00f6n mahdollistamiseksi.<\/p>\n<p><!-- \/wp:paragraph --> <!-- wp:list --><\/p>\n<ul class=\"wp-block-list\"><!-- wp:list-item --><\/p>\n<li>Henkil\u00f6tietoja k\u00e4ytet\u00e4\u00e4n asiakkaan tilausten hallintaan ja tavaroiden toimittamiseen.<\/li>\n<p><!-- \/wp:list-item --> <!-- wp:list-item --><\/p>\n<li>Ostohistorian tietoja k\u00e4ytet\u00e4\u00e4n ostettujen tuotteiden ja palvelujen yhteenvedon laatimiseen, asiakaspreferenssien analysointiin sek\u00e4 muun muassa kuluttajariitojen ratkaisemiseen.<\/li>\n<p><!-- \/wp:list-item --> <!-- wp:list-item --><\/p>\n<li>Pankkitilin numeroa k\u00e4ytet\u00e4\u00e4n maksujen palauttamiseen asiakkaalle.<\/li>\n<p><!-- \/wp:list-item --> <!-- wp:list-item --><\/p>\n<li>Henkil\u00f6tietoja kuten s\u00e4hk\u00f6posti, puhelinnumero ja asiakkaan nimi k\u00e4sitell\u00e4\u00e4n tavaroiden ja palvelujen tarjoamiseen liittyvien kysymysten ratkaisemiseksi.<\/li>\n<p><!-- \/wp:list-item --> <!-- wp:list-item --><\/p>\n<li>S\u00e4hk\u00f6postia k\u00e4ytet\u00e4\u00e4n my\u00f6s laskujen l\u00e4hett\u00e4miseen ja puhelinnumeroa k\u00e4ytet\u00e4\u00e4n ilmoittamaan, kun tavara on saapunut pakettiautomaattiin.<\/li>\n<p><!-- \/wp:list-item --> <!-- wp:list-item --><\/p>\n<li>Verkkokaupan k\u00e4ytt\u00e4j\u00e4n IP-osoitetta tai muita verkkotunnisteita k\u00e4sitell\u00e4\u00e4n verkkokaupan tarjoamiseksi tietoyhteiskunnan palveluna sek\u00e4 verkkok\u00e4yt\u00f6n tilastointiin.<\/li>\n<p><!-- \/wp:list-item --><\/ul>\n<p><!-- \/wp:list --> <!-- wp:heading --><\/p>\n<p class=\"wp-block-heading\"><strong>TIETOJEN K\u00c4SITTELYN OIKEUDELLINEN PERUSTE<\/strong><\/p>\n<p><strong><!-- \/wp:heading --> <!-- wp:list --><\/strong><\/p>\n<ul class=\"wp-block-list\"><!-- wp:list-item --><\/p>\n<li>Henkil\u00f6tietojen k\u00e4sittely tapahtuu asiakkaan kanssa tehdyn sopimuksen t\u00e4ytt\u00e4miseksi (tilausten hallinta, toimitus, tavaroiden ja maksujen palautus).<\/li>\n<p><!-- \/wp:list-item --> <!-- wp:list-item --><\/p>\n<li>Henkil\u00f6tietojen k\u00e4sittely tapahtuu lakis\u00e4\u00e4teisen velvoitteen t\u00e4ytt\u00e4miseksi (esim. kirjanpito).<\/li>\n<p><!-- \/wp:list-item --> <!-- wp:list-item --><\/p>\n<li>Henkil\u00f6tietojen k\u00e4sittely on tarpeen rekisterinpit\u00e4j\u00e4n oikeutetun edun vuoksi.<\/li>\n<p><!-- \/wp:list-item --> <!-- wp:list-item --><\/p>\n<li>Tietojen k\u00e4sittely tapahtuu asiakkaan suostumuksella: suoramarkkinointitarkoituksiin.<\/li>\n<p><!-- \/wp:list-item --><\/ul>\n<p><!-- \/wp:list --> <!-- wp:heading --><\/p>\n<p class=\"wp-block-heading\"><strong>HENKIL\u00d6TIETOJEN JAKAMINEN<\/strong><\/p>\n<p><strong><!-- \/wp:heading --> <!-- wp:paragraph --><\/strong><\/p>\n<p>Emme luovuta asiakkaan henkil\u00f6tietoja kolmansille osapuolille, paitsi seuraavissa tapauksissa:<\/p>\n<p><!-- \/wp:paragraph --> <!-- wp:list --><\/p>\n<ul class=\"wp-block-list\"><!-- wp:list-item --><\/p>\n<li>Henkil\u00f6tietojen siirt\u00e4minen alihankkijoille tai yhteisty\u00f6kumppaneille palvelun tarjoamiseen liittyen, jos tietojen siirto mahdollistaa palvelun tarjoamisen.<\/li>\n<p><!-- \/wp:list-item --> <!-- wp:list-item --><\/p>\n<li>Lakis\u00e4\u00e4teisen velvoitteen vuoksi paljastaa tai jakaa asiakkaan henkil\u00f6tietoja (erityisesti laissa m\u00e4\u00e4r\u00e4ttyihin tarkoituksiin, esimerkiksi tuomioistuimen p\u00e4\u00e4t\u00f6ksen perusteella tai rikosten ehk\u00e4isemiseksi, asiakkaan el\u00e4m\u00e4n ja terveyden suojelemiseksi).<\/li>\n<p><!-- \/wp:list-item --> <!-- wp:list-item --><\/p>\n<li>Palvelun tarjoamisen varmistamiseksi.<\/li>\n<p><!-- \/wp:list-item --> <!-- wp:list-item --><\/p>\n<li>Yrityksen myynnin, osittaisen tai kokonaan, tai yritysj\u00e4rjestelyn vuoksi. T\u00e4ss\u00e4 tapauksessa ryhdymme kaikkiin tarvittaviin toimenpiteisiin asiakkaan henkil\u00f6tietojen jatkuvan suojan varmistamiseksi.<\/li>\n<p><!-- \/wp:list-item --> <!-- wp:list-item --><\/p>\n<li>Tarjotun palvelun parantamiseksi ja kehitt\u00e4miseksi. Kolmansia osapuolia pidet\u00e4\u00e4n t\u00e4ll\u00f6in henkil\u00f6tietojen k\u00e4sittelij\u00f6in\u00e4.<\/li>\n<p><!-- \/wp:list-item --><\/ul>\n<p><!-- \/wp:list --> <!-- wp:heading --><\/p>\n<p class=\"wp-block-heading\"><strong>HENKIL\u00d6TIETOJEN S\u00c4ILYTT\u00c4MINEN JA SUOJAAMINEN<\/strong><\/p>\n<p><strong><!-- \/wp:heading --> <!-- wp:list --><\/strong><\/p>\n<ul class=\"wp-block-list\"><!-- wp:list-item --><\/p>\n<li>Kaikki asiakkaasta ker\u00e4tyt henkil\u00f6tiedot s\u00e4ilytet\u00e4\u00e4n palvelimilla, jotka sijaitsevat Euroopan unionin tai Euroopan talousalueen maissa.<\/li>\n<p><!-- \/wp:list-item --> <!-- wp:list-item --><\/p>\n<li>Asiakkaaseen liittyvi\u00e4 henkil\u00f6tietoja, joita PIXMILL ESTONIA O\u00dc k\u00e4ytt\u00e4\u00e4 palvelun tarjoamiseen ja tilausten t\u00e4ytt\u00e4miseen, s\u00e4ilytet\u00e4\u00e4n enint\u00e4\u00e4n 10 vuotta siit\u00e4 hetkest\u00e4, kun tiedot ovat tulleet Pixmill Estonia O\u00dc:n k\u00e4ytt\u00f6\u00f6n tai kunnes kaikki n\u00e4ihin tietoihin liittyv\u00e4t mahdolliset vaateet ovat vanhentuneet. Kirjanpidon tositteita s\u00e4ilytet\u00e4\u00e4n kirjanpitolain mukaisesti 7 vuotta.<\/li>\n<p><!-- \/wp:list-item --> <!-- wp:list-item --><\/p>\n<li>Asiakkaan henkil\u00f6tietoihin on p\u00e4\u00e4sy vain ty\u00f6ntekij\u00f6ill\u00e4mme ja hallintoelinten j\u00e4senill\u00e4, joilla on oikeus k\u00e4ytt\u00e4\u00e4 henkil\u00f6tietoja vain palvelun tarjoamiseen ja verkkosivuston hallintaan liittyen.<\/li>\n<p><!-- \/wp:list-item --> <!-- wp:list-item --><\/p>\n<li>Sovellettavan lains\u00e4\u00e4d\u00e4nn\u00f6n vuoksi meill\u00e4 voi olla lis\u00e4velvoitteita s\u00e4ilytt\u00e4\u00e4 tiettyj\u00e4 henkil\u00f6tietoja.<\/li>\n<p><!-- \/wp:list-item --><\/ul>\n<p><!-- \/wp:list --> <!-- wp:heading --><\/p>\n<p class=\"wp-block-heading\"><strong>HENKIL\u00d6TIETOJEN TARKASTAMINEN JA KORJAAMINEN<\/strong><\/p>\n<p><strong><!-- \/wp:heading --> <!-- wp:paragraph --><\/strong><\/p>\n<p>Henkil\u00f6tietoihin voi tutustua ja niit\u00e4 voi korjata verkkokaupan k\u00e4ytt\u00e4j\u00e4profiilissa tai asiakastuen kautta. Jos ostos on tehty ilman k\u00e4ytt\u00e4j\u00e4tili\u00e4, henkil\u00f6tietoihin voi tutustua asiakastuen kautta. Jos henkil\u00f6tietojen tarkastuspyynt\u00f6 on tehty s\u00e4hk\u00f6isesti, tiedot toimitetaan my\u00f6s yleisesti k\u00e4ytettyjen s\u00e4hk\u00f6isten v\u00e4lineiden kautta.<\/p>\n<p><!-- \/wp:paragraph --> <!-- wp:paragraph --><\/p>\n<p>Asiakkaalla on oikeus pyyt\u00e4\u00e4 henkil\u00f6tietojensa k\u00e4sittelyn rajoittamista, jos tiedot ovat virheellisi\u00e4 tai puutteellisia tai jos henkil\u00f6tietoja k\u00e4sitell\u00e4\u00e4n lainvastaisesti.<\/p>\n<p><!-- \/wp:paragraph --> <!-- wp:paragraph --><\/p>\n<p>Asiakkaalla on oikeus vastustaa henkil\u00f6tietojensa k\u00e4sittely\u00e4, jos h\u00e4nell\u00e4 on syyt\u00e4 uskoa, ett\u00e4 k\u00e4sittelylle ei ole laillista perustetta.<\/p>\n<p><!-- \/wp:paragraph --> <!-- wp:heading --><\/p>\n<p class=\"wp-block-heading\"><strong>POISTAMINEN<\/strong><\/p>\n<p><strong><!-- \/wp:heading --> <!-- wp:paragraph --><\/strong><\/p>\n<p>Henkil\u00f6tietojen poistamiseksi tulee ottaa yhteytt\u00e4 asiakastukeen s\u00e4hk\u00f6postitse. Poistopyynt\u00f6\u00f6n vastataan viimeist\u00e4\u00e4n kuukauden kuluessa ja samalla t\u00e4smennet\u00e4\u00e4n tietojen poistamisen ajankohta. Vastauksessa ilmoitetaan my\u00f6s ne henkil\u00f6tiedot, joita ei poisteta, sek\u00e4 niiden oikeudellinen peruste ja syy.<\/p>\n<p><!-- \/wp:paragraph --> <!-- wp:heading --><\/p>\n<p class=\"wp-block-heading\"><strong>SUORAMARKKINOINTIVIESTIT<\/strong><\/p>\n<p><strong><!-- \/wp:heading --> <!-- wp:paragraph --><\/strong><\/p>\n<p>S\u00e4hk\u00f6postiosoitetta ja puhelinnumeroa k\u00e4ytet\u00e4\u00e4n suoramarkkinointiviestien l\u00e4hett\u00e4miseen, jos asiakas on antanut siihen suostumuksensa. Jos asiakas ei halua vastaanottaa suoramarkkinointiviestej\u00e4, h\u00e4nen tulee valita s\u00e4hk\u00f6postin alareunassa oleva linkki tai ottaa yhteytt\u00e4 asiakastukeen.<\/p>\n<p><!-- \/wp:paragraph --> <!-- wp:heading --><\/p>\n<p class=\"wp-block-heading\"><strong>RIITOJEN RATKAISEMINEN<\/strong><\/p>\n<p><strong><!-- \/wp:heading --> <!-- wp:paragraph --><\/strong><\/p>\n<p>Henkil\u00f6tietojen k\u00e4sittelyyn liittyv\u00e4t riidat ratkaistaan asiakastuen kautta osoitteessa <a href=\"mailto:myyk@pixmill.ee\">myyk@pixmill.ee<\/a> tai soittamalla numeroon <a href=\"tel:37258559826\">(+372) 5855 9826<\/a>.<\/p>\n<p><!-- \/wp:paragraph --> <!-- wp:paragraph --><\/p>\n<p>Valvontaviranomainen: Viron tietosuojavaltuutettu<\/p>\n<p><!-- \/wp:paragraph --><\/p>\n<\/div><\/div><\/div><\/div><div class=\"accordion-item\" id=\"myyntiehdot\"><button class=\"accordion-button collapsed\" type=\"button\" data-bs-toggle=\"collapse\" data-bs-target=\"#collapse-block_80875abf938f4fa0632b4b41500715045\" aria-expanded=\"false\" aria-controls=\"collapse-block_80875abf938f4fa0632b4b41500715045\"><span class=\"accordion-name\">Myyntiehdot<\/span><span class=\"accordion-toggle\"><\/span><\/button><div id=\"collapse-block_80875abf938f4fa0632b4b41500715045\" class=\"accordion-collapse collapse\" data-bs-parent=\"#accordion-block_80875abf938f4fa0632b4b4150071504\"><div class=\"accordion-body\"><div class=\"a-el a_editor classic-editor\"><p><!-- wp:paragraph --><\/p>\n<p><!-- wp:paragraph --><\/p>\n<p>Verkkokaupasta vastaa PIXMILL ESTONIA O\u00dc (rek.nro 11814042),\u00a0Piirim\u00e4e 3, T\u00e4nassilma, 76406 Harjun maakunta, Viro<\/p>\n<p><!-- \/wp:paragraph --> <!-- wp:heading --><\/p>\n<p class=\"wp-block-heading\"><strong>Myyntisopimuksen voimassaolo, tuotetiedot ja hintatiedot<\/strong><\/p>\n<p><strong><!-- \/wp:heading --> <!-- wp:paragraph --><\/strong><\/p>\n<p>Myyntiehdot ovat voimassa, kun ostetaan tavaroita verkkokaupasta.<\/p>\n<p><!-- \/wp:paragraph --> <!-- wp:paragraph --><\/p>\n<p>Verkkokaupassa myyt\u00e4vien tuotteiden hinnat on merkitty tuotteiden yhteyteen. Hintaan lis\u00e4t\u00e4\u00e4n arvonlis\u00e4vero ja tavaran toimitusmaksu.<\/p>\n<p><!-- \/wp:paragraph --> <!-- wp:paragraph --><\/p>\n<p>Toimitusmaksu riippuu ostajan sijainnista ja toimitustavasta. Toimitusmaksu n\u00e4ytet\u00e4\u00e4n ostajalle tilauksen tekemisen yhteydess\u00e4.<\/p>\n<p><!-- \/wp:paragraph --> <!-- wp:paragraph --><\/p>\n<p>Tavaraa koskevat tiedot on esitetty verkkokaupassa suoraan tavaran yhteydess\u00e4.<\/p>\n<p><!-- \/wp:paragraph --> <!-- wp:heading --><\/p>\n<p class=\"wp-block-heading\"><strong>Tilauksen tekeminen<\/strong><\/p>\n<p><strong><!-- \/wp:heading --> <!-- wp:paragraph --><\/strong><\/p>\n<p>Tavaran tilaamiseksi lis\u00e4\u00e4 halutut tuotteet ostoskoriin. Tilauksen tekemiseksi t\u00e4yt\u00e4 vaaditut tietokent\u00e4t ja valitse sopiva toimitustapa. T\u00e4m\u00e4n j\u00e4lkeen n\u00e4yt\u00f6lle ilmestyy maksettava summa, jonka voi maksaa pankkilinkin kautta tai muulla maksutavalla.<\/p>\n<p><!-- \/wp:paragraph --> <!-- wp:paragraph --><\/p>\n<p>Sopimus tulee voimaan, kun maksettava summa on saapunut verkkokaupan pankkitilille.<\/p>\n<p><!-- \/wp:paragraph --> <!-- wp:paragraph --><\/p>\n<p>Jos tilattua tavaraa ei ole mahdollista toimittaa tavaran loppumisen tai muun syyn vuoksi, ostajalle ilmoitetaan siit\u00e4 mahdollisimman pian ja maksettu raha (mukaan lukien toimituskulut) palautetaan yleens\u00e4 1\u20132 arkip\u00e4iv\u00e4n kuluessa. Maksutavasta riippuen palautus voi kest\u00e4\u00e4 enint\u00e4\u00e4n 7 arkip\u00e4iv\u00e4\u00e4.<\/p>\n<p><!-- \/wp:paragraph --> <!-- wp:heading --><\/p>\n<p class=\"wp-block-heading\"><strong>Toimitus<\/strong><\/p>\n<p><strong><!-- \/wp:heading --> <!-- wp:paragraph --><\/strong><\/p>\n<p>Tavaroita toimitetaan seuraaviin maihin: Viro, Suomi.<\/p>\n<p><!-- \/wp:paragraph --> <!-- wp:paragraph --><\/p>\n<p>Toimituskulut maksaa ostaja, ja vastaavat hintatiedot n\u00e4ytet\u00e4\u00e4n toimitustavan yhteydess\u00e4.<\/p>\n<p><!-- \/wp:paragraph --> <!-- wp:paragraph --><\/p>\n<p>Viron sis\u00e4iset l\u00e4hetykset saapuvat yleens\u00e4 ostajan m\u00e4\u00e4ritt\u00e4m\u00e4\u00e4n kohteeseen 3\u20137 arkip\u00e4iv\u00e4n kuluessa myyntisopimuksen voimaantulosta. Toimitus Viron ulkopuolelle tapahtuu 10 kalenterip\u00e4iv\u00e4n kuluessa.<\/p>\n<p><!-- \/wp:paragraph --> <!-- wp:paragraph --><\/p>\n<p>Poikkeustapauksissa tavarat voidaan toimittaa enint\u00e4\u00e4n 30 kalenterip\u00e4iv\u00e4n kuluessa.<\/p>\n<p><!-- \/wp:paragraph --> <!-- wp:heading --><\/p>\n<p class=\"wp-block-heading\"><strong>Peruuttamisoikeus<\/strong><\/p>\n<p><strong><!-- \/wp:heading --> <!-- wp:paragraph --><\/strong><\/p>\n<p>Tilauksen vastaanottamisen j\u00e4lkeen ostajalla on oikeus peruuttaa verkkokaupassa tehty sopimus 14 p\u00e4iv\u00e4n kuluessa, lukuun ottamatta velvoiteoikeuslain \u00a7 53:n 4 momentissa lueteltuja tapauksia. (Esim. tavaran luovuttaminen, joka on valmistettu kuluttajan antamien ehtojen mukaisesti.)<br \/>\nPeruuttamisoikeus ei koske ostajaa, joka on oikeushenkil\u00f6.<\/p>\n<p><!-- \/wp:paragraph --> <!-- wp:paragraph --><\/p>\n<p>14 p\u00e4iv\u00e4n palautusoikeuden k\u00e4ytt\u00e4miseksi tilattua tavaraa ei saa k\u00e4ytt\u00e4\u00e4 muulla tavoin kuin mik\u00e4 on tarpeen tavaran luonteen, ominaisuuksien ja toimivuuden toteamiseksi samalla tavalla kuin tavaran testaaminen on sallittua fyysisess\u00e4 myym\u00e4l\u00e4ss\u00e4.<\/p>\n<p><!-- \/wp:paragraph --> <!-- wp:paragraph --><\/p>\n<p>Jos tavaraa on k\u00e4ytetty muuhun tarkoitukseen kuin tavaran luonteen, ominaisuuksien ja toimivuuden toteamiseksi tai siin\u00e4 on k\u00e4yt\u00f6n tai kulumisen merkkej\u00e4, verkkokaupalla on oikeus alentaa palautettavaa summaa tavaran arvon alenemisen mukaisesti.<\/p>\n<p><!-- \/wp:paragraph --> <!-- wp:paragraph --><\/p>\n<p>Tavaran palauttamiseksi tulee esitt\u00e4\u00e4 peruuttamisilmoitus\u00a0 ja l\u00e4hett\u00e4\u00e4 se s\u00e4hk\u00f6postiosoitteeseen viimeist\u00e4\u00e4n 14 p\u00e4iv\u00e4n kuluessa tavaran vastaanottamisesta.<\/p>\n<p><!-- \/wp:paragraph --> <!-- wp:paragraph --><\/p>\n<p>Palautuskulut maksaa ostaja, paitsi jos palautuksen syyn\u00e4 on se, ett\u00e4 palautettava tavara ei vastaa tilausta (esim. v\u00e4\u00e4r\u00e4 tai viallinen tavara).<\/p>\n<p><!-- \/wp:paragraph --> <!-- wp:paragraph --><\/p>\n<p>Ostajan tulee palauttaa tavara 14 p\u00e4iv\u00e4n kuluessa peruuttamisilmoituksen tekemisest\u00e4 tai esitt\u00e4\u00e4 todiste, ett\u00e4 tavara on luovutettu kuljetusyhti\u00f6lle edell\u00e4 mainitun ajan kuluessa.<\/p>\n<p><!-- \/wp:paragraph --> <!-- wp:paragraph --><\/p>\n<p>Verkkokauppa palauttaa palautetun tavaran vastaanottamisen j\u00e4lkeen ostajalle viipym\u00e4tt\u00e4, kuitenkin viimeist\u00e4\u00e4n 14 p\u00e4iv\u00e4n kuluessa peruuttamisilmoituksen vastaanottamisesta, kaikki ostajalta sopimuksen perusteella saadut maksut.<\/p>\n<p><!-- \/wp:paragraph --> <!-- wp:paragraph --><\/p>\n<p>Verkkokauppa voi kielt\u00e4yty\u00e4 maksujen palauttamisesta, kunnes se on saanut takaisin sopimuksen kohteena olevan tavaran tai kunnes ostaja on esitt\u00e4nyt todisteet tavaran l\u00e4hett\u00e4misest\u00e4 takaisin, riippuen siit\u00e4, kumpi tapahtuu ensin.<\/p>\n<p><!-- \/wp:paragraph --> <!-- wp:paragraph --><\/p>\n<p>Jos ostaja on nimenomaisesti valinnut toimitustavan, joka poikkeaa verkkokaupan tarjoamasta edullisimmasta tavanomaisesta toimitustavasta, verkkokaupan ei tarvitse palauttaa kuluttajalle kustannusta, joka ylitt\u00e4\u00e4 tavanomaisen toimitustavan kustannuksen.<\/p>\n<p><!-- \/wp:paragraph --> <!-- wp:paragraph --><\/p>\n<p>Verkkokaupalla on oikeus peruuttaa myyntitapahtuma ja vaatia tavara takaisin ostajalta, jos tavaran hinta verkkokaupassa on virheen vuoksi merkitty olennaisesti alle tavaran markkinahinnan.<\/p>\n<p><!-- \/wp:paragraph --> <!-- wp:heading --><\/p>\n<p class=\"wp-block-heading\"><strong>Reklamaatio-oikeus<\/strong><\/p>\n<p><strong><!-- \/wp:heading --> <!-- wp:paragraph --><\/strong><\/p>\n<p>Verkkokauppa vastaa ostajalle myydyn tavaran sopimusehtojen vastaisuudesta tai viasta, joka oli olemassa jo tavaran luovutushetkell\u00e4 ja joka ilmenee enint\u00e4\u00e4n kahden vuoden kuluessa tavaran luovuttamisesta ostajalle. Ensimm\u00e4isen vuoden aikana tavaran luovutuksesta ostajalle oletetaan, ett\u00e4 vika oli olemassa jo luovutushetkell\u00e4. T\u00e4m\u00e4n oletuksen kumoaminen on verkkokaupan velvollisuus.<\/p>\n<p><!-- \/wp:paragraph --> <!-- wp:paragraph --><\/p>\n<p>Vian ilmetess\u00e4 ostajalla on oikeus ottaa yhteytt\u00e4 verkkokauppaan viimeist\u00e4\u00e4n kahden kuukauden kuluessa l\u00e4hett\u00e4m\u00e4ll\u00e4 s\u00e4hk\u00f6postia osoitteeseen <a href=\"mailto:myyk@pixmill.ee\">myyk@pixmill.ee<\/a> tai soittamalla numeroon: <a href=\"tel:37258559826\">(+372) 5855 9826<\/a>.<\/p>\n<p><!-- \/wp:paragraph --> <!-- wp:paragraph --><\/p>\n<p>Verkkokauppa ei vastaa vioista, jotka ovat syntyneet tavaran luovutuksen j\u00e4lkeen kuluttajan toiminnan tai laiminly\u00f6nnin vuoksi (v\u00e4\u00e4r\u00e4 k\u00e4ytt\u00f6, onnettomuus tms.) tai jos kyse on normaalista kulumisesta, joka johtuu tavaran tavanomaisesta k\u00e4yt\u00f6st\u00e4.<\/p>\n<p><!-- \/wp:paragraph --> <!-- wp:paragraph --><\/p>\n<p>Jos verkkokaupasta ostetussa tavarassa on vikoja, joista verkkokauppa vastaa, verkkokauppa korjaa tai vaihtaa viallisen tavaran. Jos tavaraa ei ole mahdollista korjata tai vaihtaa, verkkokauppa palauttaa ostajalle kaikki myyntisopimukseen liittyneet maksut.<\/p>\n<p><!-- \/wp:paragraph --> <!-- wp:paragraph --><\/p>\n<p>Verkkokauppa vastaa kuluttajan esitt\u00e4m\u00e4\u00e4n valitukseen kirjallisesti tai kirjallisesti toistettavassa muodossa 15 p\u00e4iv\u00e4n kuluessa.<\/p>\n<p><!-- \/wp:paragraph --> <!-- wp:heading --><\/p>\n<p class=\"wp-block-heading\"><strong>Riitojen ratkaiseminen<\/strong><\/p>\n<p><strong><!-- \/wp:heading --> <!-- wp:paragraph --><\/strong><\/p>\n<p>Jos ostajalla on verkkokauppaa koskevia valituksia, ne tulee ensin l\u00e4hett\u00e4\u00e4 s\u00e4hk\u00f6postiosoitteeseen <a href=\"mailto:myyk@pixmill.ee\">myyk@pixmill.ee<\/a> tai soittaa numeroon: <a href=\"tel:37258559826\">(+372) 5855 9826<\/a>.<\/p>\n<p><!-- \/wp:paragraph --> <!-- wp:paragraph --><\/p>\n<p>Jos ostaja ja verkkokauppa eiv\u00e4t pysty ratkaisemaan riitaa sopimuksella, ostajalla on mahdollisuus k\u00e4\u00e4nty\u00e4 kuluttajariitalautakunnan puoleen. Kuluttajariitalautakunnan toimivaltaan kuuluu ostajan ja verkkokaupan v\u00e4lisest\u00e4 sopimuksesta johtuvien riitojen ratkaiseminen. Ostajan valituksen k\u00e4sittely lautakunnassa on maksutonta.<\/p>\n<p><!-- \/wp:paragraph --> <!-- wp:paragraph --><\/p>\n<p>Ostaja voi k\u00e4\u00e4nty\u00e4 Euroopan unionin kuluttajariitojen ratkaisualustan puoleen.<\/p>\n<p><!-- \/wp:paragraph --><\/p>\n<p><!-- \/wp:paragraph --><\/p>\n<\/div><\/div><\/div><\/div><\/div><\/div><\/div>","protected":false},"excerpt":{"rendered":"<p>Kuinka l\u00e4hett\u00e4\u00e4 painotiedosto? Reklamaatiot. Lippujen huolto. Tietosuojak\u00e4yt\u00e4nt\u00f6. Myyntiehdot.<\/p>\n","protected":false},"author":1,"featured_media":1524,"parent":1520,"menu_order":29,"comment_status":"closed","ping_status":"closed","template":"","meta":{"_acf_changed":false,"inline_featured_image":false,"footnotes":""},"class_list":["post-1523","page","type-page","status-publish","has-post-thumbnail","hentry"],"acf":[],"_links":{"self":[{"href":"https:\/\/pixmill.ee\/fi\/wp-json\/wp\/v2\/pages\/1523","targetHints":{"allow":["GET"]}}],"collection":[{"href":"https:\/\/pixmill.ee\/fi\/wp-json\/wp\/v2\/pages"}],"about":[{"href":"https:\/\/pixmill.ee\/fi\/wp-json\/wp\/v2\/types\/page"}],"author":[{"embeddable":true,"href":"https:\/\/pixmill.ee\/fi\/wp-json\/wp\/v2\/users\/1"}],"replies":[{"embeddable":true,"href":"https:\/\/pixmill.ee\/fi\/wp-json\/wp\/v2\/comments?post=1523"}],"version-history":[{"count":4,"href":"https:\/\/pixmill.ee\/fi\/wp-json\/wp\/v2\/pages\/1523\/revisions"}],"predecessor-version":[{"id":2132,"href":"https:\/\/pixmill.ee\/fi\/wp-json\/wp\/v2\/pages\/1523\/revisions\/2132"}],"up":[{"embeddable":true,"href":"https:\/\/pixmill.ee\/fi\/wp-json\/wp\/v2\/pages\/1520"}],"wp:featuredmedia":[{"embeddable":true,"href":"https:\/\/pixmill.ee\/fi\/wp-json\/wp\/v2\/media\/1524"}],"wp:attachment":[{"href":"https:\/\/pixmill.ee\/fi\/wp-json\/wp\/v2\/media?parent=1523"}],"curies":[{"name":"wp","href":"https:\/\/api.w.org\/{rel}","templated":true}]}}