{"id":1516,"date":"2026-02-27T11:20:50","date_gmt":"2026-02-27T09:20:50","guid":{"rendered":"https:\/\/pixmill.ee\/trukitehnoloogia\/"},"modified":"2026-03-05T12:31:07","modified_gmt":"2026-03-05T10:31:07","slug":"painoteknologia","status":"publish","type":"page","link":"https:\/\/pixmill.ee\/fi\/info\/painoteknologia\/","title":{"rendered":"Painoteknologia"},"content":{"rendered":"<div class=\"ama-block block-narrow\">  <p class=\"has-text-align-center has-medium-font-size wp-el\"><strong>Tarjoamme suurkuvatulostuksen digipainopalveluita eri materiaaleille. Tulostamme mainosgrafiikkaa, bannereita, messuratkaisuja, kylttej\u00e4, tarroja, tekstiilej\u00e4 ja erikoisratkaisuja sek\u00e4 sis\u00e4- ett\u00e4 ulkok\u00e4ytt\u00f6\u00f6n.<\/strong><\/p>   <p class=\"has-text-align-center wp-el\">K\u00e4yt\u00e4mme moderneja UV-, sublimaatio-, solventti- ja lateksitulostimia, jotka takaavat yksityiskohtaisen j\u00e4ljen, tarkat v\u00e4rit ja kest\u00e4v\u00e4n lopputuloksen. Teknologiat mahdollistavat tulostamisen eri materiaaleille projektin tarpeiden mukaan.<\/p>   <p class=\"has-text-align-center wp-el\">Tulostuksen lis\u00e4ksi tarjoamme my\u00f6s CNC-leikkausta ja viimeistely\u00e4, mik\u00e4 mahdollistaa erimuotoisten ratkaisujen ja valmiiden tuotteiden valmistamisen. Autamme valitsemaan sopivan materiaalin ja tulostusratkaisun, jotta lopputulos vastaa sek\u00e4 visuaalisia ett\u00e4 k\u00e4yt\u00e4nn\u00f6llisi\u00e4 vaatimuksia.<\/p>   <p class=\"has-text-align-center wp-el\">Tarjoamme joustavaa ja luotettavaa painopalvelua yksitt\u00e4isist\u00e4 t\u00f6ist\u00e4 suurempiin projekteihin.<\/p>  <\/div> <div class=\"ama-block block-txtmedia\"><div class=\"block__body\"><div class=\"body__content\"><div class=\"inner\">  <h2 class=\"wp-block-heading wp-el\">UV-tulostus<\/h2>   <p class=\"has-medium-font-size wp-el\">UV-tulostus on suorapainoteknologia, jossa muste kuivataan v\u00e4litt\u00f6m\u00e4sti UV-valon avulla.<\/p>   <p class=\"wp-el\">T\u00e4m\u00e4 tarkoittaa, ett\u00e4 muste j\u00e4\u00e4 materiaalin pinnalle eik\u00e4 imeydy siihen. Lopputulos on yksityiskohtainen, kulutusta kest\u00e4v\u00e4 ja sopii sek\u00e4 sis\u00e4- ett\u00e4 ulkok\u00e4ytt\u00f6\u00f6n. V\u00e4rit pysyv\u00e4t kirkkaina ja pinta on heti tulostuksen j\u00e4lkeen k\u00e4ytt\u00f6valmis.<\/p>   <p class=\"wp-el\">UV-teknologialla voimme tulostaa suoraan erilaisille levymateriaaleille jopa 3,2 metrin leveydelle asti. K\u00e4yt\u00e4mme laajasti PVC-, KAPA-, komposiitti-, Dispa-, Re-board-, Viscom-, kartonki- ja muita levyj\u00e4. UV-tulostuksessa voidaan k\u00e4ytt\u00e4\u00e4 my\u00f6s valkoista mustetta, mik\u00e4 tarkoittaa ett\u00e4 voimme tulostaa my\u00f6s v\u00e4rillisille tai mustille levyille sek\u00e4 l\u00e4pin\u00e4kyville levyille ja kalvoille. Voimme toteuttaa sek\u00e4 yksi- ett\u00e4 kaksipuolisia ratkaisuja. Levyt voidaan viimeistell\u00e4 leikkaus- ja jyrsinkoneilla. Ne voidaan leikata tarkkaan kokoon, erikoismuotoihin sek\u00e4 tehd\u00e4 uria tai V-cut-leikkauksia tarpeen mukaan.<\/p>   <p class=\"wp-el\">Levyjen lis\u00e4ksi UV-tulostus sopii my\u00f6s tekstiileille ja PVC-bannereille. Konekantamme ansiosta voimme tulostaa tekstiilej\u00e4 jopa 5 metrin leveydelle asti. On kuitenkin hyv\u00e4 muistaa, ett\u00e4 UV-tulostus ei kest\u00e4 voimakasta taittamista tai rypistymist\u00e4, joten pyrimme kuljetuksen ajaksi rullaamaan bannerit, jotta tulostuspinta s\u00e4ilyy hyv\u00e4ss\u00e4 kunnossa.<\/p>  <\/div><\/div><div class=\"body__media\"><div class=\"splide ama_light_gallery_block\" data-splide={\"type\":\"fade\",\"pagination\":false}><div class=\"splide__track\"><ul class=\"splide__list\"><li class=\"splide__slide\"><a class=\"txtmedia-slide\" href=\"https:\/\/pixmill.ee\/wp-content\/uploads\/2026\/02\/5R-Uv-Trukk-1170x878.jpeg\" data-poster=\"https:\/\/pixmill.ee\/wp-content\/uploads\/2026\/02\/5R-Uv-Trukk-120x120.jpeg\"><img decoding=\"async\" width=\"570\" height=\"640\" src=\"https:\/\/pixmill.ee\/wp-content\/uploads\/bis-images\/1517\/5R-Uv-Trukk-570x640-f50_50.jpeg\" class=\"attachment-570x640\" alt=\"5R Uv Tr\u00fckk\" loading=\"lazy\" srcset=\"https:\/\/pixmill.ee\/wp-content\/uploads\/bis-images\/1517\/5R-Uv-Trukk-570x640-f50_50.jpeg 1x, https:\/\/pixmill.ee\/wp-content\/uploads\/bis-images\/1517\/5R-Uv-Trukk-1140x1280-f50_50.jpeg 2x\" \/><\/a><\/li><li class=\"splide__slide\"><a class=\"txtmedia-slide\" href=\"https:\/\/pixmill.ee\/wp-content\/uploads\/2026\/02\/Vutek-H3-UV-trukk-1170x761.png\" data-poster=\"https:\/\/pixmill.ee\/wp-content\/uploads\/2026\/02\/Vutek-H3-UV-trukk-120x120.png\"><img decoding=\"async\" width=\"570\" height=\"640\" src=\"https:\/\/pixmill.ee\/wp-content\/uploads\/bis-images\/1518\/Vutek-H3-UV-trukk-570x640-f50_50.png\" class=\"attachment-570x640\" alt=\"Vutek H3 UV tr\u00fckk\" loading=\"lazy\" srcset=\"https:\/\/pixmill.ee\/wp-content\/uploads\/bis-images\/1518\/Vutek-H3-UV-trukk-570x640-f50_50.png 1x, https:\/\/pixmill.ee\/wp-content\/uploads\/bis-images\/1518\/Vutek-H3-UV-trukk-1140x1280-f50_50.png 2x\" \/><\/a><\/li><\/ul><\/div><div class=\"splide__arrows\"><button class=\"splide__arrow splide__arrow--prev\"><svg width=\"24\" height=\"24\" viewBox=\"0 0 24 24\" fill=\"none\" xmlns=\"http:\/\/www.w3.org\/2000\/svg\"><path d=\"M23.3262 0.275358C22.5957 -0.191775 21.5727 -0.0503309 21.041 0.591764L12.3125 11.1523C11.8954 11.6572 11.8954 12.3428 12.3125 12.8476L21.041 23.4082C21.5727 24.0502 22.5958 24.1917 23.3262 23.7246C24.0564 23.2569 24.2184 22.3558 23.6875 21.7129L15.6602 12L23.6875 2.28708C24.2184 1.64408 24.0564 0.743086 23.3262 0.275358Z\" fill=\"currentColor\"\/><path d=\"M11.3262 0.275358C10.5957 -0.191775 9.57273 -0.050331 9.04102 0.591764L0.312506 11.1523C-0.104615 11.6572 -0.104646 12.3428 0.312506 12.8476L9.04102 23.4082C9.57273 24.0502 10.5958 24.1917 11.3262 23.7246C12.0564 23.2569 12.2184 22.3558 11.6875 21.7129L3.66016 12L11.6875 2.28708C12.2184 1.64408 12.0564 0.743086 11.3262 0.275358Z\" fill=\"currentColor\"\/><\/svg><\/button><button class=\"splide__arrow splide__arrow--next\"><svg width=\"24\" height=\"24\" viewBox=\"0 0 24 24\" fill=\"none\" xmlns=\"http:\/\/www.w3.org\/2000\/svg\"><path d=\"M0.673822 0.275358C1.40427 -0.191775 2.42727 -0.0503309 2.95898 0.591764L11.6875 11.1523C12.1046 11.6572 12.1046 12.3428 11.6875 12.8476L2.95898 23.4082C2.42727 24.0502 1.40425 24.1917 0.673822 23.7246C-0.0564207 23.2569 -0.218355 22.3558 0.312494 21.7129L8.33984 12L0.312494 2.28708C-0.218412 1.64408 -0.0564424 0.743086 0.673822 0.275358Z\" fill=\"currentColor\"\/><path d=\"M12.6738 0.275358C13.4043 -0.191775 14.4273 -0.050331 14.959 0.591764L23.6875 11.1523C24.1046 11.6572 24.1046 12.3428 23.6875 12.8476L14.959 23.4082C14.4273 24.0502 13.4042 24.1917 12.6738 23.7246C11.9436 23.2569 11.7816 22.3558 12.3125 21.7129L20.3398 12L12.3125 2.28708C11.7816 1.64408 11.9436 0.743086 12.6738 0.275358Z\" fill=\"currentColor\"\/><\/svg><\/button><\/div><\/div><\/div><\/div><\/div> <div class=\"ama-block block-txtmedia reverse-order\"><div class=\"block__body\"><div class=\"body__content\"><div class=\"inner\">  <h2 class=\"wp-block-heading wp-el\">Sublimaatiotulostus<\/h2>   <p class=\"has-medium-font-size wp-el\">Sublimaatiotulostus on painotekniikka, jossa kuvaa ei siirret\u00e4 materiaalin pinnalle vaan se siirtyy materiaalin sis\u00e4\u00e4n l\u00e4mm\u00f6n ja paineen avulla.<\/p>   <p class=\"wp-el\">Prosessin aikana erityinen v\u00e4riaine muuttuu kiinte\u00e4st\u00e4 olomuodosta kaasuksi ja imeytyy polyesterikuitujen sis\u00e4\u00e4n. J\u00e4\u00e4htyess\u00e4\u00e4n kuidut sulkeutuvat ja v\u00e4ri j\u00e4\u00e4 pysyv\u00e4sti materiaalin sis\u00e4lle.<\/p>   <p class=\"wp-el\">T\u00e4m\u00e4n ansiosta painatus ei tunnu koskettaessa. Pinta j\u00e4\u00e4 sile\u00e4ksi ja tasaiseksi.<\/p>   <p class=\"wp-el\">Sublimaation suurin etu on kest\u00e4vyys. Koska v\u00e4ri ei j\u00e4\u00e4 pinnalle, painatus ei halkeile eik\u00e4 kuoriudu, vaikka materiaalia taitettaisiin. T\u00e4m\u00e4 on erityisen t\u00e4rke\u00e4\u00e4 suurikokoisille tekstiileille, joita saatetaan kuljettaa ilman rullaamista.<\/p>   <p class=\"wp-el\">V\u00e4rit pysyv\u00e4t kirkkaina pitk\u00e4\u00e4n eiv\u00e4tk\u00e4 haalistu, ja painatus venyy materiaalin mukana menett\u00e4m\u00e4tt\u00e4 laatuaan. Sublimaatio ei my\u00f6sk\u00e4\u00e4n v\u00e4henn\u00e4 kankaan hengitt\u00e4vyytt\u00e4 eik\u00e4 muuta sen tekstuuria.<\/p>   <p class=\"wp-el\">Sublimaatiotulostus sopii materiaaleille, jotka sis\u00e4lt\u00e4v\u00e4t v\u00e4hint\u00e4\u00e4n 50 % polyesteri\u00e4. Paras ja selkein lopputulos saavutetaan 100 % polyesterill\u00e4.<\/p>   <p class=\"wp-el\">On my\u00f6s t\u00e4rke\u00e4\u00e4, ett\u00e4 materiaali kest\u00e4\u00e4 korkeaa l\u00e4mp\u00f6\u00e4. Sublimaatioprosessi tapahtuu noin 200 \u00b0C l\u00e4mp\u00f6tilassa ja kankaan tulee s\u00e4ilytt\u00e4\u00e4 muotonsa ja rakenteensa t\u00e4ss\u00e4 l\u00e4mp\u00f6tilassa. K\u00e4yt\u00e4mme erityisesti sublimaatioon tarkoitettuja tekstiilej\u00e4.<\/p>   <p class=\"wp-el\">Sublimaatiotulostuksessa ei k\u00e4ytet\u00e4 valkoista v\u00e4ri\u00e4. Siksi t\u00e4m\u00e4 teknologia soveltuu p\u00e4\u00e4asiassa valkoisille kankaille. Vaaleilla materiaaleilla voidaan saavuttaa tarkat ja kirkkaat s\u00e4vyt. V\u00e4rillist\u00e4 pohjamateriaalia k\u00e4ytett\u00e4ess\u00e4 on huomioitava, ett\u00e4 pohjav\u00e4ri vaikuttaa lopputulokseen.<\/p>   <p class=\"wp-el\">Sublimaatiotulostus on helppo tunnistaa siit\u00e4, ett\u00e4 painettua aluetta ei voi tuntea koskettaessa. Siin\u00e4 ei ole kalvokerrosta eik\u00e4 kohokuvioita. Pinta on t\u00e4sm\u00e4lleen yht\u00e4 sile\u00e4 kuin painamaton alue.<\/p>  <\/div><\/div><div class=\"body__media\"><div class=\"splide ama_light_gallery_block\" data-splide={\"type\":\"fade\",\"arrows\":false,\"pagination\":false}><div class=\"splide__track\"><ul class=\"splide__list\"><li class=\"splide__slide\"><a class=\"txtmedia-slide\" href=\"https:\/\/pixmill.ee\/wp-content\/uploads\/2026\/02\/Sublimatsioon-DGEN-1170x878.jpeg\" data-poster=\"https:\/\/pixmill.ee\/wp-content\/uploads\/2026\/02\/Sublimatsioon-DGEN-120x120.jpeg\"><img decoding=\"async\" width=\"570\" height=\"640\" src=\"https:\/\/pixmill.ee\/wp-content\/uploads\/bis-images\/1543\/Sublimatsioon-DGEN-570x640-f50_50.jpeg\" class=\"attachment-570x640\" alt=\"Sublimatsioon DGEN\" loading=\"lazy\" srcset=\"https:\/\/pixmill.ee\/wp-content\/uploads\/bis-images\/1543\/Sublimatsioon-DGEN-570x640-f50_50.jpeg 1x, https:\/\/pixmill.ee\/wp-content\/uploads\/bis-images\/1543\/Sublimatsioon-DGEN-1140x1280-f50_50.jpeg 2x\" \/><\/a><\/li><\/ul><\/div><\/div><\/div><\/div><\/div>","protected":false},"excerpt":{"rendered":"<p>K\u00e4yt\u00e4mme moderneja UV-, sublimaatio-, solventti- ja lateksitulostimia, jotka takaavat tarkan j\u00e4ljen, t\u00e4sm\u00e4lliset v\u00e4rit ja kest\u00e4v\u00e4n lopputuloksen. N\u00e4iden teknologioiden avulla voimme tulostaa erilaisille materiaaleille projektin tarpeiden mukaan.<\/p>\n","protected":false},"author":1,"featured_media":1518,"parent":1520,"menu_order":32,"comment_status":"closed","ping_status":"closed","template":"","meta":{"_acf_changed":false,"inline_featured_image":false,"footnotes":""},"class_list":["post-1516","page","type-page","status-publish","has-post-thumbnail","hentry"],"acf":[],"_links":{"self":[{"href":"https:\/\/pixmill.ee\/fi\/wp-json\/wp\/v2\/pages\/1516","targetHints":{"allow":["GET"]}}],"collection":[{"href":"https:\/\/pixmill.ee\/fi\/wp-json\/wp\/v2\/pages"}],"about":[{"href":"https:\/\/pixmill.ee\/fi\/wp-json\/wp\/v2\/types\/page"}],"author":[{"embeddable":true,"href":"https:\/\/pixmill.ee\/fi\/wp-json\/wp\/v2\/users\/1"}],"replies":[{"embeddable":true,"href":"https:\/\/pixmill.ee\/fi\/wp-json\/wp\/v2\/comments?post=1516"}],"version-history":[{"count":3,"href":"https:\/\/pixmill.ee\/fi\/wp-json\/wp\/v2\/pages\/1516\/revisions"}],"predecessor-version":[{"id":2128,"href":"https:\/\/pixmill.ee\/fi\/wp-json\/wp\/v2\/pages\/1516\/revisions\/2128"}],"up":[{"embeddable":true,"href":"https:\/\/pixmill.ee\/fi\/wp-json\/wp\/v2\/pages\/1520"}],"wp:featuredmedia":[{"embeddable":true,"href":"https:\/\/pixmill.ee\/fi\/wp-json\/wp\/v2\/media\/1518"}],"wp:attachment":[{"href":"https:\/\/pixmill.ee\/fi\/wp-json\/wp\/v2\/media?parent=1516"}],"curies":[{"name":"wp","href":"https:\/\/api.w.org\/{rel}","templated":true}]}}