{"id":1512,"date":"2026-02-27T11:48:35","date_gmt":"2026-02-27T09:48:35","guid":{"rendered":"https:\/\/pixmill.ee\/jatkusuutlikkus\/"},"modified":"2026-03-05T11:41:24","modified_gmt":"2026-03-05T09:41:24","slug":"kestavyys","status":"publish","type":"page","link":"https:\/\/pixmill.ee\/fi\/info\/kestavyys\/","title":{"rendered":"Kest\u00e4vyys"},"content":{"rendered":"<div class=\"ama-block block-bgcolor\">  <p class=\"has-medium-font-size wp-el\">Olemme painotalo ja tiedostamme, ett\u00e4 k\u00e4yt\u00e4mme p\u00e4ivitt\u00e4isess\u00e4 ty\u00f6ss\u00e4mme materiaaleja ja kemiallisia aineita, jotka eiv\u00e4t aina ole ymp\u00e4rist\u00f6yst\u00e4v\u00e4llisi\u00e4. Juuri siksi pid\u00e4mme t\u00e4rke\u00e4n\u00e4 toimia mahdollisimman vastuullisesti ja pit\u00e4\u00e4 kest\u00e4vyys jatkuvasti keski\u00f6ss\u00e4.<\/p>   <p class=\"wp-el\">Emme tilaa materiaaleja pelk\u00e4st\u00e4\u00e4n varastosaldon kasvattamiseksi, vaan pyrimme ensisijaisesti k\u00e4ytt\u00e4m\u00e4\u00e4n olemassa olevat varastot. Jos ne eiv\u00e4t riit\u00e4, tilaamme materiaalin kyseisen ty\u00f6n tarpeiden mukaan. N\u00e4in v\u00e4henn\u00e4mme ylij\u00e4\u00e4mi\u00e4 ja turhaa hukkaa.<\/p>   <p class=\"wp-el\">My\u00f6s pakkausmateriaalien osalta pyrimme olemaan mahdollisimman s\u00e4\u00e4steli\u00e4it\u00e4. Esimerkiksi pakkaamme bannereita usein painoj\u00e4\u00e4miin ja materiaaleihin, joihin ei en\u00e4\u00e4 voi painaa, mutta jotka sopivat erinomaisesti tuotteiden suojaamiseen.<\/p>   <p class=\"wp-el\">Lis\u00e4ksi tarjoamme my\u00f6s PVC-vapaita bannereita, jotka ovat ymp\u00e4rist\u00f6lle sopivampia ja vastaavat kaupunkitilassa jatkuvasti tiukentuvia vaatimuksia. T\u00e4m\u00e4 on erityisen t\u00e4rke\u00e4\u00e4 Tallinnassa, koska julkisessa tilassa PVC-materiaalista tehdyt ulkomainokset ovat kiellettyj\u00e4 ja suositaan turvallisempia ja paremmin kierr\u00e4tett\u00e4vi\u00e4 vaihtoehtoja. <a href=\"https:\/\/www.tallinn.ee\/et\/kesklinn\/uudis\/tallinn-keelustas-pvc-reklaamid-linnaruumis\" target=\"_blank\" rel=\"noopener\">https:\/\/www.tallinn.ee\/et\/kesklinn\/uudis\/tallinn-keelustas-pvc-reklaamid-linnaruumis<\/a><\/p>   <p class=\"wp-el\">PVC-vapaat bannerit on valmistettu materiaaleista, jotka eiv\u00e4t sis\u00e4ll\u00e4 haitallisia lis\u00e4aineita ja sopivat hyvin sek\u00e4 lyhytaikaisiin ett\u00e4 pidempiaikaisiin ratkaisuihin. Olemme valmiita painamaan n\u00e4ille materiaaleille ja autamme tarvittaessa valitsemaan ratkaisun, joka vastaa sek\u00e4 projektin tavoitteita ett\u00e4 paikallisia vaatimuksia.<\/p>   <p class=\"wp-el\">Pienet, tietoiset valinnat auttavat meit\u00e4 pienent\u00e4m\u00e4\u00e4n jalanj\u00e4lke\u00e4mme ja toimimaan vastuullisemmin jokaisessa projektissa.<\/p>  <\/div>","protected":false},"excerpt":{"rendered":"","protected":false},"author":1,"featured_media":0,"parent":1520,"menu_order":34,"comment_status":"closed","ping_status":"closed","template":"","meta":{"_acf_changed":false,"inline_featured_image":false,"footnotes":""},"class_list":["post-1512","page","type-page","status-publish","hentry"],"acf":[],"_links":{"self":[{"href":"https:\/\/pixmill.ee\/fi\/wp-json\/wp\/v2\/pages\/1512","targetHints":{"allow":["GET"]}}],"collection":[{"href":"https:\/\/pixmill.ee\/fi\/wp-json\/wp\/v2\/pages"}],"about":[{"href":"https:\/\/pixmill.ee\/fi\/wp-json\/wp\/v2\/types\/page"}],"author":[{"embeddable":true,"href":"https:\/\/pixmill.ee\/fi\/wp-json\/wp\/v2\/users\/1"}],"replies":[{"embeddable":true,"href":"https:\/\/pixmill.ee\/fi\/wp-json\/wp\/v2\/comments?post=1512"}],"version-history":[{"count":3,"href":"https:\/\/pixmill.ee\/fi\/wp-json\/wp\/v2\/pages\/1512\/revisions"}],"predecessor-version":[{"id":2077,"href":"https:\/\/pixmill.ee\/fi\/wp-json\/wp\/v2\/pages\/1512\/revisions\/2077"}],"up":[{"embeddable":true,"href":"https:\/\/pixmill.ee\/fi\/wp-json\/wp\/v2\/pages\/1520"}],"wp:attachment":[{"href":"https:\/\/pixmill.ee\/fi\/wp-json\/wp\/v2\/media?parent=1512"}],"curies":[{"name":"wp","href":"https:\/\/api.w.org\/{rel}","templated":true}]}}