{"id":1502,"date":"2026-03-03T12:21:01","date_gmt":"2026-03-03T10:21:01","guid":{"rendered":"https:\/\/pixmill.ee\/materjalid\/"},"modified":"2026-03-05T13:58:12","modified_gmt":"2026-03-05T11:58:12","slug":"materiaalit","status":"publish","type":"page","link":"https:\/\/pixmill.ee\/fi\/materiaalit\/","title":{"rendered":"Materiaalit"},"content":{"rendered":"<div class=\"ama-block block-cards is-style-slider progress-splide full-width\"><div class=\"block__body splide\" data-splide={\"gap\":\"1.25rem\",\"perPage\":4,\"rewind\":true,\"breakpoints\":{\"767\":{\"perPage\":1},\"991\":{\"perPage\":2},\"1279\":{\"perPage\":3}},\"pagination\":false,\"autoplay\":true}><div class=\"splide__track\"><ul class=\"splide__list\"><li class=\"splide__slide\"><div class=\"card-item\"><div class=\"is-content\"><p class=\"is-title\">Bannerit<\/p><div class=\"is-desc classic-editor\"><p>Meill\u00e4 on laaja valikoima erilaisia materiaaleja bannereiden valmistukseen, jotta voimme tarjota juuri sinun tarpeisiisi sopivan ratkaisun s\u00e4\u00e4olosuhteiden, tapahtuman tai erikoisratkaisun mukaan.<\/p>\n<\/div><\/div><div class=\"is-end\"><div class=\"wp-block-button is-style-readmore\"><a href=\"https:\/\/pixmill.ee\/fi\/materiaalikategoria\/bannerit\/\" class=\"wp-block-button__link\">Lue lis\u00e4\u00e4<\/a><\/div><img loading=\"lazy\" decoding=\"async\" width=\"120\" height=\"120\" src=\"https:\/\/pixmill.ee\/wp-content\/uploads\/2026\/03\/PVC-Blockout-120x120.jpeg\" class=\"attachment-thumbnail size-thumbnail\" alt=\"\" srcset=\"https:\/\/pixmill.ee\/wp-content\/uploads\/2026\/03\/PVC-Blockout-120x120.jpeg 120w, https:\/\/pixmill.ee\/wp-content\/uploads\/2026\/03\/PVC-Blockout-1170x1170.jpeg 1170w, https:\/\/pixmill.ee\/wp-content\/uploads\/2026\/03\/PVC-Blockout-768x768.jpeg 768w, https:\/\/pixmill.ee\/wp-content\/uploads\/2026\/03\/PVC-Blockout.jpeg 1600w\" sizes=\"auto, (max-width: 120px) 100vw, 120px\" \/><\/div><\/div><\/li><li class=\"splide__slide\"><div class=\"card-item\"><div class=\"is-content\"><p class=\"is-title\">Tekstiilit<\/p><div class=\"is-desc classic-editor\"><p>Tarjoamme laadukkaita tekstiilimateriaaleja sek\u00e4 sis\u00e4- ett\u00e4 ulkok\u00e4ytt\u00f6\u00f6n. Valikoimassa on eri painoisia ja viimeisteltyj\u00e4 kankaita, jotka sopivat erinomaisesti messuosastoille, taustaseiniksi, koristeellisiin ratkaisuihin sek\u00e4 mainospinnoiksi.<\/p>\n<\/div><\/div><div class=\"is-end\"><div class=\"wp-block-button is-style-readmore\"><a href=\"https:\/\/pixmill.ee\/fi\/materiaalikategoria\/tekstiilit\/\" class=\"wp-block-button__link\">Lue lis\u00e4\u00e4<\/a><\/div><img loading=\"lazy\" decoding=\"async\" width=\"120\" height=\"120\" src=\"https:\/\/pixmill.ee\/wp-content\/uploads\/2026\/03\/Decotex-120x120.jpeg\" class=\"attachment-thumbnail size-thumbnail\" alt=\"\" srcset=\"https:\/\/pixmill.ee\/wp-content\/uploads\/2026\/03\/Decotex-120x120.jpeg 120w, https:\/\/pixmill.ee\/wp-content\/uploads\/2026\/03\/Decotex-1170x1170.jpeg 1170w, https:\/\/pixmill.ee\/wp-content\/uploads\/2026\/03\/Decotex-768x768.jpeg 768w, https:\/\/pixmill.ee\/wp-content\/uploads\/2026\/03\/Decotex.jpeg 1600w\" sizes=\"auto, (max-width: 120px) 100vw, 120px\" \/><\/div><\/div><\/li><li class=\"splide__slide\"><div class=\"card-item\"><div class=\"is-content\"><p class=\"is-title\">Levymateriaalit<\/p><div class=\"is-desc classic-editor\"><p>Levymateriaalit soveltuvat kest\u00e4vien ja ammattimaisten mainosratkaisujen toteuttamiseen. Valikoimassa on eri paksuisia ja vahvuisia levyj\u00e4 sek\u00e4 sis\u00e4- ett\u00e4 ulkok\u00e4ytt\u00f6\u00f6n.<\/p>\n<\/div><\/div><div class=\"is-end\"><div class=\"wp-block-button is-style-readmore\"><a href=\"https:\/\/pixmill.ee\/fi\/materiaalikategoria\/levyt\/\" class=\"wp-block-button__link\">Lue lis\u00e4\u00e4<\/a><\/div><\/div><\/div><\/li><li class=\"splide__slide\"><div class=\"card-item\"><div class=\"is-content\"><p class=\"is-title\">Tarrat ja paperit<\/p><div class=\"is-desc classic-editor\"><p>Vaihtoehtoja on mattapinnasta kiilt\u00e4v\u00e4\u00e4n. L\u00e4het\u00e4 meille oma suunnittelusi ja erityistoiveesi, niin l\u00f6yd\u00e4mme juuri sinulle sopivan ratkaisun.<\/p>\n<\/div><\/div><div class=\"is-end\"><div class=\"wp-block-button is-style-readmore\"><a href=\"https:\/\/pixmill.ee\/fi\/materiaalikategoria\/tarrat-ja-paperit\/\" class=\"wp-block-button__link\">Lue lis\u00e4\u00e4<\/a><\/div><\/div><\/div><\/li><\/ul><\/div><div class=\"splide__arrows progress-arrows\"><button class=\"splide__arrow splide__arrow--prev\"><svg width=\"12\" height=\"22\" viewBox=\"0 0 12 22\" fill=\"none\" xmlns=\"http:\/\/www.w3.org\/2000\/svg\"><path d=\"M11 1L1 11L11 21\" stroke=\"currentColor\" stroke-width=\"2\" stroke-linecap=\"round\" stroke-linejoin=\"round\"\/><\/svg><\/button><div class=\"splide__progress\"><span class=\"splide__progress-bar\"><\/span><\/div><button class=\"splide__arrow splide__arrow--next\"><svg width=\"12\" height=\"22\" viewBox=\"0 0 12 22\" fill=\"none\" xmlns=\"http:\/\/www.w3.org\/2000\/svg\"><path d=\"M1 1L11 11L1 21\" stroke=\"currentColor\" stroke-width=\"2\" stroke-linecap=\"round\" stroke-linejoin=\"round\"\/><\/svg><\/button><\/div><\/div><\/div>","protected":false},"excerpt":{"rendered":"","protected":false},"author":1,"featured_media":0,"parent":0,"menu_order":8,"comment_status":"closed","ping_status":"closed","template":"","meta":{"_acf_changed":false,"inline_featured_image":false,"footnotes":""},"class_list":["post-1502","page","type-page","status-publish","hentry"],"acf":[],"_links":{"self":[{"href":"https:\/\/pixmill.ee\/fi\/wp-json\/wp\/v2\/pages\/1502","targetHints":{"allow":["GET"]}}],"collection":[{"href":"https:\/\/pixmill.ee\/fi\/wp-json\/wp\/v2\/pages"}],"about":[{"href":"https:\/\/pixmill.ee\/fi\/wp-json\/wp\/v2\/types\/page"}],"author":[{"embeddable":true,"href":"https:\/\/pixmill.ee\/fi\/wp-json\/wp\/v2\/users\/1"}],"replies":[{"embeddable":true,"href":"https:\/\/pixmill.ee\/fi\/wp-json\/wp\/v2\/comments?post=1502"}],"version-history":[{"count":3,"href":"https:\/\/pixmill.ee\/fi\/wp-json\/wp\/v2\/pages\/1502\/revisions"}],"predecessor-version":[{"id":2271,"href":"https:\/\/pixmill.ee\/fi\/wp-json\/wp\/v2\/pages\/1502\/revisions\/2271"}],"wp:attachment":[{"href":"https:\/\/pixmill.ee\/fi\/wp-json\/wp\/v2\/media?parent=1502"}],"curies":[{"name":"wp","href":"https:\/\/api.w.org\/{rel}","templated":true}]}}